{"id":92,"date":"2026-03-22T10:34:08","date_gmt":"2026-03-22T10:34:08","guid":{"rendered":"https:\/\/shivasex.site.geonovation.tech\/?product=lelo-masajeador-sonico-de-clitoris-2"},"modified":"2026-03-22T10:34:11","modified_gmt":"2026-03-22T10:34:11","slug":"lelo-masajeador-sonico-de-clitoris-2","status":"publish","type":"product","link":"https:\/\/shibasex.com\/?product=lelo-masajeador-sonico-de-clitoris-2","title":{"rendered":"LELO &#8211;  MASAJEADOR S\u00d3NICO DE CL\u00cdTORIS"},"content":{"rendered":"<p><strong>SONA\u2122 3 Cruise<\/strong> \u00e8 uno stimolatore clitorideo sonico dotato di tecnologia Cruise Control\u2122 per garantire un&#39;intensit\u00e0 costante durante l&#39;uso. Offre dieci modalit\u00e0 di piacere e la possibilit\u00e0 di modificare i livelli di intensit\u00e0 con il massimo comfort grazie alla nuova tecnologia SmoothRise\u2122. La sua superficie in silicone ultra morbido offre un comfort eccezionale durante l&#39;uso, rendendolo perfetto per un piacere intenso e ininterrotto.<\/p>\n<p> Per un&#39;esperienza ancora migliore, attiva l&#39;app LELO\u2122 per sbloccare due modalit\u00e0 esclusive e la funzione Love Bridge, pensata per le connessioni a lunga distanza.<\/p>\n<p> <strong>SONA\u2122 3 Cruise<\/strong> ti offre:<\/p>\n<ul>\n<li> <strong>TECNOLOGIE SENSONIC\u2122 E CRUISE CONTROL\u2122<\/strong> : la tecnologia SenSonic\u2122 utilizza delicate onde soniche per stimolare intensamente il clitoride senza contatto diretto. La tecnologia Cruise Control\u2122 aumenta automaticamente l&#39;intensit\u00e0 quando il dispositivo viene premuto saldamente contro il corpo, garantendo un piacere controllato e costante in ogni momento.<\/li>\n<li> <strong>TECNOLOGIA SMOOTHRISE\u2122<\/strong> : transizione graduale tra diverse modalit\u00e0 di intensit\u00e0 per il massimo comfort.<\/li>\n<li> <strong>CONNETTIVIT\u00c0 APP<\/strong> : Sblocca due modalit\u00e0 aggiuntive (&quot;Finish Me O&quot; e &quot;Out Of Control&quot;) o usa la funzione Love Bridge nell&#39;app LELO\u2122 per rimanere in contatto con il tuo partner quando siete lontani.<\/li>\n<li> <strong>SILICONE ULTRA-MORBIDO<\/strong> : Abbandonati al silicone eccezionalmente delicato e ultra-morbido che si adatta alle curve del tuo corpo e imita la naturale morbidezza della pelle.<\/li>\n<li> <strong>DODICI POTENTI MODALIT\u00c0 DI PIACERE<\/strong> : Il dispositivo include dieci modalit\u00e0 con diversi livelli di intensit\u00e0, offrendoti il massimo controllo sulle sensazioni. Connettiti all&#39;app LELO\u2122 per sbloccare due modalit\u00e0 aggiuntive.<\/li>\n<\/ul>\n<p> <u><strong>CARATTERISTICHE<\/strong><\/u> :<\/p>\n<ul>\n<li> <strong>Materiali<\/strong> : silicone sicuro per il corpo e plastica ABS<\/li>\n<li> <strong>Finitura<\/strong> : soft-touch<\/li>\n<li> <strong>Dimensioni<\/strong> : 112 x 51 x 55 mm<\/li>\n<li> <strong>Peso<\/strong> : 128 g<\/li>\n<li> <strong>Batteria<\/strong> : agli ioni di litio 520 mAh 3,7 V<\/li>\n<li> <strong>Ricarica<\/strong> : fino a 2 ore a 5,0 V 520 mA<\/li>\n<li> <strong>Potenza nominale<\/strong> :\n<ul>\n<li> Ingresso: 5 V 520 mA 2,6 W<\/li>\n<li> Uscita: 3,7 V 220 mA 0,8 W<\/li>\n<\/ul>\n<\/li>\n<li> <strong>Tempo di utilizzo<\/strong> : fino a 2 ore<\/li>\n<li> <strong>Tempo di standby<\/strong> : 90 giorni<\/li>\n<li> <strong>Livello massimo di rumore<\/strong> : &lt; 60 dB<\/li>\n<li> <strong>Interfaccia<\/strong> : 3 pulsanti<\/li>\n<\/ul>\n<p> <strong>LELO<\/strong> si \u00e8 affermato come marchio leader nel settore del piacere di lusso per design, innovazione, tecnologia e reputazione. Ma LELO \u00e8 molto pi\u00f9 di un semplice marchio di giocattoli per il piacere: \u00e8 un movimento per la cura di s\u00e9, per coloro che sanno che la soddisfazione trascende genere, orientamento sessuale, razza ed et\u00e0. Offriamo l&#39;esperienza di un&#39;estasi senza vergogna e la gioia di scoprire tutte le meraviglie del proprio corpo, dando ai nostri clienti la sicurezza di vivere una vita intima appagante.<\/p>\n","protected":false},"excerpt":{"rendered":"<p>SONA\u2122 3 Cruise \u00e8 uno stimolatore clitorideo sonico dotato di tecnologia Cruise Control\u2122 per garantire un&#39;intensit\u00e0 costante durante l&#39;uso. Offre dieci modalit\u00e0 di piacere e la possibilit\u00e0 di modificare i livelli di intensit\u00e0 con il massimo comfort grazie alla nuova tecnologia SmoothRise\u2122. La sua superficie in silicone ultra morbido offre un comfort eccezionale durante l&#39;uso, [&hellip;]<\/p>\n","protected":false},"featured_media":91,"comment_status":"open","ping_status":"closed","template":"","meta":[],"product_brand":[],"product_cat":[33],"product_tag":[],"class_list":{"0":"post-92","1":"product","2":"type-product","3":"status-publish","4":"has-post-thumbnail","6":"product_cat-massaggiatori","8":"first","9":"outofstock","10":"shipping-taxable","11":"product-type-variable"},"_cost_price":"","_links":{"self":[{"href":"https:\/\/shibasex.com\/index.php?rest_route=\/wp\/v2\/product\/92","targetHints":{"allow":["GET"]}}],"collection":[{"href":"https:\/\/shibasex.com\/index.php?rest_route=\/wp\/v2\/product"}],"about":[{"href":"https:\/\/shibasex.com\/index.php?rest_route=\/wp\/v2\/types\/product"}],"replies":[{"embeddable":true,"href":"https:\/\/shibasex.com\/index.php?rest_route=%2Fwp%2Fv2%2Fcomments&post=92"}],"wp:featuredmedia":[{"embeddable":true,"href":"https:\/\/shibasex.com\/index.php?rest_route=\/wp\/v2\/media\/91"}],"wp:attachment":[{"href":"https:\/\/shibasex.com\/index.php?rest_route=%2Fwp%2Fv2%2Fmedia&parent=92"}],"wp:term":[{"taxonomy":"product_brand","embeddable":true,"href":"https:\/\/shibasex.com\/index.php?rest_route=%2Fwp%2Fv2%2Fproduct_brand&post=92"},{"taxonomy":"product_cat","embeddable":true,"href":"https:\/\/shibasex.com\/index.php?rest_route=%2Fwp%2Fv2%2Fproduct_cat&post=92"},{"taxonomy":"product_tag","embeddable":true,"href":"https:\/\/shibasex.com\/index.php?rest_route=%2Fwp%2Fv2%2Fproduct_tag&post=92"}],"curies":[{"name":"wp","href":"https:\/\/api.w.org\/{rel}","templated":true}]}}