{"id":8053,"date":"2026-04-09T20:05:46","date_gmt":"2026-04-09T20:05:46","guid":{"rendered":"https:\/\/shibasex.com\/?product=pretty-love-vibratore-coniglio-killmoulis-12-modalita-di-vibrazione-viola"},"modified":"2026-04-09T20:06:07","modified_gmt":"2026-04-09T20:06:07","slug":"pretty-love-vibratore-coniglio-killmoulis-12-modalita-di-vibrazione-viola","status":"publish","type":"product","link":"https:\/\/shibasex.com\/?product=pretty-love-vibratore-coniglio-killmoulis-12-modalita-di-vibrazione-viola","title":{"rendered":"PRETTY LOVE &#8211; VIBRATORE CONIGLIO KILLMOULIS 12 MODALIT\u00c0 DI VIBRAZIONE VIOLA"},"content":{"rendered":"<p><strong>BELLISSIMO AMORE BW-500064<\/strong><br \/> Aggiungi uno spruzzo del tuo lubrificante preferito a base d&#39;acqua per far scivolare il giocattolo in silicone setoso nel posto giusto. La funzione lingua eccezionale scatta con 4 impostazioni e 12 modalit\u00e0 di vibrazione. Un potente motore scatta avanti e indietro, fornendoti una stimolazione interna che ti far\u00e0 tremare. La testa di coniglio fornisce una stimolazione extra e ti regaler\u00e0 sensazioni diverse in assoluto!<\/p>\n<p> <u><strong>CARATTERISTICHE<\/strong><\/u> :<\/p>\n<ul>\n<li> Funzione: 12 funzioni di vibrazione 4 impostazioni di oscillazione<\/li>\n<li> Materiale: silicone<\/li>\n<li> Alimentazione: ricarica USB magnetica<\/li>\n<\/ul>\n","protected":false},"excerpt":{"rendered":"<p>BELLISSIMO AMORE BW-500064 Aggiungi uno spruzzo del tuo lubrificante preferito a base d&#39;acqua per far scivolare il giocattolo in silicone setoso nel posto giusto. La funzione lingua eccezionale scatta con 4 impostazioni e 12 modalit\u00e0 di vibrazione. Un potente motore scatta avanti e indietro, fornendoti una stimolazione interna che ti far\u00e0 tremare. La testa di [&hellip;]<\/p>\n","protected":false},"featured_media":8052,"comment_status":"open","ping_status":"closed","template":"","meta":[],"product_brand":[],"product_cat":[126],"product_tag":[],"class_list":{"0":"post-8053","1":"product","2":"type-product","3":"status-publish","4":"has-post-thumbnail","6":"product_cat-vibratori-rabbit","8":"first","9":"instock","10":"shipping-taxable","11":"purchasable","12":"product-type-simple"},"_cost_price":"","_links":{"self":[{"href":"https:\/\/shibasex.com\/index.php?rest_route=\/wp\/v2\/product\/8053","targetHints":{"allow":["GET"]}}],"collection":[{"href":"https:\/\/shibasex.com\/index.php?rest_route=\/wp\/v2\/product"}],"about":[{"href":"https:\/\/shibasex.com\/index.php?rest_route=\/wp\/v2\/types\/product"}],"replies":[{"embeddable":true,"href":"https:\/\/shibasex.com\/index.php?rest_route=%2Fwp%2Fv2%2Fcomments&post=8053"}],"wp:featuredmedia":[{"embeddable":true,"href":"https:\/\/shibasex.com\/index.php?rest_route=\/wp\/v2\/media\/8052"}],"wp:attachment":[{"href":"https:\/\/shibasex.com\/index.php?rest_route=%2Fwp%2Fv2%2Fmedia&parent=8053"}],"wp:term":[{"taxonomy":"product_brand","embeddable":true,"href":"https:\/\/shibasex.com\/index.php?rest_route=%2Fwp%2Fv2%2Fproduct_brand&post=8053"},{"taxonomy":"product_cat","embeddable":true,"href":"https:\/\/shibasex.com\/index.php?rest_route=%2Fwp%2Fv2%2Fproduct_cat&post=8053"},{"taxonomy":"product_tag","embeddable":true,"href":"https:\/\/shibasex.com\/index.php?rest_route=%2Fwp%2Fv2%2Fproduct_tag&post=8053"}],"curies":[{"name":"wp","href":"https:\/\/api.w.org\/{rel}","templated":true}]}}