{"id":8027,"date":"2026-04-09T20:04:03","date_gmt":"2026-04-09T20:04:03","guid":{"rendered":"https:\/\/shibasex.com\/?product=satisfyer-air-pump-bunny-1-vibratore-gonfiabile-coniglio-blu"},"modified":"2026-04-09T20:04:15","modified_gmt":"2026-04-09T20:04:15","slug":"satisfyer-air-pump-bunny-1-vibratore-gonfiabile-coniglio-blu","status":"publish","type":"product","link":"https:\/\/shibasex.com\/?product=satisfyer-air-pump-bunny-1-vibratore-gonfiabile-coniglio-blu","title":{"rendered":"SATISFYER &#8211; AIR PUMP BUNNY 1 VIBRATORE GONFIABILE CONIGLIO BLU"},"content":{"rendered":"<p><strong>CONIGLIETTO POMPA ARIA 1<\/strong><\/p>\n<p> Una pompa potente&#8230; L&#39;Air Pump Bunny 1 \u00e8 un vibratore a forma di coniglio gonfiabile versatile che \u00e8 qui per soddisfare. Con un&#39;impugnatura ad anello per un facile utilizzo, un albero gonfiabile per una stimolazione mirata del punto G e uno stimolatore clitorideo aggiuntivo, sperimenta sensazioni di riempimento come mai prima! Ideale per i cercatori di piacere esperti, i motori potenti e intensi e il diametro aumentato dell&#39;albero gonfiabile non lasciano nulla a desiderare.<\/p>\n<p> L&#39;asta \u00e8 solida e inflessibile, con una forma appuntita con un bordo, ma una volta gonfiata, la superficie della punta \u00e8 leggermente malleabile. Corri il rischio e personalizza il gonfiaggio per adattarlo perfettamente al tuo corpo, poich\u00e9 Air Pump Bunny 1 \u00e8 costruito per aumentare lentamente il livello di intensit\u00e0 e dimensione. Se non sei dell&#39;umore giusto per la sensazione pi\u00f9 completa, puoi facilmente usare Air Pump Bunny 1 anche come un normale vibratore.<\/p>\n<p> L&#39;Air Pump Bunny 1 si gonfia in meno di 12 secondi e pu\u00f2 essere facilmente regolato durante il processo di riempimento. Per riempire, basta premere ripetutamente il pulsante di riempimento, per rilasciare, basta fare doppio clic. Controlla anche le 12 diverse impostazioni di vibrazione all&#39;interno dei due potenti motori utilizzando i pulsanti +\/-. L&#39;Air Pump Bunny 1 \u00e8 realizzato in silicone sicuro per il corpo ed \u00e8 ricaricabile. Pompa!<\/p>\n<p> <u><strong>CARATTERISTICHE:<\/strong><\/u><\/p>\n<ul>\n<li> 12 programmi di vibrazione<\/li>\n<li> Gonfiaggio: &lt;12 secondi (pulsante di gonfiaggio)<\/li>\n<li> Scarico dell&#39;aria: doppio clic<\/li>\n<li> Materiale: silicone sicuro per il corpo<\/li>\n<li> Potenza: ricaricabile<\/li>\n<\/ul>\n","protected":false},"excerpt":{"rendered":"<p>CONIGLIETTO POMPA ARIA 1 Una pompa potente&#8230; L&#39;Air Pump Bunny 1 \u00e8 un vibratore a forma di coniglio gonfiabile versatile che \u00e8 qui per soddisfare. Con un&#39;impugnatura ad anello per un facile utilizzo, un albero gonfiabile per una stimolazione mirata del punto G e uno stimolatore clitorideo aggiuntivo, sperimenta sensazioni di riempimento come mai prima! [&hellip;]<\/p>\n","protected":false},"featured_media":8026,"comment_status":"open","ping_status":"closed","template":"","meta":[],"product_brand":[],"product_cat":[126],"product_tag":[],"class_list":{"0":"post-8027","1":"product","2":"type-product","3":"status-publish","4":"has-post-thumbnail","6":"product_cat-vibratori-rabbit","8":"first","9":"instock","10":"shipping-taxable","11":"purchasable","12":"product-type-simple"},"_cost_price":"","_links":{"self":[{"href":"https:\/\/shibasex.com\/index.php?rest_route=\/wp\/v2\/product\/8027","targetHints":{"allow":["GET"]}}],"collection":[{"href":"https:\/\/shibasex.com\/index.php?rest_route=\/wp\/v2\/product"}],"about":[{"href":"https:\/\/shibasex.com\/index.php?rest_route=\/wp\/v2\/types\/product"}],"replies":[{"embeddable":true,"href":"https:\/\/shibasex.com\/index.php?rest_route=%2Fwp%2Fv2%2Fcomments&post=8027"}],"wp:featuredmedia":[{"embeddable":true,"href":"https:\/\/shibasex.com\/index.php?rest_route=\/wp\/v2\/media\/8026"}],"wp:attachment":[{"href":"https:\/\/shibasex.com\/index.php?rest_route=%2Fwp%2Fv2%2Fmedia&parent=8027"}],"wp:term":[{"taxonomy":"product_brand","embeddable":true,"href":"https:\/\/shibasex.com\/index.php?rest_route=%2Fwp%2Fv2%2Fproduct_brand&post=8027"},{"taxonomy":"product_cat","embeddable":true,"href":"https:\/\/shibasex.com\/index.php?rest_route=%2Fwp%2Fv2%2Fproduct_cat&post=8027"},{"taxonomy":"product_tag","embeddable":true,"href":"https:\/\/shibasex.com\/index.php?rest_route=%2Fwp%2Fv2%2Fproduct_tag&post=8027"}],"curies":[{"name":"wp","href":"https:\/\/api.w.org\/{rel}","templated":true}]}}