{"id":8005,"date":"2026-04-09T20:03:12","date_gmt":"2026-04-09T20:03:12","guid":{"rendered":"https:\/\/shibasex.com\/?product=pretty-love-scocco-vibratore-coniglio-turchese"},"modified":"2026-04-09T20:03:36","modified_gmt":"2026-04-09T20:03:36","slug":"pretty-love-scocco-vibratore-coniglio-turchese","status":"publish","type":"product","link":"https:\/\/shibasex.com\/?product=pretty-love-scocco-vibratore-coniglio-turchese","title":{"rendered":"PRETTY LOVE &#8211; SCOCCO VIBRATORE CONIGLIO TURCHESE"},"content":{"rendered":"<p><strong>BELLISSIMO AMORE BW-500060-1<\/strong><br \/> Goditi notti infinite di piacere incredibile con questo elegante vibratore. Questo vibratore rabbit \u00e8 modellato con una bella e curva testa pieghevole che fornir\u00e0 una stimolazione intensa per tutti i tuoi punti di piacere. Ti ritroverai a desiderare di pi\u00f9 non appena avrai finito, con la sensazione realistica e la vibrazione di lunga durata, puoi andare avanti tutta la notte.<\/p>\n<p> <b><u>CARATTERISTICHE:<\/u><\/b><\/p>\n<ul>\n<li> <strong>Funzione<\/strong> : 10 funzioni di vibrazione<\/li>\n<li> <strong>Forza<\/strong> : ricarica USB magnetica<\/li>\n<li> <strong>Materiale<\/strong> : Silicone<\/li>\n<\/ul>\n","protected":false},"excerpt":{"rendered":"<p>BELLISSIMO AMORE BW-500060-1 Goditi notti infinite di piacere incredibile con questo elegante vibratore. Questo vibratore rabbit \u00e8 modellato con una bella e curva testa pieghevole che fornir\u00e0 una stimolazione intensa per tutti i tuoi punti di piacere. Ti ritroverai a desiderare di pi\u00f9 non appena avrai finito, con la sensazione realistica e la vibrazione di [&hellip;]<\/p>\n","protected":false},"featured_media":8004,"comment_status":"open","ping_status":"closed","template":"","meta":[],"product_brand":[],"product_cat":[126],"product_tag":[],"class_list":{"0":"post-8005","1":"product","2":"type-product","3":"status-publish","4":"has-post-thumbnail","6":"product_cat-vibratori-rabbit","8":"first","9":"instock","10":"shipping-taxable","11":"purchasable","12":"product-type-simple"},"_cost_price":"","_links":{"self":[{"href":"https:\/\/shibasex.com\/index.php?rest_route=\/wp\/v2\/product\/8005","targetHints":{"allow":["GET"]}}],"collection":[{"href":"https:\/\/shibasex.com\/index.php?rest_route=\/wp\/v2\/product"}],"about":[{"href":"https:\/\/shibasex.com\/index.php?rest_route=\/wp\/v2\/types\/product"}],"replies":[{"embeddable":true,"href":"https:\/\/shibasex.com\/index.php?rest_route=%2Fwp%2Fv2%2Fcomments&post=8005"}],"wp:featuredmedia":[{"embeddable":true,"href":"https:\/\/shibasex.com\/index.php?rest_route=\/wp\/v2\/media\/8004"}],"wp:attachment":[{"href":"https:\/\/shibasex.com\/index.php?rest_route=%2Fwp%2Fv2%2Fmedia&parent=8005"}],"wp:term":[{"taxonomy":"product_brand","embeddable":true,"href":"https:\/\/shibasex.com\/index.php?rest_route=%2Fwp%2Fv2%2Fproduct_brand&post=8005"},{"taxonomy":"product_cat","embeddable":true,"href":"https:\/\/shibasex.com\/index.php?rest_route=%2Fwp%2Fv2%2Fproduct_cat&post=8005"},{"taxonomy":"product_tag","embeddable":true,"href":"https:\/\/shibasex.com\/index.php?rest_route=%2Fwp%2Fv2%2Fproduct_tag&post=8005"}],"curies":[{"name":"wp","href":"https:\/\/api.w.org\/{rel}","templated":true}]}}