{"id":7982,"date":"2026-04-09T20:02:15","date_gmt":"2026-04-09T20:02:15","guid":{"rendered":"https:\/\/shibasex.com\/?product=pretty-love-dj-scholar-massaggiatore-5-impostazioni-viola"},"modified":"2026-04-09T20:02:42","modified_gmt":"2026-04-09T20:02:42","slug":"pretty-love-dj-scholar-massaggiatore-5-impostazioni-viola","status":"publish","type":"product","link":"https:\/\/shibasex.com\/?product=pretty-love-dj-scholar-massaggiatore-5-impostazioni-viola","title":{"rendered":"PRETTY LOVE &#8211; DJ SCHOLAR MASSAGGIATORE 5 IMPOSTAZIONI VIOLA"},"content":{"rendered":"<p><strong>BELLISSIMO AMORE BW-055028<\/strong><br \/> Questa pistola per massaggi super potente \u00e8 dotata di 5 impostazioni di spinta e testina in silicone sostituibile. La cosa pi\u00f9 importante \u00e8 il motore pi\u00f9 potente all&#39;interno della pistola per massaggi che ti regaler\u00e0 l&#39;esperienza erotica pi\u00f9 potente e un&#39;incredibile vibrazione e sensazione di spinta. Se preferisci i tuoi giocattoli con caratteristiche potenti, scegli l&#39;ultima pistola per massaggi super potente di Pretty Love, risolver\u00e0 e liberer\u00e0 tutto lo stress e ti dar\u00e0 un piacere impressionante e grandioso.<\/p>\n<p> <u><strong>Caratteristiche:<\/strong><\/u><\/p>\n<ul>\n<li> Funzione: 5 impostazioni di spinta<\/li>\n<li> Alimentazione: ricarica USB Type-C<\/li>\n<li> Materiale: silicone ABS<\/li>\n<li> Viola<\/li>\n<\/ul>\n<p> Pretty Love realizza prodotti di alta qualit\u00e0. Hanno una garanzia di 1 anno sui difetti tecnici.<\/p>\n","protected":false},"excerpt":{"rendered":"<p>BELLISSIMO AMORE BW-055028 Questa pistola per massaggi super potente \u00e8 dotata di 5 impostazioni di spinta e testina in silicone sostituibile. La cosa pi\u00f9 importante \u00e8 il motore pi\u00f9 potente all&#39;interno della pistola per massaggi che ti regaler\u00e0 l&#39;esperienza erotica pi\u00f9 potente e un&#39;incredibile vibrazione e sensazione di spinta. Se preferisci i tuoi giocattoli con [&hellip;]<\/p>\n","protected":false},"featured_media":7981,"comment_status":"open","ping_status":"closed","template":"","meta":[],"product_brand":[],"product_cat":[33],"product_tag":[],"class_list":{"0":"post-7982","1":"product","2":"type-product","3":"status-publish","4":"has-post-thumbnail","6":"product_cat-massaggiatori","8":"first","9":"instock","10":"shipping-taxable","11":"purchasable","12":"product-type-simple"},"_cost_price":"","_links":{"self":[{"href":"https:\/\/shibasex.com\/index.php?rest_route=\/wp\/v2\/product\/7982","targetHints":{"allow":["GET"]}}],"collection":[{"href":"https:\/\/shibasex.com\/index.php?rest_route=\/wp\/v2\/product"}],"about":[{"href":"https:\/\/shibasex.com\/index.php?rest_route=\/wp\/v2\/types\/product"}],"replies":[{"embeddable":true,"href":"https:\/\/shibasex.com\/index.php?rest_route=%2Fwp%2Fv2%2Fcomments&post=7982"}],"wp:featuredmedia":[{"embeddable":true,"href":"https:\/\/shibasex.com\/index.php?rest_route=\/wp\/v2\/media\/7981"}],"wp:attachment":[{"href":"https:\/\/shibasex.com\/index.php?rest_route=%2Fwp%2Fv2%2Fmedia&parent=7982"}],"wp:term":[{"taxonomy":"product_brand","embeddable":true,"href":"https:\/\/shibasex.com\/index.php?rest_route=%2Fwp%2Fv2%2Fproduct_brand&post=7982"},{"taxonomy":"product_cat","embeddable":true,"href":"https:\/\/shibasex.com\/index.php?rest_route=%2Fwp%2Fv2%2Fproduct_cat&post=7982"},{"taxonomy":"product_tag","embeddable":true,"href":"https:\/\/shibasex.com\/index.php?rest_route=%2Fwp%2Fv2%2Fproduct_tag&post=7982"}],"curies":[{"name":"wp","href":"https:\/\/api.w.org\/{rel}","templated":true}]}}