{"id":7970,"date":"2026-04-09T20:01:45","date_gmt":"2026-04-09T20:01:45","guid":{"rendered":"https:\/\/shibasex.com\/?product=pretty-love-dj-doctor-massaggiatore-5-impostazioni-nero"},"modified":"2026-04-09T20:02:10","modified_gmt":"2026-04-09T20:02:10","slug":"pretty-love-dj-doctor-massaggiatore-5-impostazioni-nero","status":"publish","type":"product","link":"https:\/\/shibasex.com\/?product=pretty-love-dj-doctor-massaggiatore-5-impostazioni-nero","title":{"rendered":"PRETTY LOVE &#8211; DJ DOCTOR MASSAGGIATORE 5 IMPOSTAZIONI NERO"},"content":{"rendered":"<p><strong>BELLISSIMO AMORE BW-055029<\/strong><br \/> Questa pistola per massaggi super potente \u00e8 dotata di 5 impostazioni di spinta e testina in silicone sostituibile. La cosa pi\u00f9 importante \u00e8 il motore pi\u00f9 potente all&#39;interno della pistola per massaggi che ti regaler\u00e0 l&#39;esperienza erotica pi\u00f9 potente e un&#39;incredibile vibrazione e sensazione di spinta. Se preferisci i tuoi giocattoli con caratteristiche potenti, scegli l&#39;ultima pistola per massaggi super potente di Pretty Love, risolver\u00e0 e liberer\u00e0 tutto lo stress e ti dar\u00e0 un piacere impressionante e grandioso.<\/p>\n<p> <u><strong>Caratteristiche:<\/strong><\/u><\/p>\n<ul>\n<li> Funzione: 5 impostazioni di spinta<\/li>\n<li> Alimentazione: ricarica USB Type-C<\/li>\n<li> Materiale: silicone ABS<\/li>\n<li> Nero<\/li>\n<\/ul>\n<p> Pretty Love realizza prodotti di alta qualit\u00e0. Hanno una garanzia di 1 anno sui difetti tecnici.<\/p>\n","protected":false},"excerpt":{"rendered":"<p>BELLISSIMO AMORE BW-055029 Questa pistola per massaggi super potente \u00e8 dotata di 5 impostazioni di spinta e testina in silicone sostituibile. La cosa pi\u00f9 importante \u00e8 il motore pi\u00f9 potente all&#39;interno della pistola per massaggi che ti regaler\u00e0 l&#39;esperienza erotica pi\u00f9 potente e un&#39;incredibile vibrazione e sensazione di spinta. Se preferisci i tuoi giocattoli con [&hellip;]<\/p>\n","protected":false},"featured_media":7969,"comment_status":"open","ping_status":"closed","template":"","meta":[],"product_brand":[],"product_cat":[33],"product_tag":[],"class_list":{"0":"post-7970","1":"product","2":"type-product","3":"status-publish","4":"has-post-thumbnail","6":"product_cat-massaggiatori","8":"first","9":"instock","10":"shipping-taxable","11":"purchasable","12":"product-type-simple"},"_cost_price":"","_links":{"self":[{"href":"https:\/\/shibasex.com\/index.php?rest_route=\/wp\/v2\/product\/7970","targetHints":{"allow":["GET"]}}],"collection":[{"href":"https:\/\/shibasex.com\/index.php?rest_route=\/wp\/v2\/product"}],"about":[{"href":"https:\/\/shibasex.com\/index.php?rest_route=\/wp\/v2\/types\/product"}],"replies":[{"embeddable":true,"href":"https:\/\/shibasex.com\/index.php?rest_route=%2Fwp%2Fv2%2Fcomments&post=7970"}],"wp:featuredmedia":[{"embeddable":true,"href":"https:\/\/shibasex.com\/index.php?rest_route=\/wp\/v2\/media\/7969"}],"wp:attachment":[{"href":"https:\/\/shibasex.com\/index.php?rest_route=%2Fwp%2Fv2%2Fmedia&parent=7970"}],"wp:term":[{"taxonomy":"product_brand","embeddable":true,"href":"https:\/\/shibasex.com\/index.php?rest_route=%2Fwp%2Fv2%2Fproduct_brand&post=7970"},{"taxonomy":"product_cat","embeddable":true,"href":"https:\/\/shibasex.com\/index.php?rest_route=%2Fwp%2Fv2%2Fproduct_cat&post=7970"},{"taxonomy":"product_tag","embeddable":true,"href":"https:\/\/shibasex.com\/index.php?rest_route=%2Fwp%2Fv2%2Fproduct_tag&post=7970"}],"curies":[{"name":"wp","href":"https:\/\/api.w.org\/{rel}","templated":true}]}}