{"id":7949,"date":"2026-04-09T20:00:51","date_gmt":"2026-04-09T20:00:51","guid":{"rendered":"https:\/\/shibasex.com\/?product=satisfyer-stimolatore-clitorideo-bold-kiss-wave-rosa-viola"},"modified":"2026-04-09T20:00:57","modified_gmt":"2026-04-09T20:00:57","slug":"satisfyer-stimolatore-clitorideo-bold-kiss-wave-rosa-viola","status":"publish","type":"product","link":"https:\/\/shibasex.com\/?product=satisfyer-stimolatore-clitorideo-bold-kiss-wave-rosa-viola","title":{"rendered":"SATISFYER &#8211; STIMOLATORE CLITORIDEO BOLD KISS WAVE ROSA \/ VIOLA"},"content":{"rendered":"<p>Mini massaggiatore clitorideo ad onde d&#39;aria, formato da viaggio, discreto, simile a un mascara o a un rossetto, si adatta perfettamente alla borsa o alla borsa stessa.<\/p>\n<ul>\n<li> Ricaricabile tramite USB tramite il cavo USB-C del tuo iPhone.<\/li>\n<li> Facile da usare e silenzioso, 3 velocit\u00e0 con 10 diverse modalit\u00e0 di onda di pressione dell&#39;aria.<\/li>\n<li> 3 x 10 programmi di onde di pressione<\/li>\n<li> Controllo del picco dell&#39;impulso d&#39;aria 3D<\/li>\n<li> Silicone delicato sul corpo<\/li>\n<li> Formato da viaggio<\/li>\n<li> Tranquillo<\/li>\n<li> Ricaricabile (USB-C), cavo NON incluso<\/li>\n<li> Questo dispositivo discreto e sottile si adatta perfettamente alla tua borsa o al tuo marsupio. Il Satisfyer 4D Magnetic Power Motor \u00e8 un dispositivo potente e facile da usare che sta nel palmo della tua mano ed \u00e8 perfetto per i viaggi.<\/li>\n<\/ul>\n<p> Con il nuovo motore brevettato 4D Magnetic Power, Satisfyer porta la stimolazione clitoridea contactless a un livello superiore. Questa tecnologia all&#39;avanguardia ridefinisce l&#39;esperienza sensoriale, offrendo una stimolazione silenziosa ma potente con delicate onde di pressione.<\/p>\n<p> La membrana interna di questo dispositivo pu\u00f2 essere spostata semplicemente premendo un pulsante: pi\u00f9 la membrana \u00e8 vicina all&#39;apertura, pi\u00f9 forti saranno le onde di pressione.<\/p>\n<p> Tre luci LED sulla parte anteriore indicano la posizione della membrana, cos\u00ec l&#39;utente sa facilmente a quale intensit\u00e0 \u00e8 accesa.<\/p>\n<p> \u2013 3 LED accesi: la membrana \u00e8 pi\u00f9 vicina all\u2019apertura, offrendo sensazioni intense e potenti.<br \/> \u2013 2 LED accesi: la membrana \u00e8 al centro, offrendo una forza d\u2019onda bilanciata.<br \/> \u2013 1 LED acceso: la membrana \u00e8 pi\u00f9 lontana, perfetta per un tocco pi\u00f9 morbido.<\/p>\n<p> Con 11 programmi di onde di pressione e 3 posizioni della membrana, hai 33 modi incredibili per esplorare i tuoi desideri.<\/p>\n<p> <u><strong>Caratteristiche principali<\/strong><\/u><\/p>\n<ul>\n<li> 33 programmi: 11 programmi di onde di pressione e 3 posizioni di membrana<\/li>\n<li> Con l&#39;innovativo motore magnetico 4D Power<\/li>\n<li> Porta di ricarica USB Type-C (cavo NON incluso)<\/li>\n<li> Pulsante LED per indicare la posizione della membrana<\/li>\n<li> Elegante design del rossetto con tappo igienico<\/li>\n<li> Realizzato in silicone delicato sulla pelle<\/li>\n<li> Impermeabile (IPX7)<\/li>\n<li> Garanzia di 15 anni<\/li>\n<\/ul><\/p>\n","protected":false},"excerpt":{"rendered":"<p>Mini massaggiatore clitorideo ad onde d&#39;aria, formato da viaggio, discreto, simile a un mascara o a un rossetto, si adatta perfettamente alla borsa o alla borsa stessa. Ricaricabile tramite USB tramite il cavo USB-C del tuo iPhone. Facile da usare e silenzioso, 3 velocit\u00e0 con 10 diverse modalit\u00e0 di onda di pressione dell&#39;aria. 3 x [&hellip;]<\/p>\n","protected":false},"featured_media":7948,"comment_status":"open","ping_status":"closed","template":"","meta":[],"product_brand":[],"product_cat":[142],"product_tag":[],"class_list":{"0":"post-7949","1":"product","2":"type-product","3":"status-publish","4":"has-post-thumbnail","6":"product_cat-per-il-clitoride","8":"first","9":"instock","10":"shipping-taxable","11":"purchasable","12":"product-type-simple"},"_cost_price":"","_links":{"self":[{"href":"https:\/\/shibasex.com\/index.php?rest_route=\/wp\/v2\/product\/7949","targetHints":{"allow":["GET"]}}],"collection":[{"href":"https:\/\/shibasex.com\/index.php?rest_route=\/wp\/v2\/product"}],"about":[{"href":"https:\/\/shibasex.com\/index.php?rest_route=\/wp\/v2\/types\/product"}],"replies":[{"embeddable":true,"href":"https:\/\/shibasex.com\/index.php?rest_route=%2Fwp%2Fv2%2Fcomments&post=7949"}],"wp:featuredmedia":[{"embeddable":true,"href":"https:\/\/shibasex.com\/index.php?rest_route=\/wp\/v2\/media\/7948"}],"wp:attachment":[{"href":"https:\/\/shibasex.com\/index.php?rest_route=%2Fwp%2Fv2%2Fmedia&parent=7949"}],"wp:term":[{"taxonomy":"product_brand","embeddable":true,"href":"https:\/\/shibasex.com\/index.php?rest_route=%2Fwp%2Fv2%2Fproduct_brand&post=7949"},{"taxonomy":"product_cat","embeddable":true,"href":"https:\/\/shibasex.com\/index.php?rest_route=%2Fwp%2Fv2%2Fproduct_cat&post=7949"},{"taxonomy":"product_tag","embeddable":true,"href":"https:\/\/shibasex.com\/index.php?rest_route=%2Fwp%2Fv2%2Fproduct_tag&post=7949"}],"curies":[{"name":"wp","href":"https:\/\/api.w.org\/{rel}","templated":true}]}}