{"id":7934,"date":"2026-04-09T19:59:44","date_gmt":"2026-04-09T19:59:44","guid":{"rendered":"https:\/\/shibasex.com\/?product=satisfyer-stimolatore-perfetto-kiss-wave-per-clitoride-nero-oro"},"modified":"2026-04-09T19:59:45","modified_gmt":"2026-04-09T19:59:45","slug":"satisfyer-stimolatore-perfetto-kiss-wave-per-clitoride-nero-oro","status":"publish","type":"product","link":"https:\/\/shibasex.com\/?product=satisfyer-stimolatore-perfetto-kiss-wave-per-clitoride-nero-oro","title":{"rendered":"SATISFYER &#8211; STIMOLATORE PERFETTO KISS WAVE PER CLITORIDE NERO \/ ORO"},"content":{"rendered":"<p>Il futuro del benessere sessuale \u00e8 in questo piccolo vibratore a onde di pressione. Grazie al potente Magnetic Power Engine, il Pro 2 Perfect Kiss non solo \u00e8 assolutamente silenzioso, ma ti offre anche l&#39;opportunit\u00e0 di personalizzare i tuoi momenti da solo proprio come li preferisci.<\/p>\n<p> \u00c8 possibile personalizzare la membrana interna semplicemente premendo un pulsante: pi\u00f9 \u00e8 vicina al clitoride, pi\u00f9 intensa sar\u00e0 la sensazione: da un tocco delicato a un&#39;intensit\u00e0 passionale.<\/p>\n<p> I LED sulla parte anteriore indicano la modalit\u00e0 utilizzata. La posizione \u00e8 la membrana.<\/p>\n<p> Con un totale di 11 intensit\u00e0 di onde di pressione per posizione della membrana, il Pro 2 Perfect Kiss offre 33 programmi diversi, in modo che sia i principianti sia i professionisti della soddisfazione possano divertirsi con questo piccolo giocattolo a impulsi d&#39;aria.<\/p>\n<p> Grazie al suo design impermeabile (IPX7), \u00e8 adatto anche per l&#39;uso sotto la doccia o nella vasca da bagno.<\/p>\n<p> A proposito, non devi preoccuparti che i tuoi vicini o coinquilini notino i tuoi momenti con il Pro 2 Perfect Kiss: la tecnologia magnetica garantisce un&#39;avventura assolutamente silenziosa. La pratica connessione USB-C assicura che il Pro 2 Perfect Kiss sia sempre pronto all&#39;uso.<\/p>\n<p> La superficie \u00e8 realizzata in silicone di alta qualit\u00e0, rendendola particolarmente delicata sulla pelle. Goditi il bacio pi\u00f9 appassionato della tua vita!<\/p>\n<p> <u><strong>Caratteristiche<\/strong><\/u><\/p>\n<ul>\n<li> Alimentazione: USB-C<\/li>\n<li> Colore: Nero \/ Oro<\/li>\n<li> Garanzia di 15 anni<\/li>\n<\/ul><\/p>\n","protected":false},"excerpt":{"rendered":"<p>Il futuro del benessere sessuale \u00e8 in questo piccolo vibratore a onde di pressione. Grazie al potente Magnetic Power Engine, il Pro 2 Perfect Kiss non solo \u00e8 assolutamente silenzioso, ma ti offre anche l&#39;opportunit\u00e0 di personalizzare i tuoi momenti da solo proprio come li preferisci. \u00c8 possibile personalizzare la membrana interna semplicemente premendo un [&hellip;]<\/p>\n","protected":false},"featured_media":7933,"comment_status":"open","ping_status":"closed","template":"","meta":[],"product_brand":[],"product_cat":[142],"product_tag":[],"class_list":{"0":"post-7934","1":"product","2":"type-product","3":"status-publish","4":"has-post-thumbnail","6":"product_cat-per-il-clitoride","8":"first","9":"instock","10":"shipping-taxable","11":"purchasable","12":"product-type-simple"},"_cost_price":"","_links":{"self":[{"href":"https:\/\/shibasex.com\/index.php?rest_route=\/wp\/v2\/product\/7934","targetHints":{"allow":["GET"]}}],"collection":[{"href":"https:\/\/shibasex.com\/index.php?rest_route=\/wp\/v2\/product"}],"about":[{"href":"https:\/\/shibasex.com\/index.php?rest_route=\/wp\/v2\/types\/product"}],"replies":[{"embeddable":true,"href":"https:\/\/shibasex.com\/index.php?rest_route=%2Fwp%2Fv2%2Fcomments&post=7934"}],"wp:featuredmedia":[{"embeddable":true,"href":"https:\/\/shibasex.com\/index.php?rest_route=\/wp\/v2\/media\/7933"}],"wp:attachment":[{"href":"https:\/\/shibasex.com\/index.php?rest_route=%2Fwp%2Fv2%2Fmedia&parent=7934"}],"wp:term":[{"taxonomy":"product_brand","embeddable":true,"href":"https:\/\/shibasex.com\/index.php?rest_route=%2Fwp%2Fv2%2Fproduct_brand&post=7934"},{"taxonomy":"product_cat","embeddable":true,"href":"https:\/\/shibasex.com\/index.php?rest_route=%2Fwp%2Fv2%2Fproduct_cat&post=7934"},{"taxonomy":"product_tag","embeddable":true,"href":"https:\/\/shibasex.com\/index.php?rest_route=%2Fwp%2Fv2%2Fproduct_tag&post=7934"}],"curies":[{"name":"wp","href":"https:\/\/api.w.org\/{rel}","templated":true}]}}