{"id":7838,"date":"2026-04-09T19:55:58","date_gmt":"2026-04-09T19:55:58","guid":{"rendered":"https:\/\/shibasex.com\/?product=baile-bergrisi-dildo-realistico-26-cm-carne"},"modified":"2026-04-09T19:56:15","modified_gmt":"2026-04-09T19:56:15","slug":"baile-bergrisi-dildo-realistico-26-cm-carne","status":"publish","type":"product","link":"https:\/\/shibasex.com\/?product=baile-bergrisi-dildo-realistico-26-cm-carne","title":{"rendered":"BAILE &#8211; BERGRISI DILDO REALISTICO 26 CM CARNE"},"content":{"rendered":"<p><strong>BALLO BW-008103NR-1<\/strong><br \/> Modellato alla perfezione, questo realistico dildo curvo ha un arco pronunciato che \u00e8 ideale per la stimolazione del punto G, offrendo un incredibile massaggio al tuo punto sensibile con facilit\u00e0. Con la lunghezza perfetta, concediti una penetrazione profonda e una sensazione di pienezza fantastica pi\u00f9 e pi\u00f9 volte. Per un design realistico, questo dildo presenta una punta bulbosa, un&#39;asta e delle palline con venature. Alla base, una potente ventosa ti consente di fissare il giocattolo a qualsiasi superficie liscia e piana per un gioco a mani libere e brividi aggiunti.<\/p>\n<p> <u><strong>CARATTERISTICHE<\/strong><\/u> :<\/p>\n<ul>\n<li> Funzione: Base di aspirazione<\/li>\n<li> Materiale: TPR<\/li>\n<li> Impermeabile<\/li>\n<\/ul>\n","protected":false},"excerpt":{"rendered":"<p>BALLO BW-008103NR-1 Modellato alla perfezione, questo realistico dildo curvo ha un arco pronunciato che \u00e8 ideale per la stimolazione del punto G, offrendo un incredibile massaggio al tuo punto sensibile con facilit\u00e0. Con la lunghezza perfetta, concediti una penetrazione profonda e una sensazione di pienezza fantastica pi\u00f9 e pi\u00f9 volte. Per un design realistico, questo [&hellip;]<\/p>\n","protected":false},"featured_media":7837,"comment_status":"open","ping_status":"closed","template":"","meta":[],"product_brand":[],"product_cat":[128],"product_tag":[],"class_list":{"0":"post-7838","1":"product","2":"type-product","3":"status-publish","4":"has-post-thumbnail","6":"product_cat-vibratori-realistici","8":"first","9":"instock","10":"shipping-taxable","11":"purchasable","12":"product-type-simple"},"_cost_price":"","_links":{"self":[{"href":"https:\/\/shibasex.com\/index.php?rest_route=\/wp\/v2\/product\/7838","targetHints":{"allow":["GET"]}}],"collection":[{"href":"https:\/\/shibasex.com\/index.php?rest_route=\/wp\/v2\/product"}],"about":[{"href":"https:\/\/shibasex.com\/index.php?rest_route=\/wp\/v2\/types\/product"}],"replies":[{"embeddable":true,"href":"https:\/\/shibasex.com\/index.php?rest_route=%2Fwp%2Fv2%2Fcomments&post=7838"}],"wp:featuredmedia":[{"embeddable":true,"href":"https:\/\/shibasex.com\/index.php?rest_route=\/wp\/v2\/media\/7837"}],"wp:attachment":[{"href":"https:\/\/shibasex.com\/index.php?rest_route=%2Fwp%2Fv2%2Fmedia&parent=7838"}],"wp:term":[{"taxonomy":"product_brand","embeddable":true,"href":"https:\/\/shibasex.com\/index.php?rest_route=%2Fwp%2Fv2%2Fproduct_brand&post=7838"},{"taxonomy":"product_cat","embeddable":true,"href":"https:\/\/shibasex.com\/index.php?rest_route=%2Fwp%2Fv2%2Fproduct_cat&post=7838"},{"taxonomy":"product_tag","embeddable":true,"href":"https:\/\/shibasex.com\/index.php?rest_route=%2Fwp%2Fv2%2Fproduct_tag&post=7838"}],"curies":[{"name":"wp","href":"https:\/\/api.w.org\/{rel}","templated":true}]}}