{"id":7810,"date":"2026-04-09T19:54:54","date_gmt":"2026-04-09T19:54:54","guid":{"rendered":"https:\/\/shibasex.com\/?product=pretty-love-federer-vibratore-anale-12-vibrazioni-nero"},"modified":"2026-04-09T19:55:10","modified_gmt":"2026-04-09T19:55:10","slug":"pretty-love-federer-vibratore-anale-12-vibrazioni-nero","status":"publish","type":"product","link":"https:\/\/shibasex.com\/?product=pretty-love-federer-vibratore-anale-12-vibrazioni-nero","title":{"rendered":"PRETTY LOVE &#8211; FEDERER VIBRATORE ANALE 12 VIBRAZIONI NERO"},"content":{"rendered":"<p><strong>BELLISSIMO AMORE BI-300081<\/strong><br \/> Un&#39;aggiunta degna al tuo comodino, ritrovati a cercare il lussuoso vibratore ricaricabile e flessibile a 12 funzioni notte dopo notte. Lasciati catturare dalla sua forma unica e sedurre dalle sue capacit\u00e0 orgasmiche; questo vibratore \u00e8 costruito per soddisfare in pi\u00f9 di un modo. Dotato di 12 modalit\u00e0 di vibrazione, scopri velocit\u00e0 costanti e piacere rimbombante mentre sei attratto da un potente orgasmo. Ondulando attraverso il tuo corpo con un quasi silenzio, non avrai problemi a saltare sotto le coperte con questo giocattolo.<\/p>\n<\/p>\n<p> <strong><u>CARATTERISTICHE<\/u> :<\/strong><\/p>\n<ul>\n<li> Funzione: 12 funzioni di vibrazione<\/li>\n<li> Materiale: Silicone<\/li>\n<li> Alimentazione: ricaricabile tramite USB<\/li>\n<\/ul>\n","protected":false},"excerpt":{"rendered":"<p>BELLISSIMO AMORE BI-300081 Un&#39;aggiunta degna al tuo comodino, ritrovati a cercare il lussuoso vibratore ricaricabile e flessibile a 12 funzioni notte dopo notte. Lasciati catturare dalla sua forma unica e sedurre dalle sue capacit\u00e0 orgasmiche; questo vibratore \u00e8 costruito per soddisfare in pi\u00f9 di un modo. Dotato di 12 modalit\u00e0 di vibrazione, scopri velocit\u00e0 costanti [&hellip;]<\/p>\n","protected":false},"featured_media":7809,"comment_status":"open","ping_status":"closed","template":"","meta":[],"product_brand":[],"product_cat":[80],"product_tag":[],"class_list":{"0":"post-7810","1":"product","2":"type-product","3":"status-publish","4":"has-post-thumbnail","6":"product_cat-vibratori-hi-tech","8":"first","9":"instock","10":"shipping-taxable","11":"purchasable","12":"product-type-simple"},"_cost_price":"","_links":{"self":[{"href":"https:\/\/shibasex.com\/index.php?rest_route=\/wp\/v2\/product\/7810","targetHints":{"allow":["GET"]}}],"collection":[{"href":"https:\/\/shibasex.com\/index.php?rest_route=\/wp\/v2\/product"}],"about":[{"href":"https:\/\/shibasex.com\/index.php?rest_route=\/wp\/v2\/types\/product"}],"replies":[{"embeddable":true,"href":"https:\/\/shibasex.com\/index.php?rest_route=%2Fwp%2Fv2%2Fcomments&post=7810"}],"wp:featuredmedia":[{"embeddable":true,"href":"https:\/\/shibasex.com\/index.php?rest_route=\/wp\/v2\/media\/7809"}],"wp:attachment":[{"href":"https:\/\/shibasex.com\/index.php?rest_route=%2Fwp%2Fv2%2Fmedia&parent=7810"}],"wp:term":[{"taxonomy":"product_brand","embeddable":true,"href":"https:\/\/shibasex.com\/index.php?rest_route=%2Fwp%2Fv2%2Fproduct_brand&post=7810"},{"taxonomy":"product_cat","embeddable":true,"href":"https:\/\/shibasex.com\/index.php?rest_route=%2Fwp%2Fv2%2Fproduct_cat&post=7810"},{"taxonomy":"product_tag","embeddable":true,"href":"https:\/\/shibasex.com\/index.php?rest_route=%2Fwp%2Fv2%2Fproduct_tag&post=7810"}],"curies":[{"name":"wp","href":"https:\/\/api.w.org\/{rel}","templated":true}]}}