{"id":7648,"date":"2026-04-09T19:51:08","date_gmt":"2026-04-09T19:51:08","guid":{"rendered":"https:\/\/shibasex.com\/?product=pretty-love-estelle-stimolatore-per-clitoride-lingua-12-vibrazioni-viola"},"modified":"2026-04-09T19:51:23","modified_gmt":"2026-04-09T19:51:23","slug":"pretty-love-estelle-stimolatore-per-clitoride-lingua-12-vibrazioni-viola","status":"publish","type":"product","link":"https:\/\/shibasex.com\/?product=pretty-love-estelle-stimolatore-per-clitoride-lingua-12-vibrazioni-viola","title":{"rendered":"PRETTY LOVE &#8211; ESTELLE STIMOLATORE PER CLITORIDE LINGUA 12 VIBRAZIONI VIOLA"},"content":{"rendered":"<p><strong>BELLISSIMO AMORE BI-014753<\/strong><br \/> Perfetto per sessioni da soli o come accessorio per i preliminari, il vibratore Pretty Love 12-Speeds Silicone Tongue Licking sar\u00e0 una degna aggiunta al tuo comodino. Realizzato in splendido silicone, goditi la finitura liscia e vellutata mentre il materiale di alta qualit\u00e0 dona una morbidezza irresistibile al tuo punto debole. Accendi le vibrazioni ed esplora una variet\u00e0 di velocit\u00e0 e schemi mentre ti carichi per raggiungere l&#39;orgasmo. Nel frattempo, il design portatile ti consente di ottenere facilmente i tuoi calci nella vasca da bagno, a letto o sotto la doccia.<\/p>\n<\/p>\n<p> <strong><u>CARATTERISTICHE<\/u> :<\/strong><\/p>\n<ul>\n<li> Funzione: 12 impostazioni di leccatura<\/li>\n<li> Materiale: Silicone<\/li>\n<li> Alimentazione: ricaricabile tramite USB<\/li>\n<\/ul>\n","protected":false},"excerpt":{"rendered":"<p>BELLISSIMO AMORE BI-014753 Perfetto per sessioni da soli o come accessorio per i preliminari, il vibratore Pretty Love 12-Speeds Silicone Tongue Licking sar\u00e0 una degna aggiunta al tuo comodino. Realizzato in splendido silicone, goditi la finitura liscia e vellutata mentre il materiale di alta qualit\u00e0 dona una morbidezza irresistibile al tuo punto debole. Accendi le [&hellip;]<\/p>\n","protected":false},"featured_media":7647,"comment_status":"open","ping_status":"closed","template":"","meta":[],"product_brand":[],"product_cat":[142],"product_tag":[],"class_list":{"0":"post-7648","1":"product","2":"type-product","3":"status-publish","4":"has-post-thumbnail","6":"product_cat-per-il-clitoride","8":"first","9":"instock","10":"shipping-taxable","11":"purchasable","12":"product-type-simple"},"_cost_price":"","_links":{"self":[{"href":"https:\/\/shibasex.com\/index.php?rest_route=\/wp\/v2\/product\/7648","targetHints":{"allow":["GET"]}}],"collection":[{"href":"https:\/\/shibasex.com\/index.php?rest_route=\/wp\/v2\/product"}],"about":[{"href":"https:\/\/shibasex.com\/index.php?rest_route=\/wp\/v2\/types\/product"}],"replies":[{"embeddable":true,"href":"https:\/\/shibasex.com\/index.php?rest_route=%2Fwp%2Fv2%2Fcomments&post=7648"}],"wp:featuredmedia":[{"embeddable":true,"href":"https:\/\/shibasex.com\/index.php?rest_route=\/wp\/v2\/media\/7647"}],"wp:attachment":[{"href":"https:\/\/shibasex.com\/index.php?rest_route=%2Fwp%2Fv2%2Fmedia&parent=7648"}],"wp:term":[{"taxonomy":"product_brand","embeddable":true,"href":"https:\/\/shibasex.com\/index.php?rest_route=%2Fwp%2Fv2%2Fproduct_brand&post=7648"},{"taxonomy":"product_cat","embeddable":true,"href":"https:\/\/shibasex.com\/index.php?rest_route=%2Fwp%2Fv2%2Fproduct_cat&post=7648"},{"taxonomy":"product_tag","embeddable":true,"href":"https:\/\/shibasex.com\/index.php?rest_route=%2Fwp%2Fv2%2Fproduct_tag&post=7648"}],"curies":[{"name":"wp","href":"https:\/\/api.w.org\/{rel}","templated":true}]}}