{"id":7629,"date":"2026-04-09T19:50:30","date_gmt":"2026-04-09T19:50:30","guid":{"rendered":"https:\/\/shibasex.com\/?product=pretty-love-vibratore-centaur-coniglio-30-modalita-di-vibrazione-viola"},"modified":"2026-04-09T19:50:43","modified_gmt":"2026-04-09T19:50:43","slug":"pretty-love-vibratore-centaur-coniglio-30-modalita-di-vibrazione-viola","status":"publish","type":"product","link":"https:\/\/shibasex.com\/?product=pretty-love-vibratore-centaur-coniglio-30-modalita-di-vibrazione-viola","title":{"rendered":"PRETTY LOVE &#8211; VIBRATORE CENTAUR CONIGLIO 30 MODALIT\u00c0 DI VIBRAZIONE VIOLA"},"content":{"rendered":"<p><strong>BELLISSIMO AMORE BI-014794<\/strong><\/p>\n<p> Catturando l&#39;attenzione nel tuo contenitore dei giocattoli, il vibratore rabbit 30 Function sa come dare spettacolo. Lascia che il corpo sottile in silicone ti riempia di piacere mentre il braccio esterno ronza e vibra contro il tuo clitoride. Ti avevamo avvisato che era un po&#39; uno spettacolo, e con 30 modalit\u00e0 di vibrazione da esplorare, puoi capire perch\u00e9! Passa da una velocit\u00e0 all&#39;altra e pulsazioni con un clic di un pulsante mentre scopri il tuo preferito.<\/p>\n<p> <strong><u>CARATTERISTICHE<\/u> :<\/strong><\/p>\n<ul>\n<li> Funzione: 30 funzioni di vibrazione<\/li>\n<li> Materiale: Silicone<\/li>\n<li> Alimentazione: 2 batterie AAA<\/li>\n<\/ul>\n","protected":false},"excerpt":{"rendered":"<p>BELLISSIMO AMORE BI-014794 Catturando l&#39;attenzione nel tuo contenitore dei giocattoli, il vibratore rabbit 30 Function sa come dare spettacolo. Lascia che il corpo sottile in silicone ti riempia di piacere mentre il braccio esterno ronza e vibra contro il tuo clitoride. Ti avevamo avvisato che era un po&#39; uno spettacolo, e con 30 modalit\u00e0 di [&hellip;]<\/p>\n","protected":false},"featured_media":7628,"comment_status":"open","ping_status":"closed","template":"","meta":[],"product_brand":[],"product_cat":[126],"product_tag":[],"class_list":{"0":"post-7629","1":"product","2":"type-product","3":"status-publish","4":"has-post-thumbnail","6":"product_cat-vibratori-rabbit","8":"first","9":"instock","10":"shipping-taxable","11":"purchasable","12":"product-type-simple"},"_cost_price":"","_links":{"self":[{"href":"https:\/\/shibasex.com\/index.php?rest_route=\/wp\/v2\/product\/7629","targetHints":{"allow":["GET"]}}],"collection":[{"href":"https:\/\/shibasex.com\/index.php?rest_route=\/wp\/v2\/product"}],"about":[{"href":"https:\/\/shibasex.com\/index.php?rest_route=\/wp\/v2\/types\/product"}],"replies":[{"embeddable":true,"href":"https:\/\/shibasex.com\/index.php?rest_route=%2Fwp%2Fv2%2Fcomments&post=7629"}],"wp:featuredmedia":[{"embeddable":true,"href":"https:\/\/shibasex.com\/index.php?rest_route=\/wp\/v2\/media\/7628"}],"wp:attachment":[{"href":"https:\/\/shibasex.com\/index.php?rest_route=%2Fwp%2Fv2%2Fmedia&parent=7629"}],"wp:term":[{"taxonomy":"product_brand","embeddable":true,"href":"https:\/\/shibasex.com\/index.php?rest_route=%2Fwp%2Fv2%2Fproduct_brand&post=7629"},{"taxonomy":"product_cat","embeddable":true,"href":"https:\/\/shibasex.com\/index.php?rest_route=%2Fwp%2Fv2%2Fproduct_cat&post=7629"},{"taxonomy":"product_tag","embeddable":true,"href":"https:\/\/shibasex.com\/index.php?rest_route=%2Fwp%2Fv2%2Fproduct_tag&post=7629"}],"curies":[{"name":"wp","href":"https:\/\/api.w.org\/{rel}","templated":true}]}}