{"id":7583,"date":"2026-04-09T19:48:37","date_gmt":"2026-04-09T19:48:37","guid":{"rendered":"https:\/\/shibasex.com\/?product=pretty-love-vibratore-pazuzu-3-modalita-di-spinta-nero"},"modified":"2026-04-09T19:48:54","modified_gmt":"2026-04-09T19:48:54","slug":"pretty-love-vibratore-pazuzu-3-modalita-di-spinta-nero","status":"publish","type":"product","link":"https:\/\/shibasex.com\/?product=pretty-love-vibratore-pazuzu-3-modalita-di-spinta-nero","title":{"rendered":"PRETTY LOVE &#8211; VIBRATORE PAZUZU 3 MODALIT\u00c0 DI SPINTA NERO"},"content":{"rendered":"<p><strong>BELLISSIMO AMORE BW-022100W<\/strong><\/p>\n<p> Goditi il piacere in movimento con questo piccolo vibratore a forma di mutandine incredibilmente discreto.<\/p>\n<p> Questo vibratore a mutandine ha una forma speciale con una punta affusolata per una stimolazione perfetta e precisa ed \u00e8 ideale per i preliminari e la stimolazione durante il giorno. Offre 10 modalit\u00e0 di vibrazione separate per una variet\u00e0 di sensazioni e stimolazioni e un controller per aggiungere pi\u00f9 divertimento.<\/p>\n<p> Porta la tua vita amorosa a un livello superiore e infila questa bellezza erotica nella tua biancheria intima, cos\u00ec potrai provare un piacere spontaneo e incredibile ovunque.<\/p>\n<\/p>\n<p> <u><strong>CARATTERISTICHE<\/strong><\/u> :<\/p>\n<ul>\n<li> Funzione: Telecomando wireless Funzione di memoria 10 funzioni di vibrazione<\/li>\n<li> Alimentazione: ricarica USB magnetica<\/li>\n<li> Materiale: Silicone<\/li>\n<li> Dimensioni dell&#39;imballaggio (mm): 200*103*53<\/li>\n<\/ul>\n","protected":false},"excerpt":{"rendered":"<p>BELLISSIMO AMORE BW-022100W Goditi il piacere in movimento con questo piccolo vibratore a forma di mutandine incredibilmente discreto. Questo vibratore a mutandine ha una forma speciale con una punta affusolata per una stimolazione perfetta e precisa ed \u00e8 ideale per i preliminari e la stimolazione durante il giorno. Offre 10 modalit\u00e0 di vibrazione separate per [&hellip;]<\/p>\n","protected":false},"featured_media":7582,"comment_status":"open","ping_status":"closed","template":"","meta":[],"product_brand":[],"product_cat":[80],"product_tag":[],"class_list":{"0":"post-7583","1":"product","2":"type-product","3":"status-publish","4":"has-post-thumbnail","6":"product_cat-vibratori-hi-tech","8":"first","9":"instock","10":"shipping-taxable","11":"purchasable","12":"product-type-simple"},"_cost_price":"","_links":{"self":[{"href":"https:\/\/shibasex.com\/index.php?rest_route=\/wp\/v2\/product\/7583","targetHints":{"allow":["GET"]}}],"collection":[{"href":"https:\/\/shibasex.com\/index.php?rest_route=\/wp\/v2\/product"}],"about":[{"href":"https:\/\/shibasex.com\/index.php?rest_route=\/wp\/v2\/types\/product"}],"replies":[{"embeddable":true,"href":"https:\/\/shibasex.com\/index.php?rest_route=%2Fwp%2Fv2%2Fcomments&post=7583"}],"wp:featuredmedia":[{"embeddable":true,"href":"https:\/\/shibasex.com\/index.php?rest_route=\/wp\/v2\/media\/7582"}],"wp:attachment":[{"href":"https:\/\/shibasex.com\/index.php?rest_route=%2Fwp%2Fv2%2Fmedia&parent=7583"}],"wp:term":[{"taxonomy":"product_brand","embeddable":true,"href":"https:\/\/shibasex.com\/index.php?rest_route=%2Fwp%2Fv2%2Fproduct_brand&post=7583"},{"taxonomy":"product_cat","embeddable":true,"href":"https:\/\/shibasex.com\/index.php?rest_route=%2Fwp%2Fv2%2Fproduct_cat&post=7583"},{"taxonomy":"product_tag","embeddable":true,"href":"https:\/\/shibasex.com\/index.php?rest_route=%2Fwp%2Fv2%2Fproduct_tag&post=7583"}],"curies":[{"name":"wp","href":"https:\/\/api.w.org\/{rel}","templated":true}]}}