{"id":69,"date":"2026-03-22T10:33:17","date_gmt":"2026-03-22T10:33:17","guid":{"rendered":"https:\/\/shivasex.site.geonovation.tech\/?product=snail-vibe-anillo-de-pareja-control-remoto"},"modified":"2026-03-23T13:33:21","modified_gmt":"2026-03-23T13:33:21","slug":"snail-vibe-anillo-de-pareja-control-remoto","status":"publish","type":"product","link":"https:\/\/shibasex.com\/?product=snail-vibe-anillo-de-pareja-control-remoto","title":{"rendered":"SNAIL VIBE &#8211; ANILLO DE PAREJA CONTROL REMOTO"},"content":{"rendered":"<p>SVibe Jovi Arc \u00e8 dotato dell&#39;avanzato sistema a triplo anello ArcFit, progettato per offrire una vestibilit\u00e0 eccezionale che combina comfort, stabilit\u00e0 e supporto sicuro durante l&#39;uso. Grazie a questa struttura innovativa, l&#39;anello rimane saldamente in posizione, consentendo di godere di una stimolazione clitoridea potente, diretta e costante senza la necessit\u00e0 di regolazioni continue.<\/p>\n<p> Realizzato in silicone di alta qualit\u00e0, sicuro per il corpo, la sua texture morbida e flessibile si adatta naturalmente a diverse anatomie, offrendo un&#39;esperienza pi\u00f9 confortevole e piacevole. Inoltre, il suo design resistente agli schizzi garantisce un contatto continuo con la zona da stimolare, per un piacere pi\u00f9 profondo, mirato e avvolgente, anche durante i movimenti pi\u00f9 intensi.<\/p>\n<p> SVibe Jovi Arc \u00e8 dotato di ricarica magnetica per un&#39;alimentazione rapida e comoda, nonch\u00e9 di un telecomando compatto che consente di gestirne le funzioni a distanza, consentendo di cambiare facilmente modalit\u00e0 e intensit\u00e0 senza interrompere il momento. Questo rende ogni incontro pi\u00f9 dinamico, fluido e connesso.<\/p>\n<p> Con ogni utilizzo, proverai sensazioni amplificate: pi\u00f9 ricche, pi\u00f9 sfumate e capaci di intensificare la connessione con il tuo partner. Jovi Arc non si limita a potenziare la stimolazione; eleva l&#39;intera esperienza, riunendo armonia, comfort e potenza in un unico dispositivo.<\/p>\n<p> <u><strong>CARATTERISTICHE<\/strong><\/u> :<\/p>\n<ul>\n<li> Anello di coppia<\/li>\n<li> Intensit\u00e0 clitoridea profonda e mirata grazie allo stimolatore ergonomico<\/li>\n<li> Il sistema a triplo anello ArcFit mantiene il giocattolo in posizione per un vero utilizzo a mani libere<\/li>\n<li> Lunghezza inseribile compatta che si adatta naturalmente alla maggior parte delle corporature<\/li>\n<li> Anelli in silicone ultrasottili per un utilizzo comodo, discreto e senza sforzo<\/li>\n<li> Vibrazione personalizzabile: 5 velocit\u00e0, 3 modalit\u00e0<\/li>\n<li> Funzione di controllo remoto<\/li>\n<li> Ricarica magnetica<\/li>\n<li> Resistente agli schizzi<\/li>\n<li> Misure:\n<ul>\n<li> Lunghezza: 107,57 mm \/ 4,24&quot;<\/li>\n<li> Diametri degli anelli: 50 mm, 35 mm, 30 mm \/ 1,97&quot;, 1,38&quot;, 1,18&quot;<\/li>\n<\/ul>\n<\/li>\n<\/ul>\n","protected":false},"excerpt":{"rendered":"<p>SVibe Jovi Arc \u00e8 dotato dell&#39;avanzato sistema a triplo anello ArcFit, progettato per offrire una vestibilit\u00e0 eccezionale che combina comfort, stabilit\u00e0 e supporto sicuro durante l&#39;uso. Grazie a questa struttura innovativa, l&#39;anello rimane saldamente in posizione, consentendo di godere di una stimolazione clitoridea potente, diretta e costante senza la necessit\u00e0 di regolazioni continue. Realizzato in [&hellip;]<\/p>\n","protected":false},"featured_media":68,"comment_status":"open","ping_status":"closed","template":"","meta":[],"product_brand":[],"product_cat":[30],"product_tag":[],"class_list":{"0":"post-69","1":"product","2":"type-product","3":"status-publish","4":"has-post-thumbnail","6":"product_cat-anelli-vibranti-per-il-pene","8":"first","9":"instock","10":"shipping-taxable","11":"purchasable","12":"product-type-variable"},"_cost_price":"","_links":{"self":[{"href":"https:\/\/shibasex.com\/index.php?rest_route=\/wp\/v2\/product\/69","targetHints":{"allow":["GET"]}}],"collection":[{"href":"https:\/\/shibasex.com\/index.php?rest_route=\/wp\/v2\/product"}],"about":[{"href":"https:\/\/shibasex.com\/index.php?rest_route=\/wp\/v2\/types\/product"}],"replies":[{"embeddable":true,"href":"https:\/\/shibasex.com\/index.php?rest_route=%2Fwp%2Fv2%2Fcomments&post=69"}],"wp:featuredmedia":[{"embeddable":true,"href":"https:\/\/shibasex.com\/index.php?rest_route=\/wp\/v2\/media\/68"}],"wp:attachment":[{"href":"https:\/\/shibasex.com\/index.php?rest_route=%2Fwp%2Fv2%2Fmedia&parent=69"}],"wp:term":[{"taxonomy":"product_brand","embeddable":true,"href":"https:\/\/shibasex.com\/index.php?rest_route=%2Fwp%2Fv2%2Fproduct_brand&post=69"},{"taxonomy":"product_cat","embeddable":true,"href":"https:\/\/shibasex.com\/index.php?rest_route=%2Fwp%2Fv2%2Fproduct_cat&post=69"},{"taxonomy":"product_tag","embeddable":true,"href":"https:\/\/shibasex.com\/index.php?rest_route=%2Fwp%2Fv2%2Fproduct_tag&post=69"}],"curies":[{"name":"wp","href":"https:\/\/api.w.org\/{rel}","templated":true}]}}