{"id":6399,"date":"2026-03-23T14:56:33","date_gmt":"2026-03-23T14:56:33","guid":{"rendered":"https:\/\/shibasex.com\/?product=womanizer-stimolatore-clitorale-starlet-3-grigio"},"modified":"2026-03-23T14:56:46","modified_gmt":"2026-03-23T14:56:46","slug":"womanizer-stimolatore-clitorale-starlet-3-grigio","status":"publish","type":"product","link":"https:\/\/shibasex.com\/?product=womanizer-stimolatore-clitorale-starlet-3-grigio","title":{"rendered":"WOMANIZER &#8211; STIMOLATORE CLITORALE STARLET 3 GRIGIO"},"content":{"rendered":"<p>Il nuovo Womanizer Starlet 3 presenta l&#39;originale Womanizer combinato con cinque nuovi vivaci colori di prodotto e altri due livelli di intensit\u00e0 di stimolazione Pleasure Air, il tutto pur essendo impermeabile e ricaricabile tramite USB a un prezzo ragionevole.<\/p>\n<p> Realizzato per te e per il tuo corpo, Starlet 3 utilizza un&#39;innovazione unica chiamata Pleasure Air Technology. ?Perch\u00e9 \u00e8 cos\u00ec speciale? Il tuo clitoride viene stimolato senza contatto diretto. Le delicate vibrazioni dell&#39;aria succhiano e massaggiano insieme per fornire una sensazione orgasmica senza precedenti.<\/p>\n<p> Il design sensuale e sottile si adatta comodamente alla tua mano e diventa il compagno perfetto anche per i momenti pi\u00f9 intimi. ?<\/p>\n<p> Esplora sei diversi livelli di intensit\u00e0 per il piacere perfetto per qualsiasi stato d&#39;animo in cui ti trovi. Immergiti pi\u00f9 a fondo con la classificazione IPX7, che ti consente di portare il tuo Starlet 3 nella vasca da bagno o sotto la doccia senza paura. Perch\u00e9 chi non vorrebbe bagnarsi un po&#39; durante il gioco?<\/p>\n<p> <strong>Caratteristiche principali:<\/strong><\/p>\n<ul>\n<li> Stimolatore del clitoride<\/li>\n<li> Tecnologia dell&#39;aria di piacere<\/li>\n<li> 6 livelli di intensit\u00e0<\/li>\n<li> Compatto<\/li>\n<li> Sicuro per il corpo<\/li>\n<li> Impermeabile<\/li>\n<li> Produzione vegana<\/li>\n<li> Ricarica magnetica<\/li>\n<\/ul>\n","protected":false},"excerpt":{"rendered":"<p>Il nuovo Womanizer Starlet 3 presenta l&#39;originale Womanizer combinato con cinque nuovi vivaci colori di prodotto e altri due livelli di intensit\u00e0 di stimolazione Pleasure Air, il tutto pur essendo impermeabile e ricaricabile tramite USB a un prezzo ragionevole. Realizzato per te e per il tuo corpo, Starlet 3 utilizza un&#39;innovazione unica chiamata Pleasure Air [&hellip;]<\/p>\n","protected":false},"featured_media":6398,"comment_status":"open","ping_status":"closed","template":"","meta":[],"product_brand":[],"product_cat":[33],"product_tag":[],"class_list":{"0":"post-6399","1":"product","2":"type-product","3":"status-publish","4":"has-post-thumbnail","6":"product_cat-massaggiatori","8":"first","9":"instock","10":"shipping-taxable","11":"purchasable","12":"product-type-simple"},"_cost_price":"","_links":{"self":[{"href":"https:\/\/shibasex.com\/index.php?rest_route=\/wp\/v2\/product\/6399","targetHints":{"allow":["GET"]}}],"collection":[{"href":"https:\/\/shibasex.com\/index.php?rest_route=\/wp\/v2\/product"}],"about":[{"href":"https:\/\/shibasex.com\/index.php?rest_route=\/wp\/v2\/types\/product"}],"replies":[{"embeddable":true,"href":"https:\/\/shibasex.com\/index.php?rest_route=%2Fwp%2Fv2%2Fcomments&post=6399"}],"wp:featuredmedia":[{"embeddable":true,"href":"https:\/\/shibasex.com\/index.php?rest_route=\/wp\/v2\/media\/6398"}],"wp:attachment":[{"href":"https:\/\/shibasex.com\/index.php?rest_route=%2Fwp%2Fv2%2Fmedia&parent=6399"}],"wp:term":[{"taxonomy":"product_brand","embeddable":true,"href":"https:\/\/shibasex.com\/index.php?rest_route=%2Fwp%2Fv2%2Fproduct_brand&post=6399"},{"taxonomy":"product_cat","embeddable":true,"href":"https:\/\/shibasex.com\/index.php?rest_route=%2Fwp%2Fv2%2Fproduct_cat&post=6399"},{"taxonomy":"product_tag","embeddable":true,"href":"https:\/\/shibasex.com\/index.php?rest_route=%2Fwp%2Fv2%2Fproduct_tag&post=6399"}],"curies":[{"name":"wp","href":"https:\/\/api.w.org\/{rel}","templated":true}]}}