{"id":5975,"date":"2026-03-23T13:37:57","date_gmt":"2026-03-23T13:37:57","guid":{"rendered":"https:\/\/shibasex.com\/?product=climaximum-oryx-tappo-anale-ritorto"},"modified":"2026-03-23T13:37:58","modified_gmt":"2026-03-23T13:37:58","slug":"climaximum-oryx-tappo-anale-ritorto","status":"publish","type":"product","link":"https:\/\/shibasex.com\/?product=climaximum-oryx-tappo-anale-ritorto","title":{"rendered":"CLIMAXIMUM &#8211; ORYX TAPPO ANALE RITORTO"},"content":{"rendered":"<p><strong>Oryx<\/strong> \u00e8 un dilatatore anale vibrante, perfetto sia per i principianti che per gli utenti esperti che desiderano il massimo dell&#39;eccitazione in un formato compatto. Il silicone medicale ultra-liscio di <strong>Oryx<\/strong> consente alla punta a spirale sottile e affusolata di scivolare delicatamente all&#39;interno del pene, cos\u00ec da poter sentire ogni singola spirale una volta inserita. La sua base a T si trova tra i glutei, consentendo di controllare le 10 potenti vibrazioni attivando il proiettile, che le invia fino alla punta di <strong>Oryx<\/strong> .<\/p>\n<p> <strong>CARATTERISTICHE<\/strong> :<\/p>\n<ul>\n<li> 10 velocit\u00e0<\/li>\n<li> Dimensioni ridotte, ideali per i principianti del gioco anale &#8211; Punta affusolata per un facile inserimento<\/li>\n<li> Impermeabile IPX7<\/li>\n<li> Materiali: silicone \/ plastica ABS<\/li>\n<li> Batteria: batteria AAA inclusa<\/li>\n<li> Dimensioni del prodotto: 90 mm x 103 mm x 30 mm larghezza x altezza x profondit\u00e0<\/li>\n<li> Peso del prodotto: 78 gg<\/li>\n<\/ul>\n<p> <u><strong>CLIMAXIMO<\/strong><\/u><\/p>\n<p> La collezione Climaximum si concentra su indulgenza, potenza e piacere. Progettati per chi cerca di pi\u00f9, questi giocattoli combinano un&#39;estetica seducente con sensazioni intense per portare le tue esperienze pi\u00f9 intime a nuovi livelli. Che tu stia cercando soddisfazione da solo o esplorando connessioni pi\u00f9 profonde con il tuo partner, Climaximum ha qualcosa per soddisfare tutti i tuoi desideri.<\/p>\n<ul>\n<li> Pi\u00f9 potenza, pi\u00f9 piacere: la collezione comprende giocattoli con fili e proiettili che emettono vibrazioni profonde e rimbombanti esattamente dove ne hai bisogno.<\/li>\n<li> Progettato per ogni esperienza: scopri una variet\u00e0 di divertenti kit per coppie o concediti un&#39;avventura da solo con potenti vibratori e stimolatori.<\/li>\n<li> Selezione versatile: goditi una combinazione di potenziatori delle prestazioni vaginali, clitoridei, anali e anelli per il pene, pensati per chi desidera provare ogni tipo di piacere.<\/li>\n<li> PX7 impermeabile e sicuro per il corpo: porta il tuo piacere ovunque, sapendo che ogni giocattolo \u00e8 realizzato con materiali di prima qualit\u00e0, progettati per la sicurezza e la soddisfazione.<\/li>\n<\/ul>\n","protected":false},"excerpt":{"rendered":"<p>Oryx \u00e8 un dilatatore anale vibrante, perfetto sia per i principianti che per gli utenti esperti che desiderano il massimo dell&#39;eccitazione in un formato compatto. Il silicone medicale ultra-liscio di Oryx consente alla punta a spirale sottile e affusolata di scivolare delicatamente all&#39;interno del pene, cos\u00ec da poter sentire ogni singola spirale una volta inserita. [&hellip;]<\/p>\n","protected":false},"featured_media":5974,"comment_status":"open","ping_status":"closed","template":"","meta":[],"product_brand":[],"product_cat":[72],"product_tag":[],"class_list":{"0":"post-5975","1":"product","2":"type-product","3":"status-publish","4":"has-post-thumbnail","6":"product_cat-vibratori-anali","8":"first","9":"instock","10":"shipping-taxable","11":"purchasable","12":"product-type-simple"},"_cost_price":"","_links":{"self":[{"href":"https:\/\/shibasex.com\/index.php?rest_route=\/wp\/v2\/product\/5975","targetHints":{"allow":["GET"]}}],"collection":[{"href":"https:\/\/shibasex.com\/index.php?rest_route=\/wp\/v2\/product"}],"about":[{"href":"https:\/\/shibasex.com\/index.php?rest_route=\/wp\/v2\/types\/product"}],"replies":[{"embeddable":true,"href":"https:\/\/shibasex.com\/index.php?rest_route=%2Fwp%2Fv2%2Fcomments&post=5975"}],"wp:featuredmedia":[{"embeddable":true,"href":"https:\/\/shibasex.com\/index.php?rest_route=\/wp\/v2\/media\/5974"}],"wp:attachment":[{"href":"https:\/\/shibasex.com\/index.php?rest_route=%2Fwp%2Fv2%2Fmedia&parent=5975"}],"wp:term":[{"taxonomy":"product_brand","embeddable":true,"href":"https:\/\/shibasex.com\/index.php?rest_route=%2Fwp%2Fv2%2Fproduct_brand&post=5975"},{"taxonomy":"product_cat","embeddable":true,"href":"https:\/\/shibasex.com\/index.php?rest_route=%2Fwp%2Fv2%2Fproduct_cat&post=5975"},{"taxonomy":"product_tag","embeddable":true,"href":"https:\/\/shibasex.com\/index.php?rest_route=%2Fwp%2Fv2%2Fproduct_tag&post=5975"}],"curies":[{"name":"wp","href":"https:\/\/api.w.org\/{rel}","templated":true}]}}