{"id":5971,"date":"2026-03-23T13:37:55","date_gmt":"2026-03-23T13:37:55","guid":{"rendered":"https:\/\/shibasex.com\/?product=climaximum-idosi-bullet-plug-anale-vibrante"},"modified":"2026-03-23T13:37:56","modified_gmt":"2026-03-23T13:37:56","slug":"climaximum-idosi-bullet-plug-anale-vibrante","status":"publish","type":"product","link":"https:\/\/shibasex.com\/?product=climaximum-idosi-bullet-plug-anale-vibrante","title":{"rendered":"CLIMAXIMUM &#8211; IDOSI BULLET PLUG ANALE VIBRANTE"},"content":{"rendered":"<p>Con contorni delicatamente affusolati, 10 livelli di eccitazione e una punta curva per la stimolazione della prostata, non c&#39;\u00e8 molto di pi\u00f9 da chiedere a <strong>Idosi<\/strong> ! La sua base svasata ti permette di rimuovere facilmente Idosi e il proiettile rimovibile garantisce un gioco igienico.<\/p>\n<p> <strong>CARATTERISTICHE<\/strong> :<\/p>\n<ul>\n<li> 10 velocit\u00e0<\/li>\n<li> Punta affusolata curva per un facile inserimento e stimolazione della prostata &#8211; Base svasata per una facile rimozione<\/li>\n<li> Proiettile rimovibile da 80 mm incluso<\/li>\n<li> Impermeabile IPX7<\/li>\n<li> Materiali: silicone \/ plastica ABS<\/li>\n<li> Batteria: 1 batteria AAA inclusa<\/li>\n<li> Dimensioni del prodotto: 65 mm x 130 mm x 40 mm larghezza x altezza x profondit\u00e0<\/li>\n<li> Peso del prodotto: 106 gg<\/li>\n<\/ul>\n<p> <u><strong>CLIMAXIMO<\/strong><\/u><\/p>\n<p> La collezione Climaximum si concentra su indulgenza, potenza e piacere. Progettati per chi cerca di pi\u00f9, questi giocattoli combinano un&#39;estetica seducente con sensazioni intense per portare le tue esperienze pi\u00f9 intime a nuovi livelli. Che tu stia cercando soddisfazione da solo o esplorando connessioni pi\u00f9 profonde con il tuo partner, Climaximum ha qualcosa per soddisfare tutti i tuoi desideri.<\/p>\n<ul>\n<li> Pi\u00f9 potenza, pi\u00f9 piacere: la collezione comprende giocattoli con fili e proiettili che emettono vibrazioni profonde e rimbombanti esattamente dove ne hai bisogno.<\/li>\n<li> Progettato per ogni esperienza: scopri una variet\u00e0 di divertenti kit per coppie o concediti un&#39;avventura da solo con potenti vibratori e stimolatori.<\/li>\n<li> Selezione versatile: goditi una combinazione di potenziatori delle prestazioni vaginali, clitoridei, anali e anelli per il pene, pensati per chi desidera provare ogni tipo di piacere.<\/li>\n<li> PX7 impermeabile e sicuro per il corpo: porta il tuo piacere ovunque, sapendo che ogni giocattolo \u00e8 realizzato con materiali di prima qualit\u00e0, progettati per la sicurezza e la soddisfazione.<\/li>\n<\/ul>\n","protected":false},"excerpt":{"rendered":"<p>Con contorni delicatamente affusolati, 10 livelli di eccitazione e una punta curva per la stimolazione della prostata, non c&#39;\u00e8 molto di pi\u00f9 da chiedere a Idosi ! La sua base svasata ti permette di rimuovere facilmente Idosi e il proiettile rimovibile garantisce un gioco igienico. CARATTERISTICHE : 10 velocit\u00e0 Punta affusolata curva per un facile [&hellip;]<\/p>\n","protected":false},"featured_media":5970,"comment_status":"open","ping_status":"closed","template":"","meta":[],"product_brand":[],"product_cat":[72],"product_tag":[],"class_list":{"0":"post-5971","1":"product","2":"type-product","3":"status-publish","4":"has-post-thumbnail","6":"product_cat-vibratori-anali","8":"first","9":"instock","10":"shipping-taxable","11":"purchasable","12":"product-type-simple"},"_cost_price":"","_links":{"self":[{"href":"https:\/\/shibasex.com\/index.php?rest_route=\/wp\/v2\/product\/5971","targetHints":{"allow":["GET"]}}],"collection":[{"href":"https:\/\/shibasex.com\/index.php?rest_route=\/wp\/v2\/product"}],"about":[{"href":"https:\/\/shibasex.com\/index.php?rest_route=\/wp\/v2\/types\/product"}],"replies":[{"embeddable":true,"href":"https:\/\/shibasex.com\/index.php?rest_route=%2Fwp%2Fv2%2Fcomments&post=5971"}],"wp:featuredmedia":[{"embeddable":true,"href":"https:\/\/shibasex.com\/index.php?rest_route=\/wp\/v2\/media\/5970"}],"wp:attachment":[{"href":"https:\/\/shibasex.com\/index.php?rest_route=%2Fwp%2Fv2%2Fmedia&parent=5971"}],"wp:term":[{"taxonomy":"product_brand","embeddable":true,"href":"https:\/\/shibasex.com\/index.php?rest_route=%2Fwp%2Fv2%2Fproduct_brand&post=5971"},{"taxonomy":"product_cat","embeddable":true,"href":"https:\/\/shibasex.com\/index.php?rest_route=%2Fwp%2Fv2%2Fproduct_cat&post=5971"},{"taxonomy":"product_tag","embeddable":true,"href":"https:\/\/shibasex.com\/index.php?rest_route=%2Fwp%2Fv2%2Fproduct_tag&post=5971"}],"curies":[{"name":"wp","href":"https:\/\/api.w.org\/{rel}","templated":true}]}}