{"id":5967,"date":"2026-03-23T13:37:52","date_gmt":"2026-03-23T13:37:52","guid":{"rendered":"https:\/\/shibasex.com\/?product=fun-factory-bootie-vibe-plug-anale-vibratore-bottiglia-verde"},"modified":"2026-03-23T13:37:54","modified_gmt":"2026-03-23T13:37:54","slug":"fun-factory-bootie-vibe-plug-anale-vibratore-bottiglia-verde","status":"publish","type":"product","link":"https:\/\/shibasex.com\/?product=fun-factory-bootie-vibe-plug-anale-vibratore-bottiglia-verde","title":{"rendered":"FUN FACTORY &#8211; BOOTIE VIBE PLUG ANALE VIBRATORE BOTTIGLIA VERDE"},"content":{"rendered":"<p>Provate vibrazioni potenti in un formato perfettamente compatto con BOOTIE VIBE. Progettato per il comfort, la flessibilit\u00e0 e il massimo piacere, questo vibratore anale ricaricabile combina l&#39;amata forma BOOTIE con un motore potente e 12 entusiasmanti modalit\u00e0 di vibrazione. Realizzato in silicone sicuro per il corpo e completamente impermeabile (IPX7), offre una stimolazione profonda e soddisfacente della prostata o del perineo, sia da soli che in coppia.<\/p>\n<p> <strong>Curvo per puro piacere<\/strong><br \/> Il design ergonomico di BOOTIE VIBE segue i tuoi contorni naturali e si adatta in modo sicuro e confortevole tra le tue natiche. Con una lunghezza di 9,6 cm e un diametro di 3,1 cm, la delicata curva del giocattolo agisce con precisione sulla prostata o sul punto G, mentre la base flessibile consente una completa libert\u00e0 di movimento e un comfort duraturo. Con 12 modalit\u00e0 di vibrazione tra cui scegliere, che vanno dalle delicate pulsazioni alla potenza profonda e rombante, tutte le sensazioni ti vengono trasmesse tramite un motore ad alta potenza.<\/p>\n<p> <strong>Potenza che dura<\/strong><br \/> BOOTIE VIBE \u00e8 dotato di una batteria di alta qualit\u00e0 ed \u00e8 facilmente ricaricabile tramite USB-C. Realizzato in silicone di alta qualit\u00e0, delicato sulla pelle, \u00e8 facile da pulire, costruito per durare e dotato dell&#39;impressionante garanzia di 25 anni di FUN FACTORY per un piacere a lungo termine.<\/p>\n","protected":false},"excerpt":{"rendered":"<p>Provate vibrazioni potenti in un formato perfettamente compatto con BOOTIE VIBE. Progettato per il comfort, la flessibilit\u00e0 e il massimo piacere, questo vibratore anale ricaricabile combina l&#39;amata forma BOOTIE con un motore potente e 12 entusiasmanti modalit\u00e0 di vibrazione. Realizzato in silicone sicuro per il corpo e completamente impermeabile (IPX7), offre una stimolazione profonda e [&hellip;]<\/p>\n","protected":false},"featured_media":5966,"comment_status":"open","ping_status":"closed","template":"","meta":[],"product_brand":[],"product_cat":[72],"product_tag":[],"class_list":{"0":"post-5967","1":"product","2":"type-product","3":"status-publish","4":"has-post-thumbnail","6":"product_cat-vibratori-anali","8":"first","9":"instock","10":"shipping-taxable","11":"purchasable","12":"product-type-simple"},"_cost_price":"","_links":{"self":[{"href":"https:\/\/shibasex.com\/index.php?rest_route=\/wp\/v2\/product\/5967","targetHints":{"allow":["GET"]}}],"collection":[{"href":"https:\/\/shibasex.com\/index.php?rest_route=\/wp\/v2\/product"}],"about":[{"href":"https:\/\/shibasex.com\/index.php?rest_route=\/wp\/v2\/types\/product"}],"replies":[{"embeddable":true,"href":"https:\/\/shibasex.com\/index.php?rest_route=%2Fwp%2Fv2%2Fcomments&post=5967"}],"wp:featuredmedia":[{"embeddable":true,"href":"https:\/\/shibasex.com\/index.php?rest_route=\/wp\/v2\/media\/5966"}],"wp:attachment":[{"href":"https:\/\/shibasex.com\/index.php?rest_route=%2Fwp%2Fv2%2Fmedia&parent=5967"}],"wp:term":[{"taxonomy":"product_brand","embeddable":true,"href":"https:\/\/shibasex.com\/index.php?rest_route=%2Fwp%2Fv2%2Fproduct_brand&post=5967"},{"taxonomy":"product_cat","embeddable":true,"href":"https:\/\/shibasex.com\/index.php?rest_route=%2Fwp%2Fv2%2Fproduct_cat&post=5967"},{"taxonomy":"product_tag","embeddable":true,"href":"https:\/\/shibasex.com\/index.php?rest_route=%2Fwp%2Fv2%2Fproduct_tag&post=5967"}],"curies":[{"name":"wp","href":"https:\/\/api.w.org\/{rel}","templated":true}]}}