{"id":5956,"date":"2026-03-23T13:37:45","date_gmt":"2026-03-23T13:37:45","guid":{"rendered":"https:\/\/shibasex.com\/?product=satisfyer-vibratore-anale-per-principianti-assoluti-con-1-plug"},"modified":"2026-03-23T13:37:49","modified_gmt":"2026-03-23T13:37:49","slug":"satisfyer-vibratore-anale-per-principianti-assoluti-con-1-plug","status":"publish","type":"product","link":"https:\/\/shibasex.com\/?product=satisfyer-vibratore-anale-per-principianti-assoluti-con-1-plug","title":{"rendered":"SATISFYER &#8211; VIBRATORE ANALE PER PRINCIPIANTI ASSOLUTI CON 1 PLUG"},"content":{"rendered":"<p><strong>Satisfyer Booty Absolute Beginners 1<\/strong> , 7,5 cm Il sesso anale \u00e8 un argomento che non hai ancora osato affrontare? Satisfyer Booty Absolute Beginners 1 \u00e8 qui per introdurti al mondo del sesso anale, con delicatezza e al tuo ritmo, ovviamente! Se dici A(nale), devi dire B(oty).<\/p>\n<p> Il <strong>Satisfyer Booty Absolute Beginners 1<\/strong> \u00e8 un plug anale vibrante particolarmente adatto per i principianti e per chi si allena in questo settore. Il piccolo plug, con la punta delicatamente arrotondata, \u00e8 molto facile da inserire grazie alla sua forma conica. Il silicone morbido e delicato sulla pelle contribuisce inoltre a rendere l&#39;inserimento il pi\u00f9 confortevole possibile: una sensazione fantastica! Tuttavia, dovresti anche usare un lubrificante anale speciale o a base d&#39;acqua, poich\u00e9 il tuo butt plug non produce umidit\u00e0 da solo. Struttura generosa per la tua sicurezza Ci\u00f2 che rende il Booty Absolute Beginners 1 perfetto per chiunque non abbia precedenti esperienze anali \u00e8 la sua base generosa. In questo modo puoi rilassarti e goderti la piacevole sensazione che il plug ti d\u00e0. Quindi non dovrai preoccuparti che qualcosa finisca nel posto sbagliato!<\/p>\n<p> Abbiamo 12 diversi programmi di vibrazione per realizzare i tuoi sogni anali. Questo piccolo gioiello \u00e8 anche impermeabile (IPX7) e ti accompagner\u00e0 felicemente sotto la doccia o nella vasca da bagno. Dai un po&#39; di potenza! Il tuo <strong>Satisfyer<\/strong> \u00e8 dotato di batterie integrate ed \u00e8 quindi ecologico e ricaricabile. Il cavo di ricarica USB magnetico incluso pu\u00f2 essere integrato con una normale spina di alimentazione da 5 V, se necessario. Materiale e cura: il tuo <strong>Satisfyer<\/strong> impermeabile \u00e8 realizzato in silicone di grado medico liscio come la seta, estremamente lubrificato e che assorbe rapidamente il calore corporeo. Il prodotto pu\u00f2 essere facilmente pulito con un po&#39; di sapone e acqua tiepida. Un po&#39; di detergente disinfettante per giocattoli garantisce un&#39;igiene particolarmente accurata, idealmente con lo spray disinfettante Satisfyer perfettamente coordinato. Per il massimo piacere, usa sempre il tuo vibratore con uno dei lubrificanti a base d&#39;acqua Satisfyer ideali per il prodotto. Sono disponibili nelle versioni Classic, Silky e Warm. La composizione vegana a base d&#39;acqua protegge il materiale e mantiene la superficie del tuo Satisfyer meravigliosamente liscia.<\/p>\n<p> Il marchio Satisfyer: molto pi\u00f9 di un semplice marchio tedesco! Tutto \u00e8 iniziato con la stimolazione clitoridea senza contatto grazie all&#39;innovativa e brevettata tecnologia a onde di pressione: oggi il marchio leader mondiale per il benessere sessuale arricchisce la vita sentimentale di oltre 25.000.000 di donne, uomini e coppie in oltre 100 paesi con una gamma di prodotti diversificata, idee sempre nuove e tecnologie all&#39;avanguardia.<\/p>\n<p> Con caratteristiche di qualit\u00e0 come silicone di alta qualit\u00e0, una garanzia di 15 anni, struttura impermeabile e motori potenti, il famoso marchio tedesco si impegna costantemente a combinare tecnologia e design eccezionale nei suoi prodotti. Solo negli ultimi anni, Satisfyer ha vinto oltre 474 premi internazionali di design come nessun&#39;altra azienda, tra cui 73 Red Dot Awards e 19 IF Design Awards.<\/p>\n","protected":false},"excerpt":{"rendered":"<p>Satisfyer Booty Absolute Beginners 1 , 7,5 cm Il sesso anale \u00e8 un argomento che non hai ancora osato affrontare? Satisfyer Booty Absolute Beginners 1 \u00e8 qui per introdurti al mondo del sesso anale, con delicatezza e al tuo ritmo, ovviamente! Se dici A(nale), devi dire B(oty). Il Satisfyer Booty Absolute Beginners 1 \u00e8 un [&hellip;]<\/p>\n","protected":false},"featured_media":5955,"comment_status":"open","ping_status":"closed","template":"","meta":[],"product_brand":[],"product_cat":[72],"product_tag":[],"class_list":{"0":"post-5956","1":"product","2":"type-product","3":"status-publish","4":"has-post-thumbnail","6":"product_cat-vibratori-anali","8":"first","9":"instock","10":"shipping-taxable","11":"purchasable","12":"product-type-simple"},"_cost_price":"","_links":{"self":[{"href":"https:\/\/shibasex.com\/index.php?rest_route=\/wp\/v2\/product\/5956","targetHints":{"allow":["GET"]}}],"collection":[{"href":"https:\/\/shibasex.com\/index.php?rest_route=\/wp\/v2\/product"}],"about":[{"href":"https:\/\/shibasex.com\/index.php?rest_route=\/wp\/v2\/types\/product"}],"replies":[{"embeddable":true,"href":"https:\/\/shibasex.com\/index.php?rest_route=%2Fwp%2Fv2%2Fcomments&post=5956"}],"wp:featuredmedia":[{"embeddable":true,"href":"https:\/\/shibasex.com\/index.php?rest_route=\/wp\/v2\/media\/5955"}],"wp:attachment":[{"href":"https:\/\/shibasex.com\/index.php?rest_route=%2Fwp%2Fv2%2Fmedia&parent=5956"}],"wp:term":[{"taxonomy":"product_brand","embeddable":true,"href":"https:\/\/shibasex.com\/index.php?rest_route=%2Fwp%2Fv2%2Fproduct_brand&post=5956"},{"taxonomy":"product_cat","embeddable":true,"href":"https:\/\/shibasex.com\/index.php?rest_route=%2Fwp%2Fv2%2Fproduct_cat&post=5956"},{"taxonomy":"product_tag","embeddable":true,"href":"https:\/\/shibasex.com\/index.php?rest_route=%2Fwp%2Fv2%2Fproduct_tag&post=5956"}],"curies":[{"name":"wp","href":"https:\/\/api.w.org\/{rel}","templated":true}]}}