{"id":5646,"date":"2026-03-23T11:13:33","date_gmt":"2026-03-23T11:13:33","guid":{"rendered":"https:\/\/shibasex.com\/?product=climaximum-anello-vibrante-per-il-pene-tyro-con-luci-led"},"modified":"2026-03-23T11:13:34","modified_gmt":"2026-03-23T11:13:34","slug":"climaximum-anello-vibrante-per-il-pene-tyro-con-luci-led","status":"publish","type":"product","link":"https:\/\/shibasex.com\/?product=climaximum-anello-vibrante-per-il-pene-tyro-con-luci-led","title":{"rendered":"CLIMAXIMUM &#8211; ANELLO VIBRANTE PER IL PENE TYRO CON LUCI LED"},"content":{"rendered":"<p>Le pulsazioni profondamente soddisfacenti di <strong>Tyro<\/strong> faranno rabbrividire te e il tuo partner ogni volta che lo inserirete, amplificando l&#39;intensit\u00e0 dei vostri orgasmi. I punti di contatto vibranti di Tyro e la sensazione solida e vellutata del suo silicone di grado medico si adattano al tuo corpo.<\/p>\n<p> <strong>CARATTERISTICHE<\/strong> :<\/p>\n<ul>\n<li> 10 velocit\u00e0<\/li>\n<li> Impermeabile IPX7<\/li>\n<li> Materiali: silicone \/ plastica ABS<\/li>\n<li> Batteria: agli ioni di litio ricaricabile &#8211; cavo USB incluso<\/li>\n<li> 3 ore di ricarica per un massimo di 3 ore di piacere<\/li>\n<li> Dimensioni del prodotto: 52 mm x 81,5 mm x 21 mm larghezza x altezza x profondit\u00e0<\/li>\n<li> Peso del prodotto: 44 g<\/li>\n<\/ul>\n<p> <u><strong>CLIMAXIMO<\/strong><\/u><\/p>\n<p> La collezione Climaximum si concentra su indulgenza, potenza e piacere. Progettati per chi cerca di pi\u00f9, questi giocattoli combinano un&#39;estetica seducente con sensazioni intense per portare le tue esperienze pi\u00f9 intime a nuovi livelli. Che tu stia cercando soddisfazione da solo o esplorando connessioni pi\u00f9 profonde con il tuo partner, Climaximum ha qualcosa per soddisfare tutti i tuoi desideri.<\/p>\n<ul>\n<li> Pi\u00f9 potenza, pi\u00f9 piacere: la collezione comprende giocattoli con filo e a proiettile che emettono vibrazioni profonde e rombanti esattamente dove ne hai bisogno.<\/li>\n<li> Progettato per ogni esperienza: scopri una variet\u00e0 di divertenti kit per coppie o concediti un&#39;avventura da solo con potenti vibratori e stimolatori.<\/li>\n<li> Selezione versatile: goditi una combinazione di potenziatori delle prestazioni vaginali, clitoridei, anali e anelli per il pene, pensati per chi desidera provare ogni tipo di piacere.<\/li>\n<li> PX7 impermeabile e sicuro per il corpo: porta il tuo piacere ovunque, sapendo che ogni giocattolo \u00e8 realizzato con materiali di prima qualit\u00e0, progettati per la sicurezza e la soddisfazione.<\/li>\n<\/ul>\n","protected":false},"excerpt":{"rendered":"<p>Le pulsazioni profondamente soddisfacenti di Tyro faranno rabbrividire te e il tuo partner ogni volta che lo inserirete, amplificando l&#39;intensit\u00e0 dei vostri orgasmi. I punti di contatto vibranti di Tyro e la sensazione solida e vellutata del suo silicone di grado medico si adattano al tuo corpo. CARATTERISTICHE : 10 velocit\u00e0 Impermeabile IPX7 Materiali: silicone [&hellip;]<\/p>\n","protected":false},"featured_media":5645,"comment_status":"open","ping_status":"closed","template":"","meta":[],"product_brand":[],"product_cat":[30],"product_tag":[],"class_list":{"0":"post-5646","1":"product","2":"type-product","3":"status-publish","4":"has-post-thumbnail","6":"product_cat-anelli-vibranti-per-il-pene","8":"first","9":"instock","10":"shipping-taxable","11":"purchasable","12":"product-type-simple"},"_cost_price":"","_links":{"self":[{"href":"https:\/\/shibasex.com\/index.php?rest_route=\/wp\/v2\/product\/5646","targetHints":{"allow":["GET"]}}],"collection":[{"href":"https:\/\/shibasex.com\/index.php?rest_route=\/wp\/v2\/product"}],"about":[{"href":"https:\/\/shibasex.com\/index.php?rest_route=\/wp\/v2\/types\/product"}],"replies":[{"embeddable":true,"href":"https:\/\/shibasex.com\/index.php?rest_route=%2Fwp%2Fv2%2Fcomments&post=5646"}],"wp:featuredmedia":[{"embeddable":true,"href":"https:\/\/shibasex.com\/index.php?rest_route=\/wp\/v2\/media\/5645"}],"wp:attachment":[{"href":"https:\/\/shibasex.com\/index.php?rest_route=%2Fwp%2Fv2%2Fmedia&parent=5646"}],"wp:term":[{"taxonomy":"product_brand","embeddable":true,"href":"https:\/\/shibasex.com\/index.php?rest_route=%2Fwp%2Fv2%2Fproduct_brand&post=5646"},{"taxonomy":"product_cat","embeddable":true,"href":"https:\/\/shibasex.com\/index.php?rest_route=%2Fwp%2Fv2%2Fproduct_cat&post=5646"},{"taxonomy":"product_tag","embeddable":true,"href":"https:\/\/shibasex.com\/index.php?rest_route=%2Fwp%2Fv2%2Fproduct_tag&post=5646"}],"curies":[{"name":"wp","href":"https:\/\/api.w.org\/{rel}","templated":true}]}}