{"id":5631,"date":"2026-03-23T11:13:24","date_gmt":"2026-03-23T11:13:24","guid":{"rendered":"https:\/\/shibasex.com\/?product=climaximum-vibratore-sensoriale-con-anello-per-il-pene"},"modified":"2026-03-23T11:13:26","modified_gmt":"2026-03-23T11:13:26","slug":"climaximum-vibratore-sensoriale-con-anello-per-il-pene","status":"publish","type":"product","link":"https:\/\/shibasex.com\/?product=climaximum-vibratore-sensoriale-con-anello-per-il-pene","title":{"rendered":"CLIMAXIMUM &#8211; VIBRATORE SENSORIALE CON ANELLO PER IL PENE"},"content":{"rendered":"<p>Perch\u00e9 non goderti i tuoi momenti pi\u00f9 intimi con <strong>Capture<\/strong> ? Progettato per intensificare i tuoi livelli di piacere, <strong>Capture<\/strong> permette a te e al tuo partner di provare sensazioni intense durante il gioco sensuale. Realizzato in silicone sensoriale di grado medico e progettato per una vestibilit\u00e0 sensuale, non devi fare altro che rilassarti e abbandonarti&#8230; Questo \u00e8 il tuo momento!<\/p>\n<p> <strong>CARATTERISTICHE<\/strong> :<\/p>\n<ul>\n<li> 10 velocit\u00e0<\/li>\n<li> Anello del piacere intimo per coppie &#8211; Vibrazioni potenti<\/li>\n<li> IPX7 impermeabile<\/li>\n<li> Materiali: silicone\/plastica ABS<\/li>\n<li> Batteria: ricaricabile<\/li>\n<li> 1,5 ore di ricarica per 1,5 ore di gioco<\/li>\n<li> Dimensioni del prodotto: 67 mm x 109 mm x 41 mm L x A x P<\/li>\n<li> Peso del prodotto: 81 g g<\/li>\n<\/ul>\n<p> <u><strong>CLIMAXIMO<\/strong><\/u><\/p>\n<p> La collezione Climaximum si concentra su indulgenza, potenza e piacere. Progettati per chi cerca di pi\u00f9, questi giocattoli combinano un&#39;estetica seducente con sensazioni intense per portare le tue esperienze pi\u00f9 intime a nuovi livelli. Che tu stia cercando soddisfazione da solo o esplorando connessioni pi\u00f9 profonde con il tuo partner, Climaximum ha qualcosa per soddisfare tutti i tuoi desideri.<\/p>\n<ul>\n<li> Pi\u00f9 potenza, pi\u00f9 piacere: la collezione comprende giocattoli con filo e a proiettile che emettono vibrazioni profonde e rombanti esattamente dove ne hai bisogno.<\/li>\n<li> Progettato per ogni esperienza: scopri una variet\u00e0 di divertenti kit per coppie o concediti un&#39;avventura da solo con potenti vibratori e stimolatori.<\/li>\n<li> Selezione versatile: goditi una combinazione di potenziatori delle prestazioni vaginali, clitoridei, anali e anelli per il pene, pensati per chi desidera provare ogni tipo di piacere.<\/li>\n<li> PX7 impermeabile e sicuro per il corpo: porta il tuo piacere ovunque, sapendo che ogni giocattolo \u00e8 realizzato con materiali di prima qualit\u00e0, progettati per la sicurezza e la soddisfazione.<\/li>\n<\/ul>\n","protected":false},"excerpt":{"rendered":"<p>Perch\u00e9 non goderti i tuoi momenti pi\u00f9 intimi con Capture ? Progettato per intensificare i tuoi livelli di piacere, Capture permette a te e al tuo partner di provare sensazioni intense durante il gioco sensuale. Realizzato in silicone sensoriale di grado medico e progettato per una vestibilit\u00e0 sensuale, non devi fare altro che rilassarti e [&hellip;]<\/p>\n","protected":false},"featured_media":5630,"comment_status":"open","ping_status":"closed","template":"","meta":[],"product_brand":[],"product_cat":[30],"product_tag":[],"class_list":{"0":"post-5631","1":"product","2":"type-product","3":"status-publish","4":"has-post-thumbnail","6":"product_cat-anelli-vibranti-per-il-pene","8":"first","9":"instock","10":"shipping-taxable","11":"purchasable","12":"product-type-simple"},"_cost_price":"","_links":{"self":[{"href":"https:\/\/shibasex.com\/index.php?rest_route=\/wp\/v2\/product\/5631","targetHints":{"allow":["GET"]}}],"collection":[{"href":"https:\/\/shibasex.com\/index.php?rest_route=\/wp\/v2\/product"}],"about":[{"href":"https:\/\/shibasex.com\/index.php?rest_route=\/wp\/v2\/types\/product"}],"replies":[{"embeddable":true,"href":"https:\/\/shibasex.com\/index.php?rest_route=%2Fwp%2Fv2%2Fcomments&post=5631"}],"wp:featuredmedia":[{"embeddable":true,"href":"https:\/\/shibasex.com\/index.php?rest_route=\/wp\/v2\/media\/5630"}],"wp:attachment":[{"href":"https:\/\/shibasex.com\/index.php?rest_route=%2Fwp%2Fv2%2Fmedia&parent=5631"}],"wp:term":[{"taxonomy":"product_brand","embeddable":true,"href":"https:\/\/shibasex.com\/index.php?rest_route=%2Fwp%2Fv2%2Fproduct_brand&post=5631"},{"taxonomy":"product_cat","embeddable":true,"href":"https:\/\/shibasex.com\/index.php?rest_route=%2Fwp%2Fv2%2Fproduct_cat&post=5631"},{"taxonomy":"product_tag","embeddable":true,"href":"https:\/\/shibasex.com\/index.php?rest_route=%2Fwp%2Fv2%2Fproduct_tag&post=5631"}],"curies":[{"name":"wp","href":"https:\/\/api.w.org\/{rel}","templated":true}]}}