{"id":5627,"date":"2026-03-23T11:13:22","date_gmt":"2026-03-23T11:13:22","guid":{"rendered":"https:\/\/shibasex.com\/?product=climaximum-anello-vibrante-per-il-pene-avio-bullet"},"modified":"2026-03-23T11:13:23","modified_gmt":"2026-03-23T11:13:23","slug":"climaximum-anello-vibrante-per-il-pene-avio-bullet","status":"publish","type":"product","link":"https:\/\/shibasex.com\/?product=climaximum-anello-vibrante-per-il-pene-avio-bullet","title":{"rendered":"CLIMAXIMUM &#8211; ANELLO VIBRANTE PER IL PENE AVIO BULLET"},"content":{"rendered":"<p>L&#39;anello per il pene <strong>Avio<\/strong> \u00e8 dotato di una potente curvatura maschile e di noduli sensoriali per offrirti il massimo effetto. Questo anello per il pene ha una vibrazione forte e decisa che ti afferra saldamente e offre 10 livelli di potenza, cos\u00ec non vorrai pi\u00f9 toglierlo.<\/p>\n<p> <strong>CARATTERISTICHE<\/strong> :<\/p>\n<ul>\n<li> 10 velocit\u00e0<\/li>\n<li> Noduli del piacere<\/li>\n<li> Anello vibrante per il pene dal design ergonomico e dalla texture sensoriale &#8211; Presa salda<\/li>\n<li> Proiettile rimovibile da 90 mm<\/li>\n<li> Impermeabile IPX7<\/li>\n<li> Materiali: silicone\/plastica ABS<\/li>\n<li> Batteria: 1 batteria AAA inclusa<\/li>\n<li> Dimensioni del prodotto: 90 mm x 90 mm x 40 mm larghezza x altezza x profondit\u00e0<\/li>\n<li> Peso del prodotto: 76 g<\/li>\n<\/ul>\n<p> <u><strong>CLIMAXIMO<\/strong><\/u><\/p>\n<p> La collezione Climaximum si concentra su indulgenza, potenza e piacere. Progettati per chi cerca di pi\u00f9, questi giocattoli combinano un&#39;estetica seducente con sensazioni intense per portare le tue esperienze pi\u00f9 intime a nuovi livelli. Che tu stia cercando soddisfazione da solo o esplorando connessioni pi\u00f9 profonde con il tuo partner, Climaximum ha qualcosa per soddisfare tutti i tuoi desideri.<\/p>\n<ul>\n<li> Pi\u00f9 potenza, pi\u00f9 piacere: la collezione comprende giocattoli con fili e proiettili che emettono vibrazioni profonde e rimbombanti esattamente dove ne hai bisogno.<\/li>\n<li> Progettato per ogni esperienza: scopri una variet\u00e0 di divertenti kit per coppie o concediti un&#39;avventura da solo con potenti vibratori e stimolatori.<\/li>\n<li> Selezione versatile: goditi una combinazione di potenziatori delle prestazioni vaginali, clitoridei, anali e anelli per il pene, pensati per chi desidera provare ogni tipo di piacere.<\/li>\n<li> PX7 impermeabile e sicuro per il corpo: porta il tuo piacere ovunque, sapendo che ogni giocattolo \u00e8 realizzato con materiali di prima qualit\u00e0, progettati per la sicurezza e la soddisfazione.<\/li>\n<\/ul>\n","protected":false},"excerpt":{"rendered":"<p>L&#39;anello per il pene Avio \u00e8 dotato di una potente curvatura maschile e di noduli sensoriali per offrirti il massimo effetto. Questo anello per il pene ha una vibrazione forte e decisa che ti afferra saldamente e offre 10 livelli di potenza, cos\u00ec non vorrai pi\u00f9 toglierlo. CARATTERISTICHE : 10 velocit\u00e0 Noduli del piacere Anello [&hellip;]<\/p>\n","protected":false},"featured_media":5626,"comment_status":"open","ping_status":"closed","template":"","meta":[],"product_brand":[],"product_cat":[30],"product_tag":[],"class_list":{"0":"post-5627","1":"product","2":"type-product","3":"status-publish","4":"has-post-thumbnail","6":"product_cat-anelli-vibranti-per-il-pene","8":"first","9":"instock","10":"shipping-taxable","11":"purchasable","12":"product-type-simple"},"_cost_price":"","_links":{"self":[{"href":"https:\/\/shibasex.com\/index.php?rest_route=\/wp\/v2\/product\/5627","targetHints":{"allow":["GET"]}}],"collection":[{"href":"https:\/\/shibasex.com\/index.php?rest_route=\/wp\/v2\/product"}],"about":[{"href":"https:\/\/shibasex.com\/index.php?rest_route=\/wp\/v2\/types\/product"}],"replies":[{"embeddable":true,"href":"https:\/\/shibasex.com\/index.php?rest_route=%2Fwp%2Fv2%2Fcomments&post=5627"}],"wp:featuredmedia":[{"embeddable":true,"href":"https:\/\/shibasex.com\/index.php?rest_route=\/wp\/v2\/media\/5626"}],"wp:attachment":[{"href":"https:\/\/shibasex.com\/index.php?rest_route=%2Fwp%2Fv2%2Fmedia&parent=5627"}],"wp:term":[{"taxonomy":"product_brand","embeddable":true,"href":"https:\/\/shibasex.com\/index.php?rest_route=%2Fwp%2Fv2%2Fproduct_brand&post=5627"},{"taxonomy":"product_cat","embeddable":true,"href":"https:\/\/shibasex.com\/index.php?rest_route=%2Fwp%2Fv2%2Fproduct_cat&post=5627"},{"taxonomy":"product_tag","embeddable":true,"href":"https:\/\/shibasex.com\/index.php?rest_route=%2Fwp%2Fv2%2Fproduct_tag&post=5627"}],"curies":[{"name":"wp","href":"https:\/\/api.w.org\/{rel}","templated":true}]}}