{"id":5370,"date":"2026-03-23T11:10:27","date_gmt":"2026-03-23T11:10:27","guid":{"rendered":"https:\/\/shibasex.com\/?product=toyjoy-anello-vibrante-per-pene-eclipse-light"},"modified":"2026-03-23T11:10:30","modified_gmt":"2026-03-23T11:10:30","slug":"toyjoy-anello-vibrante-per-pene-eclipse-light","status":"publish","type":"product","link":"https:\/\/shibasex.com\/?product=toyjoy-anello-vibrante-per-pene-eclipse-light","title":{"rendered":"TOYJOY &#8211; ANELLO VIBRANTE PER PENE ECLIPSE LIGHT"},"content":{"rendered":"<p>Illumina la tua vita amorosa con Eclipse della collezione Lovelight di LUZ by TOYJOY. Eclipse \u00e8 un elegante anello vibrante per il pene con 7 impostazioni emozionanti. Il suo design contemporaneo ed elegante \u00e8 realizzato in silicone morbido e di alta qualit\u00e0 ed \u00e8 disponibile in taglia unica. Eclipse \u00e8 ricaricabile tramite USB (cavo di ricarica incluso), impermeabile e dotato di un&#39;elegante luce LED multicolore che ti permette di creare l&#39;atmosfera giusta per un divertimento intimo e sensazionale anche al buio.<\/p>\n<p> <u><em><strong>Specifiche<\/strong><\/em><\/u><\/p>\n<ul>\n<li> Lunghezza totale 7 cm &#8211; 2,76 pollici<\/li>\n<li> Diametro inseribile 4 cm<\/li>\n<li> Materiale Silicone<\/li>\n<li> Resistenza all&#39;acqua Impermeabile<\/li>\n<li> Modalit\u00e0 di vibrazione 7<\/li>\n<li> Tipo di batteria agli ioni di litio<\/li>\n<\/ul>\n<p> <strong>ToyJoy<\/strong> \u00e8 un marchio dinamico e innovativo nel mondo dei prodotti per il gioco e l&#39;intimit\u00e0. Noto per la sua gamma diversificata e di alta qualit\u00e0, <strong>ToyJoy<\/strong> offre un&#39;ampia gamma di articoli che soddisfano gusti e preferenze diversi. Il marchio si concentra sulla creazione di prodotti divertenti, sicuri e facili da usare, garantendone l&#39;accessibilit\u00e0 e il piacere per tutti. Con un&#39;attenzione particolare al design, alla funzionalit\u00e0 e all&#39;utilizzo di materiali sicuri per il corpo, <strong>ToyJoy<\/strong> integra le tecnologie pi\u00f9 recenti nelle sue offerte, rendendole le preferite dai consumatori che desiderano aggiungere un tocco di gioia ed entusiasmo alla propria vita personale. <strong>ToyJoy<\/strong> si distingue per il suo impegno per la soddisfazione del cliente, l&#39;eccellenza dei prodotti e la sicurezza.<\/p>\n","protected":false},"excerpt":{"rendered":"<p>Illumina la tua vita amorosa con Eclipse della collezione Lovelight di LUZ by TOYJOY. Eclipse \u00e8 un elegante anello vibrante per il pene con 7 impostazioni emozionanti. Il suo design contemporaneo ed elegante \u00e8 realizzato in silicone morbido e di alta qualit\u00e0 ed \u00e8 disponibile in taglia unica. Eclipse \u00e8 ricaricabile tramite USB (cavo di [&hellip;]<\/p>\n","protected":false},"featured_media":5369,"comment_status":"open","ping_status":"closed","template":"","meta":[],"product_brand":[],"product_cat":[30],"product_tag":[],"class_list":{"0":"post-5370","1":"product","2":"type-product","3":"status-publish","4":"has-post-thumbnail","6":"product_cat-anelli-vibranti-per-il-pene","8":"first","9":"instock","10":"shipping-taxable","11":"purchasable","12":"product-type-simple"},"_cost_price":"","_links":{"self":[{"href":"https:\/\/shibasex.com\/index.php?rest_route=\/wp\/v2\/product\/5370","targetHints":{"allow":["GET"]}}],"collection":[{"href":"https:\/\/shibasex.com\/index.php?rest_route=\/wp\/v2\/product"}],"about":[{"href":"https:\/\/shibasex.com\/index.php?rest_route=\/wp\/v2\/types\/product"}],"replies":[{"embeddable":true,"href":"https:\/\/shibasex.com\/index.php?rest_route=%2Fwp%2Fv2%2Fcomments&post=5370"}],"wp:featuredmedia":[{"embeddable":true,"href":"https:\/\/shibasex.com\/index.php?rest_route=\/wp\/v2\/media\/5369"}],"wp:attachment":[{"href":"https:\/\/shibasex.com\/index.php?rest_route=%2Fwp%2Fv2%2Fmedia&parent=5370"}],"wp:term":[{"taxonomy":"product_brand","embeddable":true,"href":"https:\/\/shibasex.com\/index.php?rest_route=%2Fwp%2Fv2%2Fproduct_brand&post=5370"},{"taxonomy":"product_cat","embeddable":true,"href":"https:\/\/shibasex.com\/index.php?rest_route=%2Fwp%2Fv2%2Fproduct_cat&post=5370"},{"taxonomy":"product_tag","embeddable":true,"href":"https:\/\/shibasex.com\/index.php?rest_route=%2Fwp%2Fv2%2Fproduct_tag&post=5370"}],"curies":[{"name":"wp","href":"https:\/\/api.w.org\/{rel}","templated":true}]}}