{"id":5309,"date":"2026-03-23T11:09:50","date_gmt":"2026-03-23T11:09:50","guid":{"rendered":"https:\/\/shibasex.com\/?product=pretty-love-guaina-per-pene-hartman-trasparente"},"modified":"2026-03-23T11:09:54","modified_gmt":"2026-03-23T11:09:54","slug":"pretty-love-guaina-per-pene-hartman-trasparente","status":"publish","type":"product","link":"https:\/\/shibasex.com\/?product=pretty-love-guaina-per-pene-hartman-trasparente","title":{"rendered":"PRETTY LOVE &#8211; GUAINA PER PENE HARTMAN TRASPARENTE"},"content":{"rendered":"<p><strong>BELLISSIMO AMORE BI-026275M<\/strong><br \/> Rendi il tuo pene pi\u00f9 forte con una fantastica guaina per il pene! Con un materiale TPE morbido e realistico, la guaina per il pene \u00e8 morbida e super elastica ma abbastanza forte da rimanere in posizione. Pu\u00f2 adattarsi a qualsiasi circonferenza del pene, abbracciando la pelle, intrappolando il sangue nel pene e aiutandoti a ottenere erezioni pi\u00f9 durature e pi\u00f9 forti. \u00c8 anche adatta per l&#39;allenamento progressivo della potenza e per prolungare il momento dolce, ritardando l&#39;eiaculazione. Basta infilare questa guaina di estensione del pene sul tuo cazzo e dare alla tua dolce met\u00e0 la massima soddisfazione!<\/p>\n<p> <u><strong>CARATTERISTICHE<\/strong><\/u> :<\/p>\n<ul>\n<li> Materiale: TPR<\/li>\n<li> Impermeabile<\/li>\n<\/ul>\n","protected":false},"excerpt":{"rendered":"<p>BELLISSIMO AMORE BI-026275M Rendi il tuo pene pi\u00f9 forte con una fantastica guaina per il pene! Con un materiale TPE morbido e realistico, la guaina per il pene \u00e8 morbida e super elastica ma abbastanza forte da rimanere in posizione. Pu\u00f2 adattarsi a qualsiasi circonferenza del pene, abbracciando la pelle, intrappolando il sangue nel pene [&hellip;]<\/p>\n","protected":false},"featured_media":5308,"comment_status":"open","ping_status":"closed","template":"","meta":[],"product_brand":[],"product_cat":[135],"product_tag":[],"class_list":{"0":"post-5309","1":"product","2":"type-product","3":"status-publish","4":"has-post-thumbnail","6":"product_cat-guaine-senza-prolunga","8":"first","9":"instock","10":"shipping-taxable","11":"purchasable","12":"product-type-simple"},"_cost_price":"","_links":{"self":[{"href":"https:\/\/shibasex.com\/index.php?rest_route=\/wp\/v2\/product\/5309","targetHints":{"allow":["GET"]}}],"collection":[{"href":"https:\/\/shibasex.com\/index.php?rest_route=\/wp\/v2\/product"}],"about":[{"href":"https:\/\/shibasex.com\/index.php?rest_route=\/wp\/v2\/types\/product"}],"replies":[{"embeddable":true,"href":"https:\/\/shibasex.com\/index.php?rest_route=%2Fwp%2Fv2%2Fcomments&post=5309"}],"wp:featuredmedia":[{"embeddable":true,"href":"https:\/\/shibasex.com\/index.php?rest_route=\/wp\/v2\/media\/5308"}],"wp:attachment":[{"href":"https:\/\/shibasex.com\/index.php?rest_route=%2Fwp%2Fv2%2Fmedia&parent=5309"}],"wp:term":[{"taxonomy":"product_brand","embeddable":true,"href":"https:\/\/shibasex.com\/index.php?rest_route=%2Fwp%2Fv2%2Fproduct_brand&post=5309"},{"taxonomy":"product_cat","embeddable":true,"href":"https:\/\/shibasex.com\/index.php?rest_route=%2Fwp%2Fv2%2Fproduct_cat&post=5309"},{"taxonomy":"product_tag","embeddable":true,"href":"https:\/\/shibasex.com\/index.php?rest_route=%2Fwp%2Fv2%2Fproduct_tag&post=5309"}],"curies":[{"name":"wp","href":"https:\/\/api.w.org\/{rel}","templated":true}]}}