{"id":5183,"date":"2026-03-23T11:07:46","date_gmt":"2026-03-23T11:07:46","guid":{"rendered":"https:\/\/shibasex.com\/?product=romance-guaina-per-pene-vibrante-nera"},"modified":"2026-03-23T11:07:54","modified_gmt":"2026-03-23T11:07:54","slug":"romance-guaina-per-pene-vibrante-nera","status":"publish","type":"product","link":"https:\/\/shibasex.com\/?product=romance-guaina-per-pene-vibrante-nera","title":{"rendered":"ROMANCE &#8211; GUAINA PER PENE VIBRANTE NERA"},"content":{"rendered":"<p><strong>ROMANZO MC64<\/strong><\/p>\n<p> La guaina \u00e8 realizzata in TPE simile alla pelle per una sensazione ultra-realistica ed \u00e8 sapientemente scolpita per avere un aspetto realistico. Questa guaina di estensione del pene dalla sensazione naturale si adatta alla tua erezione con un comodo albero cavo e un anello per i testicoli per una vestibilit\u00e0 sicura che non si muover\u00e0 durante il gioco.<\/p>\n<p> Lo stimolatore sollevato colpir\u00e0 sempre il punto giusto e offrir\u00e0 a entrambi ancora pi\u00f9 stimolazione a ogni spinta!<\/p>\n<p> <u><strong>CARATTERISTICHE<\/strong><\/u> :<\/p>\n<ul>\n<li> Funzione: Vibrazione<\/li>\n<li> Materiale: TPE, ABS<\/li>\n<\/ul>\n","protected":false},"excerpt":{"rendered":"<p>ROMANZO MC64 La guaina \u00e8 realizzata in TPE simile alla pelle per una sensazione ultra-realistica ed \u00e8 sapientemente scolpita per avere un aspetto realistico. Questa guaina di estensione del pene dalla sensazione naturale si adatta alla tua erezione con un comodo albero cavo e un anello per i testicoli per una vestibilit\u00e0 sicura che non [&hellip;]<\/p>\n","protected":false},"featured_media":5182,"comment_status":"open","ping_status":"closed","template":"","meta":[],"product_brand":[],"product_cat":[132],"product_tag":[],"class_list":{"0":"post-5183","1":"product","2":"type-product","3":"status-publish","4":"has-post-thumbnail","6":"product_cat-guaine-con-prolunga","8":"first","9":"instock","10":"shipping-taxable","11":"purchasable","12":"product-type-simple"},"_cost_price":"","_links":{"self":[{"href":"https:\/\/shibasex.com\/index.php?rest_route=\/wp\/v2\/product\/5183","targetHints":{"allow":["GET"]}}],"collection":[{"href":"https:\/\/shibasex.com\/index.php?rest_route=\/wp\/v2\/product"}],"about":[{"href":"https:\/\/shibasex.com\/index.php?rest_route=\/wp\/v2\/types\/product"}],"replies":[{"embeddable":true,"href":"https:\/\/shibasex.com\/index.php?rest_route=%2Fwp%2Fv2%2Fcomments&post=5183"}],"wp:featuredmedia":[{"embeddable":true,"href":"https:\/\/shibasex.com\/index.php?rest_route=\/wp\/v2\/media\/5182"}],"wp:attachment":[{"href":"https:\/\/shibasex.com\/index.php?rest_route=%2Fwp%2Fv2%2Fmedia&parent=5183"}],"wp:term":[{"taxonomy":"product_brand","embeddable":true,"href":"https:\/\/shibasex.com\/index.php?rest_route=%2Fwp%2Fv2%2Fproduct_brand&post=5183"},{"taxonomy":"product_cat","embeddable":true,"href":"https:\/\/shibasex.com\/index.php?rest_route=%2Fwp%2Fv2%2Fproduct_cat&post=5183"},{"taxonomy":"product_tag","embeddable":true,"href":"https:\/\/shibasex.com\/index.php?rest_route=%2Fwp%2Fv2%2Fproduct_tag&post=5183"}],"curies":[{"name":"wp","href":"https:\/\/api.w.org\/{rel}","templated":true}]}}