{"id":5165,"date":"2026-03-23T11:07:32","date_gmt":"2026-03-23T11:07:32","guid":{"rendered":"https:\/\/shibasex.com\/?product=pretty-love-athena-alice-masturbatore-maschile-viola"},"modified":"2026-03-23T11:07:36","modified_gmt":"2026-03-23T11:07:36","slug":"pretty-love-athena-alice-masturbatore-maschile-viola","status":"publish","type":"product","link":"https:\/\/shibasex.com\/?product=pretty-love-athena-alice-masturbatore-maschile-viola","title":{"rendered":"PRETTY LOVE &#8211; ATHENA ALICE MASTURBATORE MASCHILE VIOLA"},"content":{"rendered":"<p><strong>BELLISSIMO AMORE BM-00900T100-1<\/strong><br \/> Il Pretty Love ATHENA Egg Stroker \u00e8 realizzato in TPR super elastico, facile da accarezzare e ruotare su se stessi. L&#39;esterno presenta una texture a onde increspate che fornisce una presa sicura alle dita mentre si gioca con lo stroker, oppure \u00e8 possibile capovolgere l&#39;uovo per passare alla texture unica all&#39;interno: premere il materiale il pi\u00f9 forte possibile per intensificare le texture o andare piano per sentire la texture scivolare delicatamente su tutta l&#39;erezione!<\/p>\n<p> Il design compatto \u00e8 racchiuso in una custodia rigida perfetta per i viaggi, mentre il morbido TPR \u00e8 impermeabile e consente di masturbarsi da soli sotto la doccia o nella vasca da bagno, offrendoti pi\u00f9 posti e modi per goderti il tuo uovo erotico!<\/p>\n<p> <u><strong>CARATTERISTICHE<\/strong><\/u> :<\/p>\n<ul>\n<li> Materiale: TPR<\/li>\n<li> Impermeabile<\/li>\n<\/ul>\n","protected":false},"excerpt":{"rendered":"<p>BELLISSIMO AMORE BM-00900T100-1 Il Pretty Love ATHENA Egg Stroker \u00e8 realizzato in TPR super elastico, facile da accarezzare e ruotare su se stessi. L&#39;esterno presenta una texture a onde increspate che fornisce una presa sicura alle dita mentre si gioca con lo stroker, oppure \u00e8 possibile capovolgere l&#39;uovo per passare alla texture unica all&#39;interno: premere [&hellip;]<\/p>\n","protected":false},"featured_media":5164,"comment_status":"open","ping_status":"closed","template":"","meta":[],"product_brand":[],"product_cat":[131],"product_tag":[],"class_list":{"0":"post-5165","1":"product","2":"type-product","3":"status-publish","4":"has-post-thumbnail","6":"product_cat-masturbatori-vari","8":"first","9":"instock","10":"shipping-taxable","11":"purchasable","12":"product-type-simple"},"_cost_price":"","_links":{"self":[{"href":"https:\/\/shibasex.com\/index.php?rest_route=\/wp\/v2\/product\/5165","targetHints":{"allow":["GET"]}}],"collection":[{"href":"https:\/\/shibasex.com\/index.php?rest_route=\/wp\/v2\/product"}],"about":[{"href":"https:\/\/shibasex.com\/index.php?rest_route=\/wp\/v2\/types\/product"}],"replies":[{"embeddable":true,"href":"https:\/\/shibasex.com\/index.php?rest_route=%2Fwp%2Fv2%2Fcomments&post=5165"}],"wp:featuredmedia":[{"embeddable":true,"href":"https:\/\/shibasex.com\/index.php?rest_route=\/wp\/v2\/media\/5164"}],"wp:attachment":[{"href":"https:\/\/shibasex.com\/index.php?rest_route=%2Fwp%2Fv2%2Fmedia&parent=5165"}],"wp:term":[{"taxonomy":"product_brand","embeddable":true,"href":"https:\/\/shibasex.com\/index.php?rest_route=%2Fwp%2Fv2%2Fproduct_brand&post=5165"},{"taxonomy":"product_cat","embeddable":true,"href":"https:\/\/shibasex.com\/index.php?rest_route=%2Fwp%2Fv2%2Fproduct_cat&post=5165"},{"taxonomy":"product_tag","embeddable":true,"href":"https:\/\/shibasex.com\/index.php?rest_route=%2Fwp%2Fv2%2Fproduct_tag&post=5165"}],"curies":[{"name":"wp","href":"https:\/\/api.w.org\/{rel}","templated":true}]}}