{"id":5146,"date":"2026-03-23T11:07:21","date_gmt":"2026-03-23T11:07:21","guid":{"rendered":"https:\/\/shibasex.com\/?product=pretty-love-guaina-per-pene-osmar-stimolatore-vibrante-per-clitoride"},"modified":"2026-03-23T11:07:26","modified_gmt":"2026-03-23T11:07:26","slug":"pretty-love-guaina-per-pene-osmar-stimolatore-vibrante-per-clitoride","status":"publish","type":"product","link":"https:\/\/shibasex.com\/?product=pretty-love-guaina-per-pene-osmar-stimolatore-vibrante-per-clitoride","title":{"rendered":"PRETTY LOVE &#8211; GUAINA PER PENE OSMAR + STIMOLATORE VIBRANTE PER CLITORIDE"},"content":{"rendered":"<p><strong>BELLISSIMO AMORE BI-026225Z-1<\/strong><br \/> Aggiorna il tuo telaio con un estensore del pene dai dettagli realistici e metti un sorriso ancora pi\u00f9 ampio sul volto del tuo partner quando arriva il momento del gioco. Il materiale ti offre una visione completa dell&#39;azione.<\/p>\n<p> Dotato di 10 modalit\u00e0 di vibrazione separate per una variet\u00e0 di sensazioni e stimolazioni, questo semplice giocattolo \u00e8 la chiave per raggiungere la felicit\u00e0 orgasmica.<\/p>\n<p> <u><strong>CARATTERISTICHE<\/strong><\/u> :<\/p>\n<ul>\n<li> Materiale: TPR<\/li>\n<li> Funzione: 10 funzioni di vibrazione<\/li>\n<li> Alimentazione: 1 batteria AAA<\/li>\n<\/ul>\n","protected":false},"excerpt":{"rendered":"<p>BELLISSIMO AMORE BI-026225Z-1 Aggiorna il tuo telaio con un estensore del pene dai dettagli realistici e metti un sorriso ancora pi\u00f9 ampio sul volto del tuo partner quando arriva il momento del gioco. Il materiale ti offre una visione completa dell&#39;azione. Dotato di 10 modalit\u00e0 di vibrazione separate per una variet\u00e0 di sensazioni e stimolazioni, [&hellip;]<\/p>\n","protected":false},"featured_media":5145,"comment_status":"open","ping_status":"closed","template":"","meta":[],"product_brand":[],"product_cat":[132],"product_tag":[],"class_list":{"0":"post-5146","1":"product","2":"type-product","3":"status-publish","4":"has-post-thumbnail","6":"product_cat-guaine-con-prolunga","8":"first","9":"instock","10":"shipping-taxable","11":"purchasable","12":"product-type-simple"},"_cost_price":"","_links":{"self":[{"href":"https:\/\/shibasex.com\/index.php?rest_route=\/wp\/v2\/product\/5146","targetHints":{"allow":["GET"]}}],"collection":[{"href":"https:\/\/shibasex.com\/index.php?rest_route=\/wp\/v2\/product"}],"about":[{"href":"https:\/\/shibasex.com\/index.php?rest_route=\/wp\/v2\/types\/product"}],"replies":[{"embeddable":true,"href":"https:\/\/shibasex.com\/index.php?rest_route=%2Fwp%2Fv2%2Fcomments&post=5146"}],"wp:featuredmedia":[{"embeddable":true,"href":"https:\/\/shibasex.com\/index.php?rest_route=\/wp\/v2\/media\/5145"}],"wp:attachment":[{"href":"https:\/\/shibasex.com\/index.php?rest_route=%2Fwp%2Fv2%2Fmedia&parent=5146"}],"wp:term":[{"taxonomy":"product_brand","embeddable":true,"href":"https:\/\/shibasex.com\/index.php?rest_route=%2Fwp%2Fv2%2Fproduct_brand&post=5146"},{"taxonomy":"product_cat","embeddable":true,"href":"https:\/\/shibasex.com\/index.php?rest_route=%2Fwp%2Fv2%2Fproduct_cat&post=5146"},{"taxonomy":"product_tag","embeddable":true,"href":"https:\/\/shibasex.com\/index.php?rest_route=%2Fwp%2Fv2%2Fproduct_tag&post=5146"}],"curies":[{"name":"wp","href":"https:\/\/api.w.org\/{rel}","templated":true}]}}