{"id":5077,"date":"2026-03-23T11:06:32","date_gmt":"2026-03-23T11:06:32","guid":{"rendered":"https:\/\/shibasex.com\/?product=pretty-love-athena-eros-silicone-masturbatore-maschile-rosa"},"modified":"2026-03-23T11:06:39","modified_gmt":"2026-03-23T11:06:39","slug":"pretty-love-athena-eros-silicone-masturbatore-maschile-rosa","status":"publish","type":"product","link":"https:\/\/shibasex.com\/?product=pretty-love-athena-eros-silicone-masturbatore-maschile-rosa","title":{"rendered":"PRETTY LOVE &#8211; ATHENA EROS SILICONE MASTURBATORE MASCHILE ROSA"},"content":{"rendered":"<p><strong>BELLISSIMO AMORE BM-00900T99-1<\/strong><br \/> Il design compatto rende questo stroker anche un comodo compagno di viaggio e il materiale \u00e8 anche impermeabile per una facile pulizia, cos\u00ec come per il divertimento in solitaria sotto la doccia o nella vasca. La texture di pulizia rapida \u00e8 facile da risciacquare dopo il gioco. Doppio ingresso e design della texture interna per darti pi\u00f9 trazione e presa mentre ti accarezzi fino a un orgasmo indimenticabile.<\/p>\n<\/p>\n<p> <u><strong>CARATTERISTICHE<\/strong><\/u> :<\/p>\n<ul>\n<li> Materiale: TPR<\/li>\n<li> Impermeabile<\/li>\n<\/ul>\n","protected":false},"excerpt":{"rendered":"<p>BELLISSIMO AMORE BM-00900T99-1 Il design compatto rende questo stroker anche un comodo compagno di viaggio e il materiale \u00e8 anche impermeabile per una facile pulizia, cos\u00ec come per il divertimento in solitaria sotto la doccia o nella vasca. La texture di pulizia rapida \u00e8 facile da risciacquare dopo il gioco. Doppio ingresso e design della [&hellip;]<\/p>\n","protected":false},"featured_media":5076,"comment_status":"open","ping_status":"closed","template":"","meta":[],"product_brand":[],"product_cat":[131],"product_tag":[],"class_list":{"0":"post-5077","1":"product","2":"type-product","3":"status-publish","4":"has-post-thumbnail","6":"product_cat-masturbatori-vari","8":"first","9":"instock","10":"shipping-taxable","11":"purchasable","12":"product-type-simple"},"_cost_price":"","_links":{"self":[{"href":"https:\/\/shibasex.com\/index.php?rest_route=\/wp\/v2\/product\/5077","targetHints":{"allow":["GET"]}}],"collection":[{"href":"https:\/\/shibasex.com\/index.php?rest_route=\/wp\/v2\/product"}],"about":[{"href":"https:\/\/shibasex.com\/index.php?rest_route=\/wp\/v2\/types\/product"}],"replies":[{"embeddable":true,"href":"https:\/\/shibasex.com\/index.php?rest_route=%2Fwp%2Fv2%2Fcomments&post=5077"}],"wp:featuredmedia":[{"embeddable":true,"href":"https:\/\/shibasex.com\/index.php?rest_route=\/wp\/v2\/media\/5076"}],"wp:attachment":[{"href":"https:\/\/shibasex.com\/index.php?rest_route=%2Fwp%2Fv2%2Fmedia&parent=5077"}],"wp:term":[{"taxonomy":"product_brand","embeddable":true,"href":"https:\/\/shibasex.com\/index.php?rest_route=%2Fwp%2Fv2%2Fproduct_brand&post=5077"},{"taxonomy":"product_cat","embeddable":true,"href":"https:\/\/shibasex.com\/index.php?rest_route=%2Fwp%2Fv2%2Fproduct_cat&post=5077"},{"taxonomy":"product_tag","embeddable":true,"href":"https:\/\/shibasex.com\/index.php?rest_route=%2Fwp%2Fv2%2Fproduct_tag&post=5077"}],"curies":[{"name":"wp","href":"https:\/\/api.w.org\/{rel}","templated":true}]}}