{"id":4938,"date":"2026-03-23T11:04:55","date_gmt":"2026-03-23T11:04:55","guid":{"rendered":"https:\/\/shibasex.com\/?product=pretty-love-debonaire-anello-vibrante-coniglio-10-vibrazioni-nero"},"modified":"2026-03-23T11:04:58","modified_gmt":"2026-03-23T11:04:58","slug":"pretty-love-debonaire-anello-vibrante-coniglio-10-vibrazioni-nero","status":"publish","type":"product","link":"https:\/\/shibasex.com\/?product=pretty-love-debonaire-anello-vibrante-coniglio-10-vibrazioni-nero","title":{"rendered":"PRETTY LOVE &#8211; DEBONAIRE ANELLO VIBRANTE CONIGLIO 10 VIBRAZIONI NERO"},"content":{"rendered":"<p><strong>BELLISSIMO AMORE BI-210316<\/strong><br \/> Prendi tutti gli elementi chiave di un vibratore rabbit e combinali con un anello per il pene e ti ritroverai con questo fantastico anello per il pene rabbit. Questo giocattolo che aumenta l&#39;erezione abbraccer\u00e0 comodamente la base del tuo pene e rallenter\u00e0 il flusso sanguigno per un&#39;erezione pi\u00f9 dura e pi\u00f9 grande che durer\u00e0 pi\u00f9 a lungo e con un accumulo pi\u00f9 lungo puoi essere sicuro di ottenere alcuni risultati potenti. Il vibratore a proiettile funziona con una batteria AAA \u00e8 tenuto sotto lo stimolatore del clitoride rabbit e invier\u00e0 sensazioni lussuose attraverso lo stimolatore e nel clitoride del tuo partner a ogni spinta. Scegli questo anello per il pene e goditi l&#39;aumento delle prestazioni!<\/p>\n<\/p>\n<p> <u><strong>CARATTERISTICHE<\/strong><\/u> :<\/p>\n<ul>\n<li> Funzione: 10 funzioni di vibrazione<\/li>\n<li> Materiale: Silicone<\/li>\n<li> Alimentazione: 1 batteria AAA<\/li>\n<\/ul>\n","protected":false},"excerpt":{"rendered":"<p>BELLISSIMO AMORE BI-210316 Prendi tutti gli elementi chiave di un vibratore rabbit e combinali con un anello per il pene e ti ritroverai con questo fantastico anello per il pene rabbit. Questo giocattolo che aumenta l&#39;erezione abbraccer\u00e0 comodamente la base del tuo pene e rallenter\u00e0 il flusso sanguigno per un&#39;erezione pi\u00f9 dura e pi\u00f9 grande [&hellip;]<\/p>\n","protected":false},"featured_media":4937,"comment_status":"open","ping_status":"closed","template":"","meta":[],"product_brand":[],"product_cat":[30],"product_tag":[],"class_list":{"0":"post-4938","1":"product","2":"type-product","3":"status-publish","4":"has-post-thumbnail","6":"product_cat-anelli-vibranti-per-il-pene","8":"first","9":"instock","10":"shipping-taxable","11":"purchasable","12":"product-type-simple"},"_cost_price":"","_links":{"self":[{"href":"https:\/\/shibasex.com\/index.php?rest_route=\/wp\/v2\/product\/4938","targetHints":{"allow":["GET"]}}],"collection":[{"href":"https:\/\/shibasex.com\/index.php?rest_route=\/wp\/v2\/product"}],"about":[{"href":"https:\/\/shibasex.com\/index.php?rest_route=\/wp\/v2\/types\/product"}],"replies":[{"embeddable":true,"href":"https:\/\/shibasex.com\/index.php?rest_route=%2Fwp%2Fv2%2Fcomments&post=4938"}],"wp:featuredmedia":[{"embeddable":true,"href":"https:\/\/shibasex.com\/index.php?rest_route=\/wp\/v2\/media\/4937"}],"wp:attachment":[{"href":"https:\/\/shibasex.com\/index.php?rest_route=%2Fwp%2Fv2%2Fmedia&parent=4938"}],"wp:term":[{"taxonomy":"product_brand","embeddable":true,"href":"https:\/\/shibasex.com\/index.php?rest_route=%2Fwp%2Fv2%2Fproduct_brand&post=4938"},{"taxonomy":"product_cat","embeddable":true,"href":"https:\/\/shibasex.com\/index.php?rest_route=%2Fwp%2Fv2%2Fproduct_cat&post=4938"},{"taxonomy":"product_tag","embeddable":true,"href":"https:\/\/shibasex.com\/index.php?rest_route=%2Fwp%2Fv2%2Fproduct_tag&post=4938"}],"curies":[{"name":"wp","href":"https:\/\/api.w.org\/{rel}","templated":true}]}}