{"id":4910,"date":"2026-03-23T11:04:39","date_gmt":"2026-03-23T11:04:39","guid":{"rendered":"https:\/\/shibasex.com\/?product=pretty-love-connor-guaina-per-pene-stimolatore-per-clitoride-flesh"},"modified":"2026-03-23T11:04:43","modified_gmt":"2026-03-23T11:04:43","slug":"pretty-love-connor-guaina-per-pene-stimolatore-per-clitoride-flesh","status":"publish","type":"product","link":"https:\/\/shibasex.com\/?product=pretty-love-connor-guaina-per-pene-stimolatore-per-clitoride-flesh","title":{"rendered":"PRETTY LOVE &#8211; CONNOR GUAINA PER PENE + STIMOLATORE PER CLITORIDE FLESH"},"content":{"rendered":"<p><strong>BELLISSIMO AMORE BI-026245<\/strong><br \/> La guaina per il pene e l&#39;estensione del pene definitiva per una maggiore lunghezza e prestazioni sessuali migliorate Abbandonati alle vibrazioni e migliora le prestazioni con la guaina per il pene vibrante Pretty Love. Questa guaina per il pene che migliora l&#39;erezione e promette piacere, lunga 6,7 pollici, \u00e8 realizzata in TPR liscio ed \u00e8 fissata in posizione da un anello a sfera. Mantiene la tua erezione pi\u00f9 dura e duratura pi\u00f9 a lungo, include un proiettile vibrante per stuzzicare la tua partner a ogni movimento. Il proiettile \u00e8 progettato per stimolare il clitoride con vibrazioni che la spingeranno da un orgasmo all&#39;altro. Questa guaina per l&#39;estensione del pene ha una punta solida per darti quella lunghezza extra quando la desideri.<\/p>\n<p> <u><strong>CARATTERISTICHE<\/strong><\/u> :<\/p>\n<ul>\n<li> Materiale: TPR<\/li>\n<li> Impermeabile<\/li>\n<\/ul>\n","protected":false},"excerpt":{"rendered":"<p>BELLISSIMO AMORE BI-026245 La guaina per il pene e l&#39;estensione del pene definitiva per una maggiore lunghezza e prestazioni sessuali migliorate Abbandonati alle vibrazioni e migliora le prestazioni con la guaina per il pene vibrante Pretty Love. Questa guaina per il pene che migliora l&#39;erezione e promette piacere, lunga 6,7 pollici, \u00e8 realizzata in TPR [&hellip;]<\/p>\n","protected":false},"featured_media":4909,"comment_status":"open","ping_status":"closed","template":"","meta":[],"product_brand":[],"product_cat":[132],"product_tag":[],"class_list":{"0":"post-4910","1":"product","2":"type-product","3":"status-publish","4":"has-post-thumbnail","6":"product_cat-guaine-con-prolunga","8":"first","9":"instock","10":"shipping-taxable","11":"purchasable","12":"product-type-simple"},"_cost_price":"","_links":{"self":[{"href":"https:\/\/shibasex.com\/index.php?rest_route=\/wp\/v2\/product\/4910","targetHints":{"allow":["GET"]}}],"collection":[{"href":"https:\/\/shibasex.com\/index.php?rest_route=\/wp\/v2\/product"}],"about":[{"href":"https:\/\/shibasex.com\/index.php?rest_route=\/wp\/v2\/types\/product"}],"replies":[{"embeddable":true,"href":"https:\/\/shibasex.com\/index.php?rest_route=%2Fwp%2Fv2%2Fcomments&post=4910"}],"wp:featuredmedia":[{"embeddable":true,"href":"https:\/\/shibasex.com\/index.php?rest_route=\/wp\/v2\/media\/4909"}],"wp:attachment":[{"href":"https:\/\/shibasex.com\/index.php?rest_route=%2Fwp%2Fv2%2Fmedia&parent=4910"}],"wp:term":[{"taxonomy":"product_brand","embeddable":true,"href":"https:\/\/shibasex.com\/index.php?rest_route=%2Fwp%2Fv2%2Fproduct_brand&post=4910"},{"taxonomy":"product_cat","embeddable":true,"href":"https:\/\/shibasex.com\/index.php?rest_route=%2Fwp%2Fv2%2Fproduct_cat&post=4910"},{"taxonomy":"product_tag","embeddable":true,"href":"https:\/\/shibasex.com\/index.php?rest_route=%2Fwp%2Fv2%2Fproduct_tag&post=4910"}],"curies":[{"name":"wp","href":"https:\/\/api.w.org\/{rel}","templated":true}]}}