{"id":4873,"date":"2026-03-23T11:04:19","date_gmt":"2026-03-23T11:04:19","guid":{"rendered":"https:\/\/shibasex.com\/?product=pretty-love-passionate-ring-doppio-anello-vibrante-stimolatore-clitoride-nero"},"modified":"2026-03-23T11:04:22","modified_gmt":"2026-03-23T11:04:22","slug":"pretty-love-passionate-ring-doppio-anello-vibrante-stimolatore-clitoride-nero","status":"publish","type":"product","link":"https:\/\/shibasex.com\/?product=pretty-love-passionate-ring-doppio-anello-vibrante-stimolatore-clitoride-nero","title":{"rendered":"PRETTY LOVE &#8211; PASSIONATE RING DOPPIO ANELLO VIBRANTE + STIMOLATORE CLITORIDE NERO"},"content":{"rendered":"<p><strong>BELLISSIMO AMORE BI-210239<\/strong><\/p>\n<p> Questo anello vibrante \u00e8 il giocattolo ideale per aggiungere un tocco in pi\u00f9 al tuo gioco. Il materiale elastico si adatta alla base del tuo pene e alle palle, abbracciandoti strettamente alla pelle, intrappolando il sangue nel tuo pene e aiutandoti a raggiungere erezioni pi\u00f9 durature e pi\u00f9 grandi. La piccola lingua leccante \u00e8 dotata di stimolatore clitorideo. Con ogni leccatina questo aiuter\u00e0 a dare piacere al tuo partner e fornir\u00e0 splendide vibrazioni per entrambi.<\/p>\n<\/p>\n<p> <strong><u>CARATTERISTICHE<\/u> :<\/strong><\/p>\n<ul>\n<li> Funzione: 10 funzioni di vibrazione<\/li>\n<li> Materiale: TPR<\/li>\n<li> Alimentazione: 1 batteria AAA<\/li>\n<\/ul>\n","protected":false},"excerpt":{"rendered":"<p>BELLISSIMO AMORE BI-210239 Questo anello vibrante \u00e8 il giocattolo ideale per aggiungere un tocco in pi\u00f9 al tuo gioco. Il materiale elastico si adatta alla base del tuo pene e alle palle, abbracciandoti strettamente alla pelle, intrappolando il sangue nel tuo pene e aiutandoti a raggiungere erezioni pi\u00f9 durature e pi\u00f9 grandi. La piccola lingua [&hellip;]<\/p>\n","protected":false},"featured_media":4872,"comment_status":"open","ping_status":"closed","template":"","meta":[],"product_brand":[],"product_cat":[30],"product_tag":[],"class_list":{"0":"post-4873","1":"product","2":"type-product","3":"status-publish","4":"has-post-thumbnail","6":"product_cat-anelli-vibranti-per-il-pene","8":"first","9":"instock","10":"shipping-taxable","11":"purchasable","12":"product-type-simple"},"_cost_price":"","_links":{"self":[{"href":"https:\/\/shibasex.com\/index.php?rest_route=\/wp\/v2\/product\/4873","targetHints":{"allow":["GET"]}}],"collection":[{"href":"https:\/\/shibasex.com\/index.php?rest_route=\/wp\/v2\/product"}],"about":[{"href":"https:\/\/shibasex.com\/index.php?rest_route=\/wp\/v2\/types\/product"}],"replies":[{"embeddable":true,"href":"https:\/\/shibasex.com\/index.php?rest_route=%2Fwp%2Fv2%2Fcomments&post=4873"}],"wp:featuredmedia":[{"embeddable":true,"href":"https:\/\/shibasex.com\/index.php?rest_route=\/wp\/v2\/media\/4872"}],"wp:attachment":[{"href":"https:\/\/shibasex.com\/index.php?rest_route=%2Fwp%2Fv2%2Fmedia&parent=4873"}],"wp:term":[{"taxonomy":"product_brand","embeddable":true,"href":"https:\/\/shibasex.com\/index.php?rest_route=%2Fwp%2Fv2%2Fproduct_brand&post=4873"},{"taxonomy":"product_cat","embeddable":true,"href":"https:\/\/shibasex.com\/index.php?rest_route=%2Fwp%2Fv2%2Fproduct_cat&post=4873"},{"taxonomy":"product_tag","embeddable":true,"href":"https:\/\/shibasex.com\/index.php?rest_route=%2Fwp%2Fv2%2Fproduct_tag&post=4873"}],"curies":[{"name":"wp","href":"https:\/\/api.w.org\/{rel}","templated":true}]}}