{"id":4757,"date":"2026-03-23T11:02:28","date_gmt":"2026-03-23T11:02:28","guid":{"rendered":"https:\/\/shibasex.com\/?product=pretty-love-olga-masturbatore-maschile-bianco"},"modified":"2026-03-23T11:02:31","modified_gmt":"2026-03-23T11:02:31","slug":"pretty-love-olga-masturbatore-maschile-bianco","status":"publish","type":"product","link":"https:\/\/shibasex.com\/?product=pretty-love-olga-masturbatore-maschile-bianco","title":{"rendered":"PRETTY LOVE &#8211; OLGA MASTURBATORE MASCHILE BIANCO"},"content":{"rendered":"<p><strong>BELLISSIMO AMORE BI-014932-4-2<\/strong><\/p>\n<p> Abbandonatevi al piacere delizioso di questo incredibile masturbator e godetevi le sue meravigliose sensazioni.<\/p>\n<p> Questo sex toy maschile fornir\u00e0 un piacere incredibile con la sua morbida e stimolante guaina interna, creando sensazioni uniche e indebolitrici delle ginocchia pi\u00f9 e pi\u00f9 volte. Puoi usare questo fantastico masturbator delicato sulla pelle pi\u00f9 e pi\u00f9 volte. Molto facile da usare e puro piacere<\/p>\n<\/p>\n<p> <strong><u>CARATTERISTICHE<\/u> :<\/strong><\/p>\n<ul>\n<li> Impermeabile<\/li>\n<li> Materiale: TPR ABS<\/li>\n<li> Colore: Bianco<\/li>\n<li> Dimensioni dell&#39;imballaggio (mm): 130*65<\/li>\n<\/ul>\n","protected":false},"excerpt":{"rendered":"<p>BELLISSIMO AMORE BI-014932-4-2 Abbandonatevi al piacere delizioso di questo incredibile masturbator e godetevi le sue meravigliose sensazioni. Questo sex toy maschile fornir\u00e0 un piacere incredibile con la sua morbida e stimolante guaina interna, creando sensazioni uniche e indebolitrici delle ginocchia pi\u00f9 e pi\u00f9 volte. Puoi usare questo fantastico masturbator delicato sulla pelle pi\u00f9 e pi\u00f9 [&hellip;]<\/p>\n","protected":false},"featured_media":4756,"comment_status":"open","ping_status":"closed","template":"","meta":[],"product_brand":[],"product_cat":[131],"product_tag":[],"class_list":{"0":"post-4757","1":"product","2":"type-product","3":"status-publish","4":"has-post-thumbnail","6":"product_cat-masturbatori-vari","8":"first","9":"instock","10":"shipping-taxable","11":"purchasable","12":"product-type-simple"},"_cost_price":"","_links":{"self":[{"href":"https:\/\/shibasex.com\/index.php?rest_route=\/wp\/v2\/product\/4757","targetHints":{"allow":["GET"]}}],"collection":[{"href":"https:\/\/shibasex.com\/index.php?rest_route=\/wp\/v2\/product"}],"about":[{"href":"https:\/\/shibasex.com\/index.php?rest_route=\/wp\/v2\/types\/product"}],"replies":[{"embeddable":true,"href":"https:\/\/shibasex.com\/index.php?rest_route=%2Fwp%2Fv2%2Fcomments&post=4757"}],"wp:featuredmedia":[{"embeddable":true,"href":"https:\/\/shibasex.com\/index.php?rest_route=\/wp\/v2\/media\/4756"}],"wp:attachment":[{"href":"https:\/\/shibasex.com\/index.php?rest_route=%2Fwp%2Fv2%2Fmedia&parent=4757"}],"wp:term":[{"taxonomy":"product_brand","embeddable":true,"href":"https:\/\/shibasex.com\/index.php?rest_route=%2Fwp%2Fv2%2Fproduct_brand&post=4757"},{"taxonomy":"product_cat","embeddable":true,"href":"https:\/\/shibasex.com\/index.php?rest_route=%2Fwp%2Fv2%2Fproduct_cat&post=4757"},{"taxonomy":"product_tag","embeddable":true,"href":"https:\/\/shibasex.com\/index.php?rest_route=%2Fwp%2Fv2%2Fproduct_tag&post=4757"}],"curies":[{"name":"wp","href":"https:\/\/api.w.org\/{rel}","templated":true}]}}