{"id":4718,"date":"2026-03-23T11:02:00","date_gmt":"2026-03-23T11:02:00","guid":{"rendered":"https:\/\/shibasex.com\/?product=pretty-love-catherine-masturbatore-maschile-carne"},"modified":"2026-03-23T11:02:07","modified_gmt":"2026-03-23T11:02:07","slug":"pretty-love-catherine-masturbatore-maschile-carne","status":"publish","type":"product","link":"https:\/\/shibasex.com\/?product=pretty-love-catherine-masturbatore-maschile-carne","title":{"rendered":"PRETTY LOVE &#8211; CATHERINE MASTURBATORE MASCHILE CARNE"},"content":{"rendered":"<p><strong>BELLISSIMO AMORE BI-014832-4-3<\/strong><\/p>\n<p> L&#39;innovativa guaina \u00e8 pronta ad accarezzarti e massaggiarti fino a raggiungere un orgasmo potente. Apri la discreta confezione del Fantastic Egg Hard Boiled e goditi una serie di nuove sensazioni con le texture interne delicatamente stimolanti Cloudy, Shiny o Surfer.<\/p>\n<p> Realizzato in materiale super elastico privo di ftalati che pu\u00f2 allungarsi per adattarsi letteralmente a qualsiasi dimensione di pene, l&#39;Egg Hard Boiled \u00e8 una fantastica introduzione ai giocattoli e sar\u00e0 apprezzato dagli appassionati. Basta lubrificare e inserire il pene nel foro stretto sul fondo dell&#39;uovo prima di allungare questo rivoluzionario masturbator per tutta la lunghezza del tuo albero.<\/p>\n<p> Collezionali tutti! La doppia faccia di ogni uovo ti regala sensazioni diverse!<\/p>\n<\/p>\n<p> <u><strong>CARATTERISTICHE<\/strong><\/u> :<\/p>\n<ul>\n<li> Impermeabile<\/li>\n<li> Materiale: TPR<\/li>\n<li> Colore: Carne<\/li>\n<li> Dimensioni imballo (mm): 85 x 46<\/li>\n<\/ul>\n","protected":false},"excerpt":{"rendered":"<p>BELLISSIMO AMORE BI-014832-4-3 L&#39;innovativa guaina \u00e8 pronta ad accarezzarti e massaggiarti fino a raggiungere un orgasmo potente. Apri la discreta confezione del Fantastic Egg Hard Boiled e goditi una serie di nuove sensazioni con le texture interne delicatamente stimolanti Cloudy, Shiny o Surfer. Realizzato in materiale super elastico privo di ftalati che pu\u00f2 allungarsi per [&hellip;]<\/p>\n","protected":false},"featured_media":4717,"comment_status":"open","ping_status":"closed","template":"","meta":[],"product_brand":[],"product_cat":[131],"product_tag":[],"class_list":{"0":"post-4718","1":"product","2":"type-product","3":"status-publish","4":"has-post-thumbnail","6":"product_cat-masturbatori-vari","8":"first","9":"instock","10":"shipping-taxable","11":"purchasable","12":"product-type-simple"},"_cost_price":"","_links":{"self":[{"href":"https:\/\/shibasex.com\/index.php?rest_route=\/wp\/v2\/product\/4718","targetHints":{"allow":["GET"]}}],"collection":[{"href":"https:\/\/shibasex.com\/index.php?rest_route=\/wp\/v2\/product"}],"about":[{"href":"https:\/\/shibasex.com\/index.php?rest_route=\/wp\/v2\/types\/product"}],"replies":[{"embeddable":true,"href":"https:\/\/shibasex.com\/index.php?rest_route=%2Fwp%2Fv2%2Fcomments&post=4718"}],"wp:featuredmedia":[{"embeddable":true,"href":"https:\/\/shibasex.com\/index.php?rest_route=\/wp\/v2\/media\/4717"}],"wp:attachment":[{"href":"https:\/\/shibasex.com\/index.php?rest_route=%2Fwp%2Fv2%2Fmedia&parent=4718"}],"wp:term":[{"taxonomy":"product_brand","embeddable":true,"href":"https:\/\/shibasex.com\/index.php?rest_route=%2Fwp%2Fv2%2Fproduct_brand&post=4718"},{"taxonomy":"product_cat","embeddable":true,"href":"https:\/\/shibasex.com\/index.php?rest_route=%2Fwp%2Fv2%2Fproduct_cat&post=4718"},{"taxonomy":"product_tag","embeddable":true,"href":"https:\/\/shibasex.com\/index.php?rest_route=%2Fwp%2Fv2%2Fproduct_tag&post=4718"}],"curies":[{"name":"wp","href":"https:\/\/api.w.org\/{rel}","templated":true}]}}