{"id":4331,"date":"2026-03-23T10:57:14","date_gmt":"2026-03-23T10:57:14","guid":{"rendered":"https:\/\/shibasex.com\/?product=toyjoy-vibratore-coniglio-taygeta"},"modified":"2026-03-23T10:57:17","modified_gmt":"2026-03-23T10:57:17","slug":"toyjoy-vibratore-coniglio-taygeta","status":"publish","type":"product","link":"https:\/\/shibasex.com\/?product=toyjoy-vibratore-coniglio-taygeta","title":{"rendered":"TOYJOY &#8211; VIBRATORE CONIGLIO TAYGETA"},"content":{"rendered":"<p>Vi presentiamo <strong>Taygeta<\/strong> , il Pleasure Rabbit, un&#39;aggiunta rivoluzionaria alla collezione TOYJOY Designer Edition. Questo <strong>vibratore a doppia azione<\/strong> \u00e8 progettato per chi desidera sensazioni intense. Con il suo corpo interno curvo e le orecchie di coniglio morbide e flessibili, <strong>Taygeta<\/strong> stimola simultaneamente sia il <strong>punto G<\/strong> che il <strong>clitoride<\/strong> per un&#39;esperienza davvero piacevole, sia da soli che in coppia.<\/p>\n<p> I suoi due motori potenti ma silenziosi offrono <strong>10 modalit\u00e0 di vibrazione personalizzabili<\/strong> , permettendoti di esplorare di tutto, da impulsi delicati a ritmi intensi. Posiziona semplicemente le orecchie per la stimolazione clitoridea mentre l&#39;asta offre un piacere interno profondo e appagante. Prendi il controllo con i suoi pulsanti facili da usare o passalo al tuo partner per aggiungere una nuova svolta al tuo gioco. Compatto ma potente, <strong>Taygeta<\/strong> , il Pleasure Rabbit, offre il doppio del piacere per momenti indimenticabili, trasformando ogni sessione in un&#39;avventura di pura estasi.<\/p>\n<p> <u><strong>CARATTERISTICHE<\/strong><\/u> :<\/p>\n<ul>\n<li> Dimensioni del prodotto: Totale: 21 x 7 cm | Asta: 14 x 3,5 cm | Stimolatore: 7,5 x 2 cm<\/li>\n<li> Lunghezza totale: 21 cm<\/li>\n<li> Lunghezza inseribile: 12 cm<\/li>\n<li> Diametro inseribile: 3,5 cm<\/li>\n<li> Materiale: silicone | plastica ABS<\/li>\n<li> Ricaricabile: S\u00ec<\/li>\n<li> Resistente all&#39;acqua: IPX6<\/li>\n<li> Modalit\u00e0 di vibrazione: 10<\/li>\n<li> Tipo di batteria: agli ioni di litio<\/li>\n<\/ul>\n<p> <strong>ToyJoy<\/strong> \u00e8 un marchio dinamico e innovativo nel mondo dei prodotti per l&#39;intimit\u00e0 e il gioco. Noto per la sua gamma diversificata e di alta qualit\u00e0, ToyJoy offre un&#39;ampia variet\u00e0 di articoli per soddisfare gusti e preferenze diversi. Il marchio si concentra sulla creazione di prodotti divertenti, sicuri e facili da usare, garantendone l&#39;accessibilit\u00e0 e il piacere per tutti. Con grande attenzione al design, alla funzionalit\u00e0 e all&#39;utilizzo di materiali sicuri per il corpo, ToyJoy integra le tecnologie pi\u00f9 recenti nei suoi prodotti, diventando uno dei preferiti dai consumatori che desiderano aggiungere un tocco di gioia ed entusiasmo alla propria vita personale. ToyJoy si distingue per il suo impegno per la soddisfazione del cliente, l&#39;eccellenza dei prodotti e la sicurezza.<\/p>\n","protected":false},"excerpt":{"rendered":"<p>Vi presentiamo Taygeta , il Pleasure Rabbit, un&#39;aggiunta rivoluzionaria alla collezione TOYJOY Designer Edition. Questo vibratore a doppia azione \u00e8 progettato per chi desidera sensazioni intense. Con il suo corpo interno curvo e le orecchie di coniglio morbide e flessibili, Taygeta stimola simultaneamente sia il punto G che il clitoride per un&#39;esperienza davvero piacevole, sia [&hellip;]<\/p>\n","protected":false},"featured_media":4330,"comment_status":"open","ping_status":"closed","template":"","meta":[],"product_brand":[],"product_cat":[126],"product_tag":[],"class_list":{"0":"post-4331","1":"product","2":"type-product","3":"status-publish","4":"has-post-thumbnail","6":"product_cat-vibratori-rabbit","8":"first","9":"instock","10":"shipping-taxable","11":"purchasable","12":"product-type-simple"},"_cost_price":"","_links":{"self":[{"href":"https:\/\/shibasex.com\/index.php?rest_route=\/wp\/v2\/product\/4331","targetHints":{"allow":["GET"]}}],"collection":[{"href":"https:\/\/shibasex.com\/index.php?rest_route=\/wp\/v2\/product"}],"about":[{"href":"https:\/\/shibasex.com\/index.php?rest_route=\/wp\/v2\/types\/product"}],"replies":[{"embeddable":true,"href":"https:\/\/shibasex.com\/index.php?rest_route=%2Fwp%2Fv2%2Fcomments&post=4331"}],"wp:featuredmedia":[{"embeddable":true,"href":"https:\/\/shibasex.com\/index.php?rest_route=\/wp\/v2\/media\/4330"}],"wp:attachment":[{"href":"https:\/\/shibasex.com\/index.php?rest_route=%2Fwp%2Fv2%2Fmedia&parent=4331"}],"wp:term":[{"taxonomy":"product_brand","embeddable":true,"href":"https:\/\/shibasex.com\/index.php?rest_route=%2Fwp%2Fv2%2Fproduct_brand&post=4331"},{"taxonomy":"product_cat","embeddable":true,"href":"https:\/\/shibasex.com\/index.php?rest_route=%2Fwp%2Fv2%2Fproduct_cat&post=4331"},{"taxonomy":"product_tag","embeddable":true,"href":"https:\/\/shibasex.com\/index.php?rest_route=%2Fwp%2Fv2%2Fproduct_tag&post=4331"}],"curies":[{"name":"wp","href":"https:\/\/api.w.org\/{rel}","templated":true}]}}