{"id":4317,"date":"2026-03-23T08:59:43","date_gmt":"2026-03-23T08:59:43","guid":{"rendered":"https:\/\/shibasex.com\/?product=satisfyer-g-for-goddess-2-vibratore-coniglio-verde-bottiglia"},"modified":"2026-03-23T08:59:49","modified_gmt":"2026-03-23T08:59:49","slug":"satisfyer-g-for-goddess-2-vibratore-coniglio-verde-bottiglia","status":"publish","type":"product","link":"https:\/\/shibasex.com\/?product=satisfyer-g-for-goddess-2-vibratore-coniglio-verde-bottiglia","title":{"rendered":"SATISFYER &#8211; G FOR GODDESS 2 VIBRATORE CONIGLIO VERDE BOTTIGLIA"},"content":{"rendered":"<p><u><strong>Satisfyer G for Goddess 2: stimolazione intensa del clitoride e del punto G<\/strong><\/u><\/p>\n<p> G for Goddess 2 offre una doppia stimolazione mirata al punto G e al clitoride, adattandosi alle diverse esigenze di ogni Dea. L&#39;asta in silicone \u00e8 flessibile, assicurandoti di trovare l&#39;angolazione perfetta per stimolare le tue zone pi\u00f9 sensibili. Due potenti motori e 60 programmi di vibrazione (con 12 ritmi e 5 livelli di intensit\u00e0 ciascuno) offrono un&#39;ampia gamma di opzioni che puoi controllare intuitivamente in base alle tue preferenze. L&#39;asta voluminosa stimola il punto G, mentre il vibratore clitorideo liscio consente una stimolazione estesa.<\/p>\n<p> <strong><u>G per Dea 2<\/u><\/strong> <u><strong>: Vibratore a coniglio in silicone impermeabile (IPX7)<\/strong><\/u><\/p>\n<p> Che sia sotto la doccia, nella vasca da bagno o a letto, G for Goddess 2 \u00e8 pronto per qualsiasi avventura. Il suo silicone ipoallergenico \u00e8 altamente flessibile, mentre il suo design impermeabile (IPX7) consente di vivere emozionanti momenti sott&#39;acqua. Dopo l&#39;uso, si pulisce facilmente con acqua tiepida, sapone neutro e detergente per giocattoli. \u00c8 pronto all&#39;azione in un istante grazie alla batteria ricaricabile. Goditi la perfetta combinazione di flessibilit\u00e0, vibrazioni potenti e design elegante.<\/p>\n<p> Scopri un nuovo livello di piacere con G for Goddess 2! Questo vibratore rabbit offre una stimolazione perfetta del clitoride e del punto G grazie al suo corpo flessibile, ai programmi di vibrazione versatili e al silicone ipoallergenico per orgasmi divini.<\/p>\n<p> <u><strong>CARATTERISTICHE<\/strong><\/u> :<\/p>\n<ul>\n<li> Realizzato in silicone di grado medico super morbido e delicato sulla pelle, liscio al tatto ed estremamente igienico.<\/li>\n<li> Stimolazione simultanea del clitoride e del punto G.<\/li>\n<li> Due potenti motori trasmettono intensi ritmi di vibrazione in tutto il dispositivo per il benessere sessuale.<\/li>\n<li> 60 programmi di vibrazione.<\/li>\n<li> Impermeabile. (IPX7)<\/li>\n<li> Facile da pulire<\/li>\n<li> Cavo di ricarica USB magnetico incluso<\/li>\n<li> Forma flessibile<\/li>\n<li> Modalit\u00e0 sussurro<\/li>\n<\/ul>\n","protected":false},"excerpt":{"rendered":"<p>Satisfyer G for Goddess 2: stimolazione intensa del clitoride e del punto G G for Goddess 2 offre una doppia stimolazione mirata al punto G e al clitoride, adattandosi alle diverse esigenze di ogni Dea. L&#39;asta in silicone \u00e8 flessibile, assicurandoti di trovare l&#39;angolazione perfetta per stimolare le tue zone pi\u00f9 sensibili. Due potenti motori [&hellip;]<\/p>\n","protected":false},"featured_media":4316,"comment_status":"open","ping_status":"closed","template":"","meta":[],"product_brand":[],"product_cat":[126],"product_tag":[],"class_list":{"0":"post-4317","1":"product","2":"type-product","3":"status-publish","4":"has-post-thumbnail","6":"product_cat-vibratori-rabbit","8":"first","9":"instock","10":"shipping-taxable","11":"purchasable","12":"product-type-simple"},"_cost_price":"","_links":{"self":[{"href":"https:\/\/shibasex.com\/index.php?rest_route=\/wp\/v2\/product\/4317","targetHints":{"allow":["GET"]}}],"collection":[{"href":"https:\/\/shibasex.com\/index.php?rest_route=\/wp\/v2\/product"}],"about":[{"href":"https:\/\/shibasex.com\/index.php?rest_route=\/wp\/v2\/types\/product"}],"replies":[{"embeddable":true,"href":"https:\/\/shibasex.com\/index.php?rest_route=%2Fwp%2Fv2%2Fcomments&post=4317"}],"wp:featuredmedia":[{"embeddable":true,"href":"https:\/\/shibasex.com\/index.php?rest_route=\/wp\/v2\/media\/4316"}],"wp:attachment":[{"href":"https:\/\/shibasex.com\/index.php?rest_route=%2Fwp%2Fv2%2Fmedia&parent=4317"}],"wp:term":[{"taxonomy":"product_brand","embeddable":true,"href":"https:\/\/shibasex.com\/index.php?rest_route=%2Fwp%2Fv2%2Fproduct_brand&post=4317"},{"taxonomy":"product_cat","embeddable":true,"href":"https:\/\/shibasex.com\/index.php?rest_route=%2Fwp%2Fv2%2Fproduct_cat&post=4317"},{"taxonomy":"product_tag","embeddable":true,"href":"https:\/\/shibasex.com\/index.php?rest_route=%2Fwp%2Fv2%2Fproduct_tag&post=4317"}],"curies":[{"name":"wp","href":"https:\/\/api.w.org\/{rel}","templated":true}]}}