{"id":4313,"date":"2026-03-23T08:59:40","date_gmt":"2026-03-23T08:59:40","guid":{"rendered":"https:\/\/shibasex.com\/?product=climaximum-vibratore-spirit-rabbit-con-luci-led"},"modified":"2026-03-23T08:59:43","modified_gmt":"2026-03-23T08:59:43","slug":"climaximum-vibratore-spirit-rabbit-con-luci-led","status":"publish","type":"product","link":"https:\/\/shibasex.com\/?product=climaximum-vibratore-spirit-rabbit-con-luci-led","title":{"rendered":"CLIMAXIMUM &#8211; VIBRATORE SPIRIT RABBIT CON LUCI LED"},"content":{"rendered":"<p>Il migliore amico delle ragazze, il &quot;Rabbit&quot;. Silicone morbido e vellutato, design elegante e aerodinamico, due motori indipendenti che offrono una precisa vibrazione combinata all&#39;estremit\u00e0 lunga e allo stimolatore clitorideo: <strong>Spirit<\/strong> ha tutto! Si adatta perfettamente al palmo della mano ed \u00e8 ideale per i principianti. Puoi controllare ogni motore individualmente, consentendoti di aumentare o diminuire la potenza, passando da una funzione all&#39;altra con facilit\u00e0.<\/p>\n<p> <strong>CARATTERISTICHE<\/strong> :<\/p>\n<ul>\n<li> 10 velocit\u00e0 x 2 per combinare individualmente il piacere<\/li>\n<li> Potenti motori indipendenti per la stimolazione a lunga distanza e del clitoride<\/li>\n<li> LED che cambiano colore sincronizzati con impulsi sensoriali<\/li>\n<li> Impermeabile IPX7<\/li>\n<li> Materiali: silicone \/ plastica ABS<\/li>\n<li> Batteria: agli ioni di litio ricaricabile Cavo USB incluso<\/li>\n<li> 3 ore di ricarica per un massimo di 3 ore di piacere<\/li>\n<li> Dimensioni del prodotto: 59 mm x 183 mm x 34 mm L x A x P<\/li>\n<li> Peso del prodotto: 144 g<\/li>\n<\/ul>\n<p> <u><strong>CLIMAXIMO<\/strong><\/u><\/p>\n<p> La collezione Climaximum si concentra su indulgenza, potenza e piacere. Progettati per chi cerca di pi\u00f9, questi giocattoli combinano un&#39;estetica seducente con sensazioni intense per portare le tue esperienze pi\u00f9 intime a nuovi livelli. Che tu stia cercando soddisfazione da solo o esplorando connessioni pi\u00f9 profonde con il tuo partner, Climaximum ha qualcosa per soddisfare tutti i tuoi desideri.<\/p>\n<ul>\n<li> Pi\u00f9 potenza, pi\u00f9 piacere: la collezione comprende giocattoli con fili e proiettili che emettono vibrazioni profonde e rimbombanti esattamente dove ne hai bisogno.<\/li>\n<li> Progettato per ogni esperienza: scopri una variet\u00e0 di divertenti kit per coppie o concediti un&#39;avventura da solo con potenti vibratori e stimolatori.<\/li>\n<li> Selezione versatile: goditi una combinazione di potenziatori delle prestazioni vaginali, clitoridei, anali e anelli per il pene, pensati per chi desidera provare ogni tipo di piacere.<\/li>\n<li> PX7 impermeabile e sicuro per il corpo: porta il tuo piacere ovunque, sapendo che ogni giocattolo \u00e8 realizzato con materiali di prima qualit\u00e0, progettati per la sicurezza e la soddisfazione.<\/li>\n<\/ul>\n","protected":false},"excerpt":{"rendered":"<p>Il migliore amico delle ragazze, il &quot;Rabbit&quot;. Silicone morbido e vellutato, design elegante e aerodinamico, due motori indipendenti che offrono una precisa vibrazione combinata all&#39;estremit\u00e0 lunga e allo stimolatore clitorideo: Spirit ha tutto! Si adatta perfettamente al palmo della mano ed \u00e8 ideale per i principianti. Puoi controllare ogni motore individualmente, consentendoti di aumentare o [&hellip;]<\/p>\n","protected":false},"featured_media":4312,"comment_status":"open","ping_status":"closed","template":"","meta":[],"product_brand":[],"product_cat":[126],"product_tag":[],"class_list":{"0":"post-4313","1":"product","2":"type-product","3":"status-publish","4":"has-post-thumbnail","6":"product_cat-vibratori-rabbit","8":"first","9":"instock","10":"shipping-taxable","11":"purchasable","12":"product-type-simple"},"_cost_price":"","_links":{"self":[{"href":"https:\/\/shibasex.com\/index.php?rest_route=\/wp\/v2\/product\/4313","targetHints":{"allow":["GET"]}}],"collection":[{"href":"https:\/\/shibasex.com\/index.php?rest_route=\/wp\/v2\/product"}],"about":[{"href":"https:\/\/shibasex.com\/index.php?rest_route=\/wp\/v2\/types\/product"}],"replies":[{"embeddable":true,"href":"https:\/\/shibasex.com\/index.php?rest_route=%2Fwp%2Fv2%2Fcomments&post=4313"}],"wp:featuredmedia":[{"embeddable":true,"href":"https:\/\/shibasex.com\/index.php?rest_route=\/wp\/v2\/media\/4312"}],"wp:attachment":[{"href":"https:\/\/shibasex.com\/index.php?rest_route=%2Fwp%2Fv2%2Fmedia&parent=4313"}],"wp:term":[{"taxonomy":"product_brand","embeddable":true,"href":"https:\/\/shibasex.com\/index.php?rest_route=%2Fwp%2Fv2%2Fproduct_brand&post=4313"},{"taxonomy":"product_cat","embeddable":true,"href":"https:\/\/shibasex.com\/index.php?rest_route=%2Fwp%2Fv2%2Fproduct_cat&post=4313"},{"taxonomy":"product_tag","embeddable":true,"href":"https:\/\/shibasex.com\/index.php?rest_route=%2Fwp%2Fv2%2Fproduct_tag&post=4313"}],"curies":[{"name":"wp","href":"https:\/\/api.w.org\/{rel}","templated":true}]}}