{"id":4113,"date":"2026-03-23T08:57:10","date_gmt":"2026-03-23T08:57:10","guid":{"rendered":"https:\/\/shibasex.com\/?product=pretty-love-vibratore-ricaricabile-rachel-con-ventosa-viola"},"modified":"2026-03-23T08:57:16","modified_gmt":"2026-03-23T08:57:16","slug":"pretty-love-vibratore-ricaricabile-rachel-con-ventosa-viola","status":"publish","type":"product","link":"https:\/\/shibasex.com\/?product=pretty-love-vibratore-ricaricabile-rachel-con-ventosa-viola","title":{"rendered":"PRETTY LOVE &#8211; VIBRATORE RICARICABILE RACHEL CON VENTOSA VIOLA"},"content":{"rendered":"<p>Questo vibratore con punta linguale a 12 funzioni ti lascer\u00e0 senza parole, ma non lo dimenticherai mai. Goditi la soddisfazione orale e assapora le dolci delizie di una stimolazione sensazionale. Scegli la velocit\u00e0 e l&#39;intensit\u00e0 dei tre diversi schemi di leccamento e, una volta trovato il ritmo perfetto, sar\u00e0 cos\u00ec piacevole che parlerai in lingue. Fortunatamente per te, il silicone vellutato \u00e8 completamente impermeabile, quindi tuffati e preparati per una bella leccata di lingua.<\/p>\n<p> <u><strong>Caratteristiche<\/strong><\/u><\/p>\n<ul>\n<li> Funzione: 12 funzioni di vibrazione 3 impostazioni di onde pulsate Funzione di memoria<\/li>\n<li> Alimentazione: ricaricabile tramite USB<\/li>\n<li> Materiale: Silicone ABS<\/li>\n<li> Colore: Viola<\/li>\n<\/ul>\n<p> Pretty Love realizza prodotti di alta qualit\u00e0, coperti da una garanzia di un anno contro i difetti tecnici.<\/p>\n","protected":false},"excerpt":{"rendered":"<p>Questo vibratore con punta linguale a 12 funzioni ti lascer\u00e0 senza parole, ma non lo dimenticherai mai. Goditi la soddisfazione orale e assapora le dolci delizie di una stimolazione sensazionale. Scegli la velocit\u00e0 e l&#39;intensit\u00e0 dei tre diversi schemi di leccamento e, una volta trovato il ritmo perfetto, sar\u00e0 cos\u00ec piacevole che parlerai in lingue. [&hellip;]<\/p>\n","protected":false},"featured_media":4112,"comment_status":"open","ping_status":"closed","template":"","meta":[],"product_brand":[],"product_cat":[126],"product_tag":[],"class_list":{"0":"post-4113","1":"product","2":"type-product","3":"status-publish","4":"has-post-thumbnail","6":"product_cat-vibratori-rabbit","8":"first","9":"instock","10":"shipping-taxable","11":"purchasable","12":"product-type-simple"},"_cost_price":"","_links":{"self":[{"href":"https:\/\/shibasex.com\/index.php?rest_route=\/wp\/v2\/product\/4113","targetHints":{"allow":["GET"]}}],"collection":[{"href":"https:\/\/shibasex.com\/index.php?rest_route=\/wp\/v2\/product"}],"about":[{"href":"https:\/\/shibasex.com\/index.php?rest_route=\/wp\/v2\/types\/product"}],"replies":[{"embeddable":true,"href":"https:\/\/shibasex.com\/index.php?rest_route=%2Fwp%2Fv2%2Fcomments&post=4113"}],"wp:featuredmedia":[{"embeddable":true,"href":"https:\/\/shibasex.com\/index.php?rest_route=\/wp\/v2\/media\/4112"}],"wp:attachment":[{"href":"https:\/\/shibasex.com\/index.php?rest_route=%2Fwp%2Fv2%2Fmedia&parent=4113"}],"wp:term":[{"taxonomy":"product_brand","embeddable":true,"href":"https:\/\/shibasex.com\/index.php?rest_route=%2Fwp%2Fv2%2Fproduct_brand&post=4113"},{"taxonomy":"product_cat","embeddable":true,"href":"https:\/\/shibasex.com\/index.php?rest_route=%2Fwp%2Fv2%2Fproduct_cat&post=4113"},{"taxonomy":"product_tag","embeddable":true,"href":"https:\/\/shibasex.com\/index.php?rest_route=%2Fwp%2Fv2%2Fproduct_tag&post=4113"}],"curies":[{"name":"wp","href":"https:\/\/api.w.org\/{rel}","templated":true}]}}