{"id":4068,"date":"2026-03-23T08:56:29","date_gmt":"2026-03-23T08:56:29","guid":{"rendered":"https:\/\/shibasex.com\/?product=climaximum-vibratore-ardor-twisted"},"modified":"2026-03-23T08:56:31","modified_gmt":"2026-03-23T08:56:31","slug":"climaximum-vibratore-ardor-twisted","status":"publish","type":"product","link":"https:\/\/shibasex.com\/?product=climaximum-vibratore-ardor-twisted","title":{"rendered":"CLIMAXIMUM &#8211; VIBRATORE ARDOR TWISTED"},"content":{"rendered":"<p>Senti profonde e sensuali ondate di piacere mentre <strong>Ardor<\/strong> ti delizia, facendoti rabbrividire e pulsare con ciascuna delle sue 10 potenti vibrazioni e pulsazioni. I contorni intelligenti di <strong>Ardor<\/strong> sono progettati per riempire ogni parte del tuo corpo con la massima soddisfazione mentre scivola senza sforzo ma con fermezza dentro di te.<\/p>\n<p> <strong>CARATTERISTICHE<\/strong> :<\/p>\n<ul>\n<li> 10 velocit\u00e0<\/li>\n<li> Impermeabile IPX7<\/li>\n<li> Materiali: silicone\/plastica ABS<\/li>\n<li> Batteria: 1 batteria AA inclusa<\/li>\n<li> Dimensioni del prodotto: 33 mm x 135 mm x 33 mm larghezza x altezza x profondit\u00e0<\/li>\n<li> Peso del prodotto: 88 g<\/li>\n<\/ul>\n<p> <u><strong>CLIMAXIMO<\/strong><\/u><\/p>\n<p> La collezione Climaximum si concentra su indulgenza, potenza e piacere. Progettati per chi cerca di pi\u00f9, questi giocattoli combinano un&#39;estetica seducente con sensazioni intense per portare le tue esperienze pi\u00f9 intime a nuovi livelli. Che tu stia cercando soddisfazione da solo o esplorando connessioni pi\u00f9 profonde con il tuo partner, Climaximum ha qualcosa per soddisfare tutti i tuoi desideri.<\/p>\n<ul>\n<li> Pi\u00f9 potenza, pi\u00f9 piacere: la collezione comprende giocattoli con fili e proiettili che emettono vibrazioni profonde e rimbombanti esattamente dove ne hai bisogno.<\/li>\n<li> Progettato per ogni esperienza: scopri una variet\u00e0 di divertenti kit per coppie o concediti un&#39;avventura da solo con potenti vibratori e stimolatori.<\/li>\n<li> Selezione versatile: goditi una combinazione di potenziatori delle prestazioni vaginali, clitoridei, anali e anelli per il pene, pensati per chi desidera provare ogni tipo di piacere.<\/li>\n<li> PX7 impermeabile e sicuro per il corpo: porta il tuo piacere ovunque, sapendo che ogni giocattolo \u00e8 realizzato con materiali di prima qualit\u00e0, progettati per la sicurezza e la soddisfazione.<\/li>\n<\/ul>\n","protected":false},"excerpt":{"rendered":"<p>Senti profonde e sensuali ondate di piacere mentre Ardor ti delizia, facendoti rabbrividire e pulsare con ciascuna delle sue 10 potenti vibrazioni e pulsazioni. I contorni intelligenti di Ardor sono progettati per riempire ogni parte del tuo corpo con la massima soddisfazione mentre scivola senza sforzo ma con fermezza dentro di te. CARATTERISTICHE : 10 [&hellip;]<\/p>\n","protected":false},"featured_media":4067,"comment_status":"open","ping_status":"closed","template":"","meta":[],"product_brand":[],"product_cat":[81],"product_tag":[],"class_list":{"0":"post-4068","1":"product","2":"type-product","3":"status-publish","4":"has-post-thumbnail","6":"product_cat-mini-vibratori","8":"first","9":"instock","10":"shipping-taxable","11":"purchasable","12":"product-type-simple"},"_cost_price":"","_links":{"self":[{"href":"https:\/\/shibasex.com\/index.php?rest_route=\/wp\/v2\/product\/4068","targetHints":{"allow":["GET"]}}],"collection":[{"href":"https:\/\/shibasex.com\/index.php?rest_route=\/wp\/v2\/product"}],"about":[{"href":"https:\/\/shibasex.com\/index.php?rest_route=\/wp\/v2\/types\/product"}],"replies":[{"embeddable":true,"href":"https:\/\/shibasex.com\/index.php?rest_route=%2Fwp%2Fv2%2Fcomments&post=4068"}],"wp:featuredmedia":[{"embeddable":true,"href":"https:\/\/shibasex.com\/index.php?rest_route=\/wp\/v2\/media\/4067"}],"wp:attachment":[{"href":"https:\/\/shibasex.com\/index.php?rest_route=%2Fwp%2Fv2%2Fmedia&parent=4068"}],"wp:term":[{"taxonomy":"product_brand","embeddable":true,"href":"https:\/\/shibasex.com\/index.php?rest_route=%2Fwp%2Fv2%2Fproduct_brand&post=4068"},{"taxonomy":"product_cat","embeddable":true,"href":"https:\/\/shibasex.com\/index.php?rest_route=%2Fwp%2Fv2%2Fproduct_cat&post=4068"},{"taxonomy":"product_tag","embeddable":true,"href":"https:\/\/shibasex.com\/index.php?rest_route=%2Fwp%2Fv2%2Fproduct_tag&post=4068"}],"curies":[{"name":"wp","href":"https:\/\/api.w.org\/{rel}","templated":true}]}}