{"id":3727,"date":"2026-03-23T08:51:42","date_gmt":"2026-03-23T08:51:42","guid":{"rendered":"https:\/\/shibasex.com\/?product=climaximum-mia-vibratore-discreto"},"modified":"2026-03-23T08:51:44","modified_gmt":"2026-03-23T08:51:44","slug":"climaximum-mia-vibratore-discreto","status":"publish","type":"product","link":"https:\/\/shibasex.com\/?product=climaximum-mia-vibratore-discreto","title":{"rendered":"CLIMAXIMUM &#8211; MIA VIBRATORE DISCRETO"},"content":{"rendered":"<p>Esteticamente essenziale per regalare un piacere orgasmico, <strong>Mia<\/strong> \u00e8 il compagno perfetto per esplorare ed eccitare le tue zone di piacere. Le forti vibrazioni viaggiano fino alla punta di precisione, donandoti potenza esattamente dove ne hai bisogno, mentre il silicone vellutato e sensoriale accarezza e seduce il tuo corpo. Perch\u00e9 non coccolarti?<\/p>\n<p> <strong>CARATTERISTICHE<\/strong> :<\/p>\n<ul>\n<li> 10 velocit\u00e0<\/li>\n<li> Stimolazione interna e clitoridea<\/li>\n<li> Impermeabile IPX7<\/li>\n<li> Materiali: silicone \/ plastica ABS<\/li>\n<li> Batteria: agli ioni di litio ricaricabile Cavo USB incluso<\/li>\n<li> 1,5 ore di ricarica per 1 ora di gioco<\/li>\n<li> Dimensioni del prodotto: 33 mm x 131 mm x 27 mm L x A x P<\/li>\n<li> Peso del prodotto: 61 g<\/li>\n<\/ul>\n<p> <u><strong>CLIMAXIMO<\/strong><\/u><\/p>\n<p> La collezione Climaximum si concentra su indulgenza, potenza e piacere. Progettati per chi cerca di pi\u00f9, questi giocattoli combinano un&#39;estetica seducente con sensazioni intense per portare le tue esperienze pi\u00f9 intime a nuovi livelli. Che tu stia cercando soddisfazione da solo o esplorando connessioni pi\u00f9 profonde con il tuo partner, Climaximum ha qualcosa per soddisfare tutti i tuoi desideri.<\/p>\n<ul>\n<li> Pi\u00f9 potenza, pi\u00f9 piacere: la collezione comprende giocattoli con fili e proiettili che emettono vibrazioni profonde e rimbombanti esattamente dove ne hai bisogno.<\/li>\n<li> Progettato per ogni esperienza: scopri una variet\u00e0 di divertenti kit per coppie o concediti un&#39;avventura da solo con potenti vibratori e stimolatori.<\/li>\n<li> Selezione versatile: goditi una combinazione di potenziatori delle prestazioni vaginali, clitoridei, anali e anelli per il pene, pensati per chi desidera provare ogni tipo di piacere.<\/li>\n<li> PX7 impermeabile e sicuro per il corpo: porta il tuo piacere ovunque, sapendo che ogni giocattolo \u00e8 realizzato con materiali di prima qualit\u00e0, progettati per la sicurezza e la soddisfazione.<\/li>\n<\/ul>\n","protected":false},"excerpt":{"rendered":"<p>Esteticamente essenziale per regalare un piacere orgasmico, Mia \u00e8 il compagno perfetto per esplorare ed eccitare le tue zone di piacere. Le forti vibrazioni viaggiano fino alla punta di precisione, donandoti potenza esattamente dove ne hai bisogno, mentre il silicone vellutato e sensoriale accarezza e seduce il tuo corpo. Perch\u00e9 non coccolarti? CARATTERISTICHE : 10 [&hellip;]<\/p>\n","protected":false},"featured_media":3726,"comment_status":"open","ping_status":"closed","template":"","meta":[],"product_brand":[],"product_cat":[124],"product_tag":[],"class_list":{"0":"post-3727","1":"product","2":"type-product","3":"status-publish","4":"has-post-thumbnail","6":"product_cat-vibratori-classici-anali-o-vaginali","8":"first","9":"instock","10":"shipping-taxable","11":"purchasable","12":"product-type-simple"},"_cost_price":"","_links":{"self":[{"href":"https:\/\/shibasex.com\/index.php?rest_route=\/wp\/v2\/product\/3727","targetHints":{"allow":["GET"]}}],"collection":[{"href":"https:\/\/shibasex.com\/index.php?rest_route=\/wp\/v2\/product"}],"about":[{"href":"https:\/\/shibasex.com\/index.php?rest_route=\/wp\/v2\/types\/product"}],"replies":[{"embeddable":true,"href":"https:\/\/shibasex.com\/index.php?rest_route=%2Fwp%2Fv2%2Fcomments&post=3727"}],"wp:featuredmedia":[{"embeddable":true,"href":"https:\/\/shibasex.com\/index.php?rest_route=\/wp\/v2\/media\/3726"}],"wp:attachment":[{"href":"https:\/\/shibasex.com\/index.php?rest_route=%2Fwp%2Fv2%2Fmedia&parent=3727"}],"wp:term":[{"taxonomy":"product_brand","embeddable":true,"href":"https:\/\/shibasex.com\/index.php?rest_route=%2Fwp%2Fv2%2Fproduct_brand&post=3727"},{"taxonomy":"product_cat","embeddable":true,"href":"https:\/\/shibasex.com\/index.php?rest_route=%2Fwp%2Fv2%2Fproduct_cat&post=3727"},{"taxonomy":"product_tag","embeddable":true,"href":"https:\/\/shibasex.com\/index.php?rest_route=%2Fwp%2Fv2%2Fproduct_tag&post=3727"}],"curies":[{"name":"wp","href":"https:\/\/api.w.org\/{rel}","templated":true}]}}