{"id":3501,"date":"2026-03-23T08:48:15","date_gmt":"2026-03-23T08:48:15","guid":{"rendered":"https:\/\/shibasex.com\/?product=diablo-picante-spugna-gialla-a-forma-di-pene"},"modified":"2026-03-23T08:48:15","modified_gmt":"2026-03-23T08:48:15","slug":"diablo-picante-spugna-gialla-a-forma-di-pene","status":"publish","type":"product","link":"https:\/\/shibasex.com\/?product=diablo-picante-spugna-gialla-a-forma-di-pene","title":{"rendered":"DIABLO PICANTE &#8211; SPUGNA GIALLA A FORMA DI PENE"},"content":{"rendered":"<p>Trasforma il momento del bagno in un momento di risate con la divertente spugna da bagno a forma di pene di DIVERTY SEX. Originali, morbide e audaci, queste spugne sono l&#39;accessorio perfetto per chi ama i regali ironici e piccanti.<\/p>\n<p> Con dimensioni di 170 x 105 x 40 mm e un sorprendente colore giallo, queste spugne non solo svolgono la loro funzione, ma diventano anche un regalo divertente e indimenticabile per addii al celibato\/nubilato, compleanni, feste a tema o eventi con gli amici. La loro piacevole consistenza le rende ideali per l&#39;uso sotto la doccia, cos\u00ec come per decorazioni o per essere inserite in divertenti cesti regalo. Perch\u00e9 anche il bagno pu\u00f2 essere divertente, con la spugna a forma di pene, le risate sono garantite dentro e fuori dalla doccia!<\/p>\n<p> <u><strong>CARATTERISTICHE<\/strong><\/u> :<\/p>\n<ul>\n<li> Spugna da bagno a forma di pene, originale e molto divertente.<\/li>\n<li> Dimensioni: 170 x 105 x 40 mm.<\/li>\n<li> Colore giallo brillante, ideale per distinguersi.<\/li>\n<li> Texture morbida e piacevole al tatto.<\/li>\n<li> Un dettaglio audace e carino che garantisce risate e una buona atmosfera.<\/li>\n<\/ul>\n<p> Un classico di <strong>DIVERTY SEX<\/strong> &#8211; Con oltre 20 anni di esperienza nel mercato dei sex toys, <strong>DIVERTY SEX<\/strong> si \u00e8 affermata come leader nella produzione di regali sexy e originali con un approccio umoristico. La sua filosofia: far ridere, sorprendere e rilassare. Che si tratti di ravvivare una festa, di fare un regalo segreto a un amico o di rompere il ghiaccio con l&#39;umorismo, questo prodotto \u00e8 un must-have nella tua collezione festiva.<\/p>\n","protected":false},"excerpt":{"rendered":"<p>Trasforma il momento del bagno in un momento di risate con la divertente spugna da bagno a forma di pene di DIVERTY SEX. Originali, morbide e audaci, queste spugne sono l&#39;accessorio perfetto per chi ama i regali ironici e piccanti. Con dimensioni di 170 x 105 x 40 mm e un sorprendente colore giallo, queste [&hellip;]<\/p>\n","protected":false},"featured_media":3500,"comment_status":"open","ping_status":"closed","template":"","meta":[],"product_brand":[],"product_cat":[111],"product_tag":[],"class_list":{"0":"post-3501","1":"product","2":"type-product","3":"status-publish","4":"has-post-thumbnail","6":"product_cat-accessori-articoli-divertenti","8":"first","9":"instock","10":"shipping-taxable","11":"purchasable","12":"product-type-simple"},"_cost_price":"","_links":{"self":[{"href":"https:\/\/shibasex.com\/index.php?rest_route=\/wp\/v2\/product\/3501","targetHints":{"allow":["GET"]}}],"collection":[{"href":"https:\/\/shibasex.com\/index.php?rest_route=\/wp\/v2\/product"}],"about":[{"href":"https:\/\/shibasex.com\/index.php?rest_route=\/wp\/v2\/types\/product"}],"replies":[{"embeddable":true,"href":"https:\/\/shibasex.com\/index.php?rest_route=%2Fwp%2Fv2%2Fcomments&post=3501"}],"wp:featuredmedia":[{"embeddable":true,"href":"https:\/\/shibasex.com\/index.php?rest_route=\/wp\/v2\/media\/3500"}],"wp:attachment":[{"href":"https:\/\/shibasex.com\/index.php?rest_route=%2Fwp%2Fv2%2Fmedia&parent=3501"}],"wp:term":[{"taxonomy":"product_brand","embeddable":true,"href":"https:\/\/shibasex.com\/index.php?rest_route=%2Fwp%2Fv2%2Fproduct_brand&post=3501"},{"taxonomy":"product_cat","embeddable":true,"href":"https:\/\/shibasex.com\/index.php?rest_route=%2Fwp%2Fv2%2Fproduct_cat&post=3501"},{"taxonomy":"product_tag","embeddable":true,"href":"https:\/\/shibasex.com\/index.php?rest_route=%2Fwp%2Fv2%2Fproduct_tag&post=3501"}],"curies":[{"name":"wp","href":"https:\/\/api.w.org\/{rel}","templated":true}]}}