{"id":3489,"date":"2026-03-23T08:48:11","date_gmt":"2026-03-23T08:48:11","guid":{"rendered":"https:\/\/shibasex.com\/?product=diablo-picante-tazza-pene-bianca-con-manico-rosa-370-m"},"modified":"2026-03-23T08:48:11","modified_gmt":"2026-03-23T08:48:11","slug":"diablo-picante-tazza-pene-bianca-con-manico-rosa-370-m","status":"publish","type":"product","link":"https:\/\/shibasex.com\/?product=diablo-picante-tazza-pene-bianca-con-manico-rosa-370-m","title":{"rendered":"DIABLO PICANTE &#8211; TAZZA PENE BIANCA CON MANICO ROSA 370 M"},"content":{"rendered":"<p>Osate risvegliare il vostro lato malizioso con la tazza da 370 ml con disegno di pene, un pezzo unico che unisce l&#39;umorismo erotico al design moderno e audace tipico di DIVERTY SEX. Iniziate la giornata con un sorriso o sorprendete i vostri amici con la tazza pi\u00f9 divertente e piccante del momento. Combina la funzionalit\u00e0 di una tazza di alta qualit\u00e0 con un design erotico e divertente, perfetto da regalare o da gustare in qualsiasi occasione speciale.<\/p>\n<p> Realizzata in ceramica di alta qualit\u00e0, questa tazza presenta una finitura bianca lucida all&#39;esterno, decorata con divertenti disegni erotici ispirati alle forme del pene. Il manico e l&#39;interno rosa intenso aggiungono un tocco elegante e a contrasto, ideale per chi ama i dettagli con personalit\u00e0.<\/p>\n<p> Ogni tazza \u00e8 confezionata in una scatola di carta kraft individuale, perfetta per fare un regalo e sorprendere gli altri. \u00c8 il regalo ideale per addii al celibato\/nubilato, compleanni, feste a tema o qualsiasi celebrazione in cui l&#39;umorismo e la malizia siano i protagonisti.<\/p>\n<p> <u><strong>CARATTERISTICHE<\/strong><\/u> :<\/p>\n<ul>\n<li> Tazza in ceramica bianca da 370 ml, resistente e durevole.<\/li>\n<li> Disegni di diverse forme di pene.<\/li>\n<li> Maniglia e interno rosa.<\/li>\n<li> Presentato in una scatola kraft individuale, ideale come regalo.<\/li>\n<li> Perfetto per compleanni, addii al celibato\/nubilato e feste a tema.<\/li>\n<\/ul>\n<p> Un classico divertente &#8211; Con oltre 20 anni di esperienza nel mercato dei sex toys, <strong>DIVERTY SEX<\/strong> si \u00e8 affermata come leader nei regali sexy, originali e divertenti. La sua filosofia: far ridere, sorprendere e alleviare lo stress. Che si tratti di ravvivare una festa, di fare un regalo segreto a un amico o di rompere il ghiaccio con l&#39;umorismo, questo prodotto \u00e8 un must-have nella tua collezione festiva.<\/p>\n","protected":false},"excerpt":{"rendered":"<p>Osate risvegliare il vostro lato malizioso con la tazza da 370 ml con disegno di pene, un pezzo unico che unisce l&#39;umorismo erotico al design moderno e audace tipico di DIVERTY SEX. Iniziate la giornata con un sorriso o sorprendete i vostri amici con la tazza pi\u00f9 divertente e piccante del momento. Combina la funzionalit\u00e0 [&hellip;]<\/p>\n","protected":false},"featured_media":3488,"comment_status":"open","ping_status":"closed","template":"","meta":[],"product_brand":[],"product_cat":[111],"product_tag":[],"class_list":{"0":"post-3489","1":"product","2":"type-product","3":"status-publish","4":"has-post-thumbnail","6":"product_cat-accessori-articoli-divertenti","8":"first","9":"instock","10":"shipping-taxable","11":"purchasable","12":"product-type-simple"},"_cost_price":"","_links":{"self":[{"href":"https:\/\/shibasex.com\/index.php?rest_route=\/wp\/v2\/product\/3489","targetHints":{"allow":["GET"]}}],"collection":[{"href":"https:\/\/shibasex.com\/index.php?rest_route=\/wp\/v2\/product"}],"about":[{"href":"https:\/\/shibasex.com\/index.php?rest_route=\/wp\/v2\/types\/product"}],"replies":[{"embeddable":true,"href":"https:\/\/shibasex.com\/index.php?rest_route=%2Fwp%2Fv2%2Fcomments&post=3489"}],"wp:featuredmedia":[{"embeddable":true,"href":"https:\/\/shibasex.com\/index.php?rest_route=\/wp\/v2\/media\/3488"}],"wp:attachment":[{"href":"https:\/\/shibasex.com\/index.php?rest_route=%2Fwp%2Fv2%2Fmedia&parent=3489"}],"wp:term":[{"taxonomy":"product_brand","embeddable":true,"href":"https:\/\/shibasex.com\/index.php?rest_route=%2Fwp%2Fv2%2Fproduct_brand&post=3489"},{"taxonomy":"product_cat","embeddable":true,"href":"https:\/\/shibasex.com\/index.php?rest_route=%2Fwp%2Fv2%2Fproduct_cat&post=3489"},{"taxonomy":"product_tag","embeddable":true,"href":"https:\/\/shibasex.com\/index.php?rest_route=%2Fwp%2Fv2%2Fproduct_tag&post=3489"}],"curies":[{"name":"wp","href":"https:\/\/api.w.org\/{rel}","templated":true}]}}