{"id":3485,"date":"2026-03-23T08:48:09","date_gmt":"2026-03-23T08:48:09","guid":{"rendered":"https:\/\/shibasex.com\/?product=diablo-picante-tazza-vibratori-bianchi-con-manico-blu-370-ml"},"modified":"2026-03-23T08:48:09","modified_gmt":"2026-03-23T08:48:09","slug":"diablo-picante-tazza-vibratori-bianchi-con-manico-blu-370-ml","status":"publish","type":"product","link":"https:\/\/shibasex.com\/?product=diablo-picante-tazza-vibratori-bianchi-con-manico-blu-370-ml","title":{"rendered":"DIABLO PICANTE &#8211; TAZZA VIBRATORI BIANCHI CON MANICO BLU 370 ML"},"content":{"rendered":"<p>Osate risvegliare il vostro lato malizioso con la tazza vibratore da 370 ml, un pezzo unico che unisce l&#39;umorismo erotico al design moderno e audace tipico di DIVERTY SEX. Iniziate la giornata con un sorriso o sorprendete i vostri amici con la tazza pi\u00f9 divertente e piccante del momento. Combina la funzionalit\u00e0 di una tazza di alta qualit\u00e0 con un design erotico e divertente, perfetto da regalare o da gustare in qualsiasi occasione speciale.<\/p>\n<p> Realizzata in ceramica di alta qualit\u00e0, questa tazza presenta una finitura bianca lucida all&#39;esterno, decorata con divertenti disegni erotici ispirati ai vibratori. Il manico e l&#39;interno blu intenso aggiungono un tocco elegante e contrastante, ideale per chi ama i dettagli con personalit\u00e0.<\/p>\n<p> Ogni tazza \u00e8 confezionata in una scatola di carta kraft individuale, perfetta per fare un regalo e sorprendere gli altri. \u00c8 il regalo ideale per addii al celibato\/nubilato, compleanni, feste a tema o qualsiasi celebrazione in cui l&#39;umorismo e la malizia siano i protagonisti.<\/p>\n<p> <u><strong>CARATTERISTICHE<\/strong><\/u> :<\/p>\n<ul>\n<li> Tazza in ceramica bianca da 370 ml, resistente e durevole.<\/li>\n<li> Disegni di diversi vibratori.<\/li>\n<li> Maniglia e interno blu.<\/li>\n<li> Presentato in una scatola kraft individuale, ideale come regalo.<\/li>\n<li> Perfetto per compleanni, addii al celibato\/nubilato e feste a tema.<\/li>\n<\/ul>\n<p> Un classico divertente &#8211; Con oltre 20 anni di esperienza nel mercato dei sex toys, <strong>DIVERTY SEX<\/strong> si \u00e8 affermata come leader nei regali sexy, originali e divertenti. La sua filosofia: far ridere, sorprendere e alleviare lo stress. Che si tratti di ravvivare una festa, di fare un regalo segreto a un amico o di rompere il ghiaccio con l&#39;umorismo, questo prodotto \u00e8 un must-have nella tua collezione festiva.<\/p>\n","protected":false},"excerpt":{"rendered":"<p>Osate risvegliare il vostro lato malizioso con la tazza vibratore da 370 ml, un pezzo unico che unisce l&#39;umorismo erotico al design moderno e audace tipico di DIVERTY SEX. Iniziate la giornata con un sorriso o sorprendete i vostri amici con la tazza pi\u00f9 divertente e piccante del momento. Combina la funzionalit\u00e0 di una tazza [&hellip;]<\/p>\n","protected":false},"featured_media":3484,"comment_status":"open","ping_status":"closed","template":"","meta":[],"product_brand":[],"product_cat":[111],"product_tag":[],"class_list":{"0":"post-3485","1":"product","2":"type-product","3":"status-publish","4":"has-post-thumbnail","6":"product_cat-accessori-articoli-divertenti","8":"first","9":"instock","10":"shipping-taxable","11":"purchasable","12":"product-type-simple"},"_cost_price":"","_links":{"self":[{"href":"https:\/\/shibasex.com\/index.php?rest_route=\/wp\/v2\/product\/3485","targetHints":{"allow":["GET"]}}],"collection":[{"href":"https:\/\/shibasex.com\/index.php?rest_route=\/wp\/v2\/product"}],"about":[{"href":"https:\/\/shibasex.com\/index.php?rest_route=\/wp\/v2\/types\/product"}],"replies":[{"embeddable":true,"href":"https:\/\/shibasex.com\/index.php?rest_route=%2Fwp%2Fv2%2Fcomments&post=3485"}],"wp:featuredmedia":[{"embeddable":true,"href":"https:\/\/shibasex.com\/index.php?rest_route=\/wp\/v2\/media\/3484"}],"wp:attachment":[{"href":"https:\/\/shibasex.com\/index.php?rest_route=%2Fwp%2Fv2%2Fmedia&parent=3485"}],"wp:term":[{"taxonomy":"product_brand","embeddable":true,"href":"https:\/\/shibasex.com\/index.php?rest_route=%2Fwp%2Fv2%2Fproduct_brand&post=3485"},{"taxonomy":"product_cat","embeddable":true,"href":"https:\/\/shibasex.com\/index.php?rest_route=%2Fwp%2Fv2%2Fproduct_cat&post=3485"},{"taxonomy":"product_tag","embeddable":true,"href":"https:\/\/shibasex.com\/index.php?rest_route=%2Fwp%2Fv2%2Fproduct_tag&post=3485"}],"curies":[{"name":"wp","href":"https:\/\/api.w.org\/{rel}","templated":true}]}}