{"id":3481,"date":"2026-03-23T08:48:08","date_gmt":"2026-03-23T08:48:08","guid":{"rendered":"https:\/\/shibasex.com\/?product=diablo-picante-tazza-bianca-con-sinonimi-di-seno-370-ml"},"modified":"2026-03-23T08:48:08","modified_gmt":"2026-03-23T08:48:08","slug":"diablo-picante-tazza-bianca-con-sinonimi-di-seno-370-ml","status":"publish","type":"product","link":"https:\/\/shibasex.com\/?product=diablo-picante-tazza-bianca-con-sinonimi-di-seno-370-ml","title":{"rendered":"DIABLO PICANTE &#8211; TAZZA BIANCA CON SINONIMI DI SENO 370 ML"},"content":{"rendered":"<p>Inizia la giornata con un sorriso o sorprendi i tuoi amici con la tazza pi\u00f9 divertente e piccante del momento. La tazza in ceramica DIVERTY SEX da 370 ml unisce la funzionalit\u00e0 di una tazza di alta qualit\u00e0 a un design divertente ed erotico, perfetta da regalare o da gustare in qualsiasi occasione speciale.<\/p>\n<p> Realizzata in resistente ceramica con finitura bianca lucida, questa tazza si distingue per le sue parole nere erotiche, che aggiungono un tocco audace e casual. Ogni tazza \u00e8 presentata in una scatola kraft individuale, perfetta come regalo, rendendola un&#39;opzione pratica e accattivante per compleanni, addii al celibato\/nubilato, feste a tema o festeggiamenti con gli amici.<\/p>\n<p> <u><strong>CARATTERISTICHE<\/strong><\/u> :<\/p>\n<ul>\n<li> Tazza in ceramica da 370 ml, resistente e durevole.<\/li>\n<li> Parole sinonimi per &#39;tette&#39;<\/li>\n<li> Design divertente con maniglia.<\/li>\n<li> Presentato in una scatola kraft individuale, ideale come regalo.<\/li>\n<li> Perfetto per compleanni, addii al celibato\/nubilato e feste a tema.<\/li>\n<\/ul>\n<p> Un classico <strong>DIVERTY SEX<\/strong> &#8211; Con oltre 20 anni di esperienza nel mercato dei sex toys, <strong>DIVERTY SEX<\/strong> si \u00e8 affermata come leader nella produzione di regali sexy e originali con un approccio umoristico. La sua filosofia: far ridere, sorprendere e rilassare. Che si tratti di ravvivare una festa, di fare un regalo segreto a un amico o di rompere il ghiaccio con l&#39;umorismo, questo prodotto \u00e8 un must-have nella tua collezione festiva.<\/p>\n","protected":false},"excerpt":{"rendered":"<p>Inizia la giornata con un sorriso o sorprendi i tuoi amici con la tazza pi\u00f9 divertente e piccante del momento. La tazza in ceramica DIVERTY SEX da 370 ml unisce la funzionalit\u00e0 di una tazza di alta qualit\u00e0 a un design divertente ed erotico, perfetta da regalare o da gustare in qualsiasi occasione speciale. Realizzata [&hellip;]<\/p>\n","protected":false},"featured_media":3480,"comment_status":"open","ping_status":"closed","template":"","meta":[],"product_brand":[],"product_cat":[111],"product_tag":[],"class_list":{"0":"post-3481","1":"product","2":"type-product","3":"status-publish","4":"has-post-thumbnail","6":"product_cat-accessori-articoli-divertenti","8":"first","9":"instock","10":"shipping-taxable","11":"purchasable","12":"product-type-simple"},"_cost_price":"","_links":{"self":[{"href":"https:\/\/shibasex.com\/index.php?rest_route=\/wp\/v2\/product\/3481","targetHints":{"allow":["GET"]}}],"collection":[{"href":"https:\/\/shibasex.com\/index.php?rest_route=\/wp\/v2\/product"}],"about":[{"href":"https:\/\/shibasex.com\/index.php?rest_route=\/wp\/v2\/types\/product"}],"replies":[{"embeddable":true,"href":"https:\/\/shibasex.com\/index.php?rest_route=%2Fwp%2Fv2%2Fcomments&post=3481"}],"wp:featuredmedia":[{"embeddable":true,"href":"https:\/\/shibasex.com\/index.php?rest_route=\/wp\/v2\/media\/3480"}],"wp:attachment":[{"href":"https:\/\/shibasex.com\/index.php?rest_route=%2Fwp%2Fv2%2Fmedia&parent=3481"}],"wp:term":[{"taxonomy":"product_brand","embeddable":true,"href":"https:\/\/shibasex.com\/index.php?rest_route=%2Fwp%2Fv2%2Fproduct_brand&post=3481"},{"taxonomy":"product_cat","embeddable":true,"href":"https:\/\/shibasex.com\/index.php?rest_route=%2Fwp%2Fv2%2Fproduct_cat&post=3481"},{"taxonomy":"product_tag","embeddable":true,"href":"https:\/\/shibasex.com\/index.php?rest_route=%2Fwp%2Fv2%2Fproduct_tag&post=3481"}],"curies":[{"name":"wp","href":"https:\/\/api.w.org\/{rel}","templated":true}]}}