{"id":3439,"date":"2026-03-23T08:47:46","date_gmt":"2026-03-23T08:47:46","guid":{"rendered":"https:\/\/shibasex.com\/?product=fun-factory-kit-coppa-mestruale-fun-turchese"},"modified":"2026-03-23T08:47:46","modified_gmt":"2026-03-23T08:47:46","slug":"fun-factory-kit-coppa-mestruale-fun-turchese","status":"publish","type":"product","link":"https:\/\/shibasex.com\/?product=fun-factory-kit-coppa-mestruale-fun-turchese","title":{"rendered":"FUN FACTORY &#8211; KIT COPPA MESTRUALE FUN TURCHESE"},"content":{"rendered":"<p>Con la FUN CUP, scoprirai un nuovo livello di comfort e libert\u00e0 durante il ciclo. Contiene 4-6 volte di pi\u00f9 di un assorbente interno e si adatta individualmente al tuo corpo. Grazie alla superficie igienica e morbida in silicone medicale flessibile, si adatta comodamente e saldamente ed \u00e8 facile da regolare. La coppetta mestruale \u00e8 riutilizzabile, facile da pulire e offre una protezione anti-perdite fino a 12 ore. Non solo risparmierai denaro, ma contribuirai anche alla tutela dell&#39;ambiente, il tutto senza compromettere la qualit\u00e0.<\/p>\n<p> <strong>Esplora il kit: trova la soluzione perfetta per te<\/strong><br \/> Nel tuo kit troverai la FUN CUP Misura A (piccola), con una capacit\u00e0 di 21 ml, e la FUN CUP Misura B (grande) che pu\u00f2 contenere 28 ml. Non sai quale sia la misura giusta per te? Il Kit Explore include entrambe le misure, permettendoti di provarle e vedere quale ti si addice di pi\u00f9, e anche di scegliere tra due misure per i giorni con flusso leggero e abbondante. \u00c8 il modo perfetto per trovare la tua misura ideale e, grazie alla pratica maniglia, rimuoverla \u00e8 un gioco da ragazzi.<br \/> Dopo averlo svuotato, risciacqua la tua FUN CUP con acqua tiepida e un sapone delicato e senza profumo, prestando particolare attenzione alle zone difficili da raggiungere. Per una pulizia pi\u00f9 profonda, fai semplicemente bollire per tre minuti e lasciala asciugare completamente all&#39;aria prima di riutilizzarla.<\/p>\n<p> <strong>Il tuo compagno flessibile per periodi senza pensieri<\/strong><br \/> Con FUN CUP, goditi una libert\u00e0 di movimento illimitata durante il ciclo mestruale e attivit\u00e0 come il sesso orale o la penetrazione delicata. Acquista il tuo nuovo accessorio per il ciclo mestruale e di&#39; addio a tamponi e assorbenti! Goditi una qualit\u00e0 duratura, garantita dall&#39;impressionante garanzia di 25 anni di FUN FACTORY.<\/p>\n","protected":false},"excerpt":{"rendered":"<p>Con la FUN CUP, scoprirai un nuovo livello di comfort e libert\u00e0 durante il ciclo. Contiene 4-6 volte di pi\u00f9 di un assorbente interno e si adatta individualmente al tuo corpo. Grazie alla superficie igienica e morbida in silicone medicale flessibile, si adatta comodamente e saldamente ed \u00e8 facile da regolare. La coppetta mestruale \u00e8 [&hellip;]<\/p>\n","protected":false},"featured_media":3438,"comment_status":"open","ping_status":"closed","template":"","meta":[],"product_brand":[],"product_cat":[110],"product_tag":[],"class_list":{"0":"post-3439","1":"product","2":"type-product","3":"status-publish","4":"has-post-thumbnail","6":"product_cat-coppetta-mestruale","8":"first","9":"instock","10":"shipping-taxable","11":"purchasable","12":"product-type-simple"},"_cost_price":"","_links":{"self":[{"href":"https:\/\/shibasex.com\/index.php?rest_route=\/wp\/v2\/product\/3439","targetHints":{"allow":["GET"]}}],"collection":[{"href":"https:\/\/shibasex.com\/index.php?rest_route=\/wp\/v2\/product"}],"about":[{"href":"https:\/\/shibasex.com\/index.php?rest_route=\/wp\/v2\/types\/product"}],"replies":[{"embeddable":true,"href":"https:\/\/shibasex.com\/index.php?rest_route=%2Fwp%2Fv2%2Fcomments&post=3439"}],"wp:featuredmedia":[{"embeddable":true,"href":"https:\/\/shibasex.com\/index.php?rest_route=\/wp\/v2\/media\/3438"}],"wp:attachment":[{"href":"https:\/\/shibasex.com\/index.php?rest_route=%2Fwp%2Fv2%2Fmedia&parent=3439"}],"wp:term":[{"taxonomy":"product_brand","embeddable":true,"href":"https:\/\/shibasex.com\/index.php?rest_route=%2Fwp%2Fv2%2Fproduct_brand&post=3439"},{"taxonomy":"product_cat","embeddable":true,"href":"https:\/\/shibasex.com\/index.php?rest_route=%2Fwp%2Fv2%2Fproduct_cat&post=3439"},{"taxonomy":"product_tag","embeddable":true,"href":"https:\/\/shibasex.com\/index.php?rest_route=%2Fwp%2Fv2%2Fproduct_tag&post=3439"}],"curies":[{"name":"wp","href":"https:\/\/api.w.org\/{rel}","templated":true}]}}