{"id":3136,"date":"2026-03-23T08:42:52","date_gmt":"2026-03-23T08:42:52","guid":{"rendered":"https:\/\/shibasex.com\/?product=stimul8-s8-shape-crema-rassodante-vaginale-30-ml"},"modified":"2026-03-23T08:42:52","modified_gmt":"2026-03-23T08:42:52","slug":"stimul8-s8-shape-crema-rassodante-vaginale-30-ml","status":"publish","type":"product","link":"https:\/\/shibasex.com\/?product=stimul8-s8-shape-crema-rassodante-vaginale-30-ml","title":{"rendered":"STIMUL8 &#8211; S8 SHAPE CREMA RASSODANTE VAGINALE 30 ML"},"content":{"rendered":"<p>La crema vaginale S8 ha una formula ringiovanente a doppia azione. La caffeina ritarda l&#39;invecchiamento cutaneo e rassoda la zona vaginale, mentre i lipopeptidi stimolano la circolazione sanguigna per una maggiore sensibilit\u00e0 e orgasmi pi\u00f9 intensi. Conservare in un luogo fresco e asciutto.<\/p>\n<p> <u><em><strong>Specifiche<\/strong><\/em><\/u><\/p>\n<ul>\n<li> Dimensioni del prodotto 30 ml<\/li>\n<li> Lunghezza totale 10 cm<\/li>\n<li> Diametro inseribile \u00d8 3 cm<\/li>\n<li> Testato per le allergie S\u00ec<\/li>\n<li> Senza glutine S\u00ec<\/li>\n<li> Senza parabeni S\u00ec<\/li>\n<\/ul>\n<p> <u><em><strong>Ingredienti<\/strong><\/em><\/u><\/p>\n<p> ACQUA, DICAPRIL CARBONATO, GLICOLE PROPILENICO, POLIGLICERIL-3 DICITRATE\/STEARATO, ALCOOL CETEARILICO, CAFFEINA, PENTYLENE GLICOLE, LECITINA IDROGENATA, BUTILENGLICOLE, GLICERINA, ALCOLI C12-16, ACIDO PALMITICO, GOMMA DI XANTANO, INULINA LAURIL CARBAMMATO, ESTRATTO DI CORTECCIA DI MAGNOLIA OFFICINALIS, ETERE VANILLIL BUTILICO, TOCOFEROLO, BENZOATO DI SODIO, ACIDO BENZOICO, FITATO DI SODIO, ALCOOL, DESTRANO, PALMITOYL TRIPEPTIDE-8, IDROSSIDO DI SODIO<\/p>\n<p> Questa linea di prodotti essenziali per l&#39;igiene intima S8 combina formule di alta qualit\u00e0 a un prezzo accessibile a tutti, rendendola una scelta con un ottimo rapporto qualit\u00e0-prezzo per il benessere erotico. S8 \u00e8 progettata per aumentare il piacere e migliorare l&#39;intimit\u00e0 in modo naturale e sicuro per il corpo. La collezione S8 offre prodotti per ogni gusto. Dai lubrificanti a base d&#39;acqua, a base di silicone, aromatizzati e ibridi, ai detergenti per sex toys e ai gel eccitanti: S8 ha tutto. Il fascino dei prodotti da farmacia S8 \u00e8 il pi\u00f9 &quot;naturale&quot; possibile, imitando la lubrificazione naturale e mantenendo le formule prive di sostanze chimiche non necessarie. I prodotti non contengono conservanti aggressivi e sono privi di parabeni, ftalati e glutine, tutti chiaramente indicati sulla confezione trasparente dei lubrificanti. S8 aderisce a tutti gli standard e le normative europee per i prodotti per l&#39;igiene intima e offre un&#39;esperienza affidabile, sicura per il corpo e appagante per tutti gli amanti del piacere intimo.<\/p>\n","protected":false},"excerpt":{"rendered":"<p>La crema vaginale S8 ha una formula ringiovanente a doppia azione. La caffeina ritarda l&#39;invecchiamento cutaneo e rassoda la zona vaginale, mentre i lipopeptidi stimolano la circolazione sanguigna per una maggiore sensibilit\u00e0 e orgasmi pi\u00f9 intensi. Conservare in un luogo fresco e asciutto. Specifiche Dimensioni del prodotto 30 ml Lunghezza totale 10 cm Diametro inseribile [&hellip;]<\/p>\n","protected":false},"featured_media":3135,"comment_status":"open","ping_status":"closed","template":"","meta":[],"product_brand":[],"product_cat":[99],"product_tag":[],"class_list":{"0":"post-3136","1":"product","2":"type-product","3":"status-publish","4":"has-post-thumbnail","6":"product_cat-vagina-vergine","8":"first","9":"instock","10":"shipping-taxable","11":"purchasable","12":"product-type-simple"},"_cost_price":"","_links":{"self":[{"href":"https:\/\/shibasex.com\/index.php?rest_route=\/wp\/v2\/product\/3136","targetHints":{"allow":["GET"]}}],"collection":[{"href":"https:\/\/shibasex.com\/index.php?rest_route=\/wp\/v2\/product"}],"about":[{"href":"https:\/\/shibasex.com\/index.php?rest_route=\/wp\/v2\/types\/product"}],"replies":[{"embeddable":true,"href":"https:\/\/shibasex.com\/index.php?rest_route=%2Fwp%2Fv2%2Fcomments&post=3136"}],"wp:featuredmedia":[{"embeddable":true,"href":"https:\/\/shibasex.com\/index.php?rest_route=\/wp\/v2\/media\/3135"}],"wp:attachment":[{"href":"https:\/\/shibasex.com\/index.php?rest_route=%2Fwp%2Fv2%2Fmedia&parent=3136"}],"wp:term":[{"taxonomy":"product_brand","embeddable":true,"href":"https:\/\/shibasex.com\/index.php?rest_route=%2Fwp%2Fv2%2Fproduct_brand&post=3136"},{"taxonomy":"product_cat","embeddable":true,"href":"https:\/\/shibasex.com\/index.php?rest_route=%2Fwp%2Fv2%2Fproduct_cat&post=3136"},{"taxonomy":"product_tag","embeddable":true,"href":"https:\/\/shibasex.com\/index.php?rest_route=%2Fwp%2Fv2%2Fproduct_tag&post=3136"}],"curies":[{"name":"wp","href":"https:\/\/api.w.org\/{rel}","templated":true}]}}