{"id":3122,"date":"2026-03-23T08:42:45","date_gmt":"2026-03-23T08:42:45","guid":{"rendered":"https:\/\/shibasex.com\/?product=stimul8-s8-together-kit-coppia-2-x-30-ml"},"modified":"2026-03-23T08:42:47","modified_gmt":"2026-03-23T08:42:47","slug":"stimul8-s8-together-kit-coppia-2-x-30-ml","status":"publish","type":"product","link":"https:\/\/shibasex.com\/?product=stimul8-s8-together-kit-coppia-2-x-30-ml","title":{"rendered":"STIMUL8 &#8211; S8 TOGETHER KIT COPPIA 2 X 30 ML"},"content":{"rendered":"<p>Condividi il divertimento con il Together Kit di S8 Cerchi prodotti per l&#39;igiene intima da usare in coppia? Allora adorerai il nuovo Together Kit di S8. Questo set include il sensuale S8 Spark Clitoral Gel per lei e il S8 Delay Gel per lui. Combinati in un&#39;unica sessione di passione, Spark elettrizzer\u00e0 i sensi e le zone erogene femminili, mentre Delay gli permetter\u00e0 di andare pi\u00f9 forte e pi\u00f9 a lungo. Il duo perfetto, Spark e Delay sono una combinazione premium per le coppie che desiderano esplorare i propri desideri simultaneamente. Ecco perch\u00e9 S8 ha racchiuso le due formule in un unico set accattivante e di grande appeal come regalo.<\/p>\n<p> <u><em><strong>Specifiche<\/strong><\/em><\/u><\/p>\n<ul>\n<li> Dimensioni del prodotto 30 ml<\/li>\n<li> Testato per le allergie S\u00ec<\/li>\n<\/ul>\n<p> <u><em><strong>Ingredienti<\/strong><\/em><\/u><\/p>\n<p> Gel clitorideo S8 Spark &#8211; ACQUA, GLICERINA, GLICOLE PROPILENICO, OLIO DI RICINO IDROGENATO PEG-40, CARBOMER, PROFUMO (FRAGANZA), IDROSSIETLCELLULOSA, TROMETAMINA, METILPARABENE, ETILPARABENE, PROPILPARABENE, BUTILPARABENE, ISCBUTYLPARABEN, RESINA DI CAPSICUM FRUTESCENS, CI14720 (ROSSO ALIMENTARE 3) Gel ritardante per il pene S8 &#8211; ACQUA (ACQUA, GLICERINA, GLICOLE PENTILENICO, LAURETH-9, CARBOMER, IDROSSIDO DI SODIO, OLIO DI ERBA MENTHA SPICATA CRISPA)<\/p>\n<p> Questa linea di prodotti essenziali per l&#39;igiene intima S8 combina formule di alta qualit\u00e0 a un prezzo accessibile a tutti, rendendola una scelta con un ottimo rapporto qualit\u00e0-prezzo per il benessere erotico. S8 \u00e8 progettata per aumentare il piacere e migliorare l&#39;intimit\u00e0 in modo naturale e sicuro per il corpo. La collezione S8 offre prodotti per ogni gusto. Dai lubrificanti a base d&#39;acqua, a base di silicone, aromatizzati e ibridi, ai detergenti per sex toys e ai gel eccitanti: S8 ha tutto. Il fascino dei prodotti da farmacia S8 \u00e8 il pi\u00f9 &quot;naturale&quot; possibile, imitando la lubrificazione naturale e mantenendo le formule prive di sostanze chimiche non necessarie. I prodotti non contengono conservanti aggressivi e sono privi di parabeni, ftalati e glutine, tutti chiaramente indicati sulla confezione trasparente dei lubrificanti. S8 aderisce a tutti gli standard e le normative europee per i prodotti per l&#39;igiene intima e offre un&#39;esperienza affidabile, sicura per il corpo e appagante per tutti gli amanti del piacere intimo.<\/p>\n","protected":false},"excerpt":{"rendered":"<p>Condividi il divertimento con il Together Kit di S8 Cerchi prodotti per l&#39;igiene intima da usare in coppia? Allora adorerai il nuovo Together Kit di S8. Questo set include il sensuale S8 Spark Clitoral Gel per lei e il S8 Delay Gel per lui. Combinati in un&#39;unica sessione di passione, Spark elettrizzer\u00e0 i sensi e [&hellip;]<\/p>\n","protected":false},"featured_media":3121,"comment_status":"open","ping_status":"closed","template":"","meta":[],"product_brand":[],"product_cat":[96],"product_tag":[],"class_list":{"0":"post-3122","1":"product","2":"type-product","3":"status-publish","4":"has-post-thumbnail","6":"product_cat-kit-massaggio","8":"first","9":"instock","10":"shipping-taxable","11":"purchasable","12":"product-type-simple"},"_cost_price":"","_links":{"self":[{"href":"https:\/\/shibasex.com\/index.php?rest_route=\/wp\/v2\/product\/3122","targetHints":{"allow":["GET"]}}],"collection":[{"href":"https:\/\/shibasex.com\/index.php?rest_route=\/wp\/v2\/product"}],"about":[{"href":"https:\/\/shibasex.com\/index.php?rest_route=\/wp\/v2\/types\/product"}],"replies":[{"embeddable":true,"href":"https:\/\/shibasex.com\/index.php?rest_route=%2Fwp%2Fv2%2Fcomments&post=3122"}],"wp:featuredmedia":[{"embeddable":true,"href":"https:\/\/shibasex.com\/index.php?rest_route=\/wp\/v2\/media\/3121"}],"wp:attachment":[{"href":"https:\/\/shibasex.com\/index.php?rest_route=%2Fwp%2Fv2%2Fmedia&parent=3122"}],"wp:term":[{"taxonomy":"product_brand","embeddable":true,"href":"https:\/\/shibasex.com\/index.php?rest_route=%2Fwp%2Fv2%2Fproduct_brand&post=3122"},{"taxonomy":"product_cat","embeddable":true,"href":"https:\/\/shibasex.com\/index.php?rest_route=%2Fwp%2Fv2%2Fproduct_cat&post=3122"},{"taxonomy":"product_tag","embeddable":true,"href":"https:\/\/shibasex.com\/index.php?rest_route=%2Fwp%2Fv2%2Fproduct_tag&post=3122"}],"curies":[{"name":"wp","href":"https:\/\/api.w.org\/{rel}","templated":true}]}}