{"id":3106,"date":"2026-03-22T19:07:49","date_gmt":"2026-03-22T19:07:49","guid":{"rendered":"https:\/\/shibasex.com\/?product=bruma-xperience-kit-tentazione-dolce-americana-con-potenziatore-di-orgasmo"},"modified":"2026-03-22T19:07:49","modified_gmt":"2026-03-22T19:07:49","slug":"bruma-xperience-kit-tentazione-dolce-americana-con-potenziatore-di-orgasmo","status":"publish","type":"product","link":"https:\/\/shibasex.com\/?product=bruma-xperience-kit-tentazione-dolce-americana-con-potenziatore-di-orgasmo","title":{"rendered":"BRUMA XPERIENCE &#8211; KIT TENTAZIONE DOLCE AMERICANA CON POTENZIATORE DI ORGASMO"},"content":{"rendered":"<p>La dolcezza pi\u00f9 irresistibile diventa un&#39;esperienza intima. Questo pacchetto combina il gusto confortante di una torta americana con un gel stimolante che accende la pelle come un forno al momento giusto. Il lubrificante dolce, l&#39;olio caldo, la piuma maliziosa e la benda in raso creano l&#39;atmosfera perfetta per una serata gustosa. Per chi ama il piacere di un dessert lento, caldo e condiviso.<\/p>\n<p> <u><strong>FOSCHIA<\/strong><\/u><\/p>\n<p> <strong>BRUMA<\/strong> \u00e8 un marchio leader nel mondo dei prodotti per adulti, riconosciuto per il suo impegno verso la qualit\u00e0 e la soddisfazione del cliente. Specializzata nella creazione di prodotti pensati per migliorare l&#39;intimit\u00e0 e il piacere nelle esperienze adulte, <strong>BRUMA<\/strong> si \u00e8 guadagnata una reputazione per la sua attenzione all&#39;innovazione e all&#39;eccellenza.<\/p>\n<p> L&#39;Ultra Slip Gel di <strong>BRUMA<\/strong> incarna l&#39;impegno del marchio nel fornire soluzioni intime di qualit\u00e0 superiore. Questo gel \u00e8 accuratamente formulato per offrire una lubrificazione eccezionalmente fluida e duratura, migliorando il comfort e la connessione nei momenti pi\u00f9 intimi.<\/p>\n<p> Con <strong>BRUMA<\/strong> , puoi essere certa di scegliere prodotti di alta qualit\u00e0, pensati per migliorare il tuo benessere intimo. Che tu stia vivendo avventure da sola o in coppia, il gel ultra-scorrevole di <strong>BRUMA<\/strong> offre un&#39;esperienza unica, fluida e scorrevole, che ti permetter\u00e0 di godere appieno dei tuoi momenti sensuali.<\/p>\n","protected":false},"excerpt":{"rendered":"<p>La dolcezza pi\u00f9 irresistibile diventa un&#39;esperienza intima. Questo pacchetto combina il gusto confortante di una torta americana con un gel stimolante che accende la pelle come un forno al momento giusto. Il lubrificante dolce, l&#39;olio caldo, la piuma maliziosa e la benda in raso creano l&#39;atmosfera perfetta per una serata gustosa. Per chi ama il [&hellip;]<\/p>\n","protected":false},"featured_media":3105,"comment_status":"open","ping_status":"closed","template":"","meta":[],"product_brand":[],"product_cat":[96],"product_tag":[],"class_list":{"0":"post-3106","1":"product","2":"type-product","3":"status-publish","4":"has-post-thumbnail","6":"product_cat-kit-massaggio","8":"first","9":"instock","10":"shipping-taxable","11":"purchasable","12":"product-type-simple"},"_cost_price":"","_links":{"self":[{"href":"https:\/\/shibasex.com\/index.php?rest_route=\/wp\/v2\/product\/3106","targetHints":{"allow":["GET"]}}],"collection":[{"href":"https:\/\/shibasex.com\/index.php?rest_route=\/wp\/v2\/product"}],"about":[{"href":"https:\/\/shibasex.com\/index.php?rest_route=\/wp\/v2\/types\/product"}],"replies":[{"embeddable":true,"href":"https:\/\/shibasex.com\/index.php?rest_route=%2Fwp%2Fv2%2Fcomments&post=3106"}],"wp:featuredmedia":[{"embeddable":true,"href":"https:\/\/shibasex.com\/index.php?rest_route=\/wp\/v2\/media\/3105"}],"wp:attachment":[{"href":"https:\/\/shibasex.com\/index.php?rest_route=%2Fwp%2Fv2%2Fmedia&parent=3106"}],"wp:term":[{"taxonomy":"product_brand","embeddable":true,"href":"https:\/\/shibasex.com\/index.php?rest_route=%2Fwp%2Fv2%2Fproduct_brand&post=3106"},{"taxonomy":"product_cat","embeddable":true,"href":"https:\/\/shibasex.com\/index.php?rest_route=%2Fwp%2Fv2%2Fproduct_cat&post=3106"},{"taxonomy":"product_tag","embeddable":true,"href":"https:\/\/shibasex.com\/index.php?rest_route=%2Fwp%2Fv2%2Fproduct_tag&post=3106"}],"curies":[{"name":"wp","href":"https:\/\/api.w.org\/{rel}","templated":true}]}}