{"id":2978,"date":"2026-03-22T11:23:32","date_gmt":"2026-03-22T11:23:32","guid":{"rendered":"https:\/\/shivasex.site.geonovation.tech\/?product=stimul8-s8-vitalize-olio-per-massaggio-erotico-lime-50-ml"},"modified":"2026-03-22T11:23:32","modified_gmt":"2026-03-22T11:23:32","slug":"stimul8-s8-vitalize-olio-per-massaggio-erotico-lime-50-ml","status":"publish","type":"product","link":"https:\/\/shibasex.com\/?product=stimul8-s8-vitalize-olio-per-massaggio-erotico-lime-50-ml","title":{"rendered":"STIMUL8 &#8211; S8 VITALIZE OLIO PER MASSAGGIO EROTICO LIME 50 ML"},"content":{"rendered":"<p>Questi ricchi oli da massaggio S8 sono una miscela unica di 3 oli potenti: olio di jojoba che lenisce e rinforza la pelle, olio di mandorle per idratare e nutrire e olio di sesamo altamente nutriente e lubrificante. Questo olio S8 \u00e8 arricchito con vitamine e minerali essenziali. Dopo un buon massaggio, la pelle risulter\u00e0 setosa, liscia e rilassata. Sono disponibili 3 diverse profumazioni: Vitalize &#8211; Lime dell&#39;Oman e Zenzero Piccante, Relax &#8211; T\u00e8 Verde e Fiori di Lill\u00e0 e Refresh &#8211; Prugna Francese e Cotone Egiziano.<\/p>\n<p> <u><em><strong>Specifiche<\/strong><\/em><\/u><\/p>\n<ul>\n<li> Dimensioni del prodotto 50 ml<\/li>\n<li> Lunghezza totale 10 cm<\/li>\n<li> Diametro inseribile \u00d8 3 cm<\/li>\n<li> Durata di conservazione dopo l&#39;apertura 6M<\/li>\n<li> Testato per le allergie S\u00ec<\/li>\n<li> Senza glutine S\u00ec<\/li>\n<li> Senza parabeni S\u00ec<\/li>\n<li> Senza zucchero S\u00ec<\/li>\n<\/ul>\n<p> <u><em><strong>Ingredienti<\/strong><\/em><\/u><\/p>\n<p> OLIO DI SEMI DI SESAMUM INDICUM, OLIO DI PRUNUS AMYGDALUS DULCIS, OLIO DI SEMI DI SIMMONDSIA CHINENSIS, OLIO PROFUMATO, CITRAL, LIMONENE, LINALOLO, GERANIOLO, HEXYL CINNAMAL, CITRONELLOLO, EUGENOLO, FARNESOLO<\/p>\n<p> Questa linea di prodotti essenziali per l&#39;igiene intima S8 combina formule di alta qualit\u00e0 a un prezzo accessibile a tutti, rendendola una scelta con un ottimo rapporto qualit\u00e0-prezzo per il benessere erotico. S8 \u00e8 progettata per aumentare il piacere e migliorare l&#39;intimit\u00e0 in modo naturale e sicuro per il corpo. La collezione S8 offre prodotti per ogni gusto. Dai lubrificanti a base d&#39;acqua, a base di silicone, aromatizzati e ibridi, ai detergenti per sex toys e ai gel eccitanti: S8 ha tutto. Il fascino dei prodotti da farmacia S8 \u00e8 il pi\u00f9 &quot;naturale&quot; possibile, imitando la lubrificazione naturale e mantenendo le formule prive di sostanze chimiche non necessarie. I prodotti non contengono conservanti aggressivi e sono privi di parabeni, ftalati e glutine, tutti chiaramente indicati sulla confezione trasparente dei lubrificanti. S8 aderisce a tutti gli standard e le normative europee per i prodotti per l&#39;igiene intima e offre un&#39;esperienza affidabile, sicura per il corpo e appagante per tutti gli amanti del piacere intimo.<\/p>\n","protected":false},"excerpt":{"rendered":"<p>Questi ricchi oli da massaggio S8 sono una miscela unica di 3 oli potenti: olio di jojoba che lenisce e rinforza la pelle, olio di mandorle per idratare e nutrire e olio di sesamo altamente nutriente e lubrificante. Questo olio S8 \u00e8 arricchito con vitamine e minerali essenziali. Dopo un buon massaggio, la pelle risulter\u00e0 [&hellip;]<\/p>\n","protected":false},"featured_media":2977,"comment_status":"open","ping_status":"closed","template":"","meta":[],"product_brand":[],"product_cat":[94],"product_tag":[],"class_list":{"0":"post-2978","1":"product","2":"type-product","3":"status-publish","4":"has-post-thumbnail","6":"product_cat-oli-aromatizzati","8":"first","9":"instock","10":"shipping-taxable","11":"purchasable","12":"product-type-simple"},"_cost_price":"","_links":{"self":[{"href":"https:\/\/shibasex.com\/index.php?rest_route=\/wp\/v2\/product\/2978","targetHints":{"allow":["GET"]}}],"collection":[{"href":"https:\/\/shibasex.com\/index.php?rest_route=\/wp\/v2\/product"}],"about":[{"href":"https:\/\/shibasex.com\/index.php?rest_route=\/wp\/v2\/types\/product"}],"replies":[{"embeddable":true,"href":"https:\/\/shibasex.com\/index.php?rest_route=%2Fwp%2Fv2%2Fcomments&post=2978"}],"wp:featuredmedia":[{"embeddable":true,"href":"https:\/\/shibasex.com\/index.php?rest_route=\/wp\/v2\/media\/2977"}],"wp:attachment":[{"href":"https:\/\/shibasex.com\/index.php?rest_route=%2Fwp%2Fv2%2Fmedia&parent=2978"}],"wp:term":[{"taxonomy":"product_brand","embeddable":true,"href":"https:\/\/shibasex.com\/index.php?rest_route=%2Fwp%2Fv2%2Fproduct_brand&post=2978"},{"taxonomy":"product_cat","embeddable":true,"href":"https:\/\/shibasex.com\/index.php?rest_route=%2Fwp%2Fv2%2Fproduct_cat&post=2978"},{"taxonomy":"product_tag","embeddable":true,"href":"https:\/\/shibasex.com\/index.php?rest_route=%2Fwp%2Fv2%2Fproduct_tag&post=2978"}],"curies":[{"name":"wp","href":"https:\/\/api.w.org\/{rel}","templated":true}]}}