{"id":2827,"date":"2026-03-22T11:21:41","date_gmt":"2026-03-22T11:21:41","guid":{"rendered":"https:\/\/shivasex.site.geonovation.tech\/?product=stimul8-s8-lubrificante-allaloe-vera-125-ml"},"modified":"2026-03-22T11:21:41","modified_gmt":"2026-03-22T11:21:41","slug":"stimul8-s8-lubrificante-allaloe-vera-125-ml","status":"publish","type":"product","link":"https:\/\/shibasex.com\/?product=stimul8-s8-lubrificante-allaloe-vera-125-ml","title":{"rendered":"STIMUL8 &#8211; S8 LUBRIFICANTE ALL&#8217;ALOE VERA 125 ML"},"content":{"rendered":"<p>Il lubrificante premium a base d&#39;acqua all&#39;Aloe Vera di S8 \u00e8 la soluzione perfetta per chi cerca un lubrificante di qualit\u00e0 e sicuro per il corpo, per migliorare e nutrire l&#39;intimit\u00e0. Questa superba formula di S8 contiene composti speciali derivati dall&#39;Aloe Vera, noti per il loro effetto idratante. Questa scelta naturale in fatto di lubrificazione offre una scorrevolezza sensazionale, pur essendo completamente sicura e delicata sulle mucose che circondano le zone pi\u00f9 sensibili. Il lubrificante a base d&#39;acqua all&#39;Aloe Vera di S8 \u00e8 completamente privo di parabeni, ftalati, glutine, solfati e non contiene coloranti o conservanti aggressivi aggiunti, per un effetto completamente &quot;naturale&quot;. Il lubrificante a base d&#39;acqua all&#39;Aloe Vera di S8 \u00e8 inoltre conforme a tutte le attuali normative UE in materia di prodotti per l&#39;igiene intima e rappresenta un&#39;alternativa affidabile, competitiva e trasparente ad altre opzioni non approvate sul mercato.<\/p>\n<p> <u><em><strong>Specifiche<\/strong><\/em><\/u><\/p>\n<ul>\n<li> Dimensioni del prodotto 50 ml<\/li>\n<li> Lunghezza totale 12 cm<\/li>\n<li> Diametro inseribile \u00d8 3 cm<\/li>\n<li> Testato per le allergie S\u00ec<\/li>\n<li> Senza glutine S\u00ec<\/li>\n<li> Senza parabeni S\u00ec<\/li>\n<li> Senza zucchero S\u00ec<\/li>\n<li> A base d&#39;acqua S\u00ec<\/li>\n<\/ul>\n<p> <u><em><strong>Ingredienti<\/strong><\/em><\/u><\/p>\n<p> ACQUA, GLICOLE BUTILENICO, GLICOLE PROPILENICO, IDROSSIETILCELLULOSA, PANTENOLO, SUCCO DI FOGLIE DI ALOE BARBADENSIS, ACIDO LATTICO, SORBATO DI POTASSIO<\/p>\n<p> Questa linea di prodotti essenziali per l&#39;igiene intima S8 combina formule di alta qualit\u00e0 a un prezzo accessibile a tutti, rendendola una scelta con un ottimo rapporto qualit\u00e0-prezzo per il benessere erotico. S8 \u00e8 progettata per aumentare il piacere e migliorare l&#39;intimit\u00e0 in modo naturale e sicuro per il corpo. La collezione S8 offre prodotti per ogni gusto. Dai lubrificanti a base d&#39;acqua, a base di silicone, aromatizzati e ibridi, ai detergenti per sex toys e ai gel eccitanti: S8 ha tutto. Il fascino dei prodotti da farmacia S8 \u00e8 il pi\u00f9 &quot;naturale&quot; possibile, imitando la lubrificazione naturale e mantenendo le formule prive di sostanze chimiche non necessarie. I prodotti non contengono conservanti aggressivi e sono privi di parabeni, ftalati e glutine, tutti chiaramente indicati sulla confezione trasparente dei lubrificanti. S8 aderisce a tutti gli standard e le normative europee per i prodotti per l&#39;igiene intima e offre un&#39;esperienza affidabile, sicura per il corpo e appagante per tutti gli amanti del piacere intimo.<\/p>\n","protected":false},"excerpt":{"rendered":"<p>Il lubrificante premium a base d&#39;acqua all&#39;Aloe Vera di S8 \u00e8 la soluzione perfetta per chi cerca un lubrificante di qualit\u00e0 e sicuro per il corpo, per migliorare e nutrire l&#39;intimit\u00e0. Questa superba formula di S8 contiene composti speciali derivati dall&#39;Aloe Vera, noti per il loro effetto idratante. Questa scelta naturale in fatto di lubrificazione [&hellip;]<\/p>\n","protected":false},"featured_media":2826,"comment_status":"open","ping_status":"closed","template":"","meta":[],"product_brand":[],"product_cat":[90],"product_tag":[],"class_list":{"0":"post-2827","1":"product","2":"type-product","3":"status-publish","4":"has-post-thumbnail","6":"product_cat-con-gusti-deliziosi","8":"first","9":"instock","10":"shipping-taxable","11":"purchasable","12":"product-type-simple"},"_cost_price":"","_links":{"self":[{"href":"https:\/\/shibasex.com\/index.php?rest_route=\/wp\/v2\/product\/2827","targetHints":{"allow":["GET"]}}],"collection":[{"href":"https:\/\/shibasex.com\/index.php?rest_route=\/wp\/v2\/product"}],"about":[{"href":"https:\/\/shibasex.com\/index.php?rest_route=\/wp\/v2\/types\/product"}],"replies":[{"embeddable":true,"href":"https:\/\/shibasex.com\/index.php?rest_route=%2Fwp%2Fv2%2Fcomments&post=2827"}],"wp:featuredmedia":[{"embeddable":true,"href":"https:\/\/shibasex.com\/index.php?rest_route=\/wp\/v2\/media\/2826"}],"wp:attachment":[{"href":"https:\/\/shibasex.com\/index.php?rest_route=%2Fwp%2Fv2%2Fmedia&parent=2827"}],"wp:term":[{"taxonomy":"product_brand","embeddable":true,"href":"https:\/\/shibasex.com\/index.php?rest_route=%2Fwp%2Fv2%2Fproduct_brand&post=2827"},{"taxonomy":"product_cat","embeddable":true,"href":"https:\/\/shibasex.com\/index.php?rest_route=%2Fwp%2Fv2%2Fproduct_cat&post=2827"},{"taxonomy":"product_tag","embeddable":true,"href":"https:\/\/shibasex.com\/index.php?rest_route=%2Fwp%2Fv2%2Fproduct_tag&post=2827"}],"curies":[{"name":"wp","href":"https:\/\/api.w.org\/{rel}","templated":true}]}}