{"id":2760,"date":"2026-03-22T11:20:56","date_gmt":"2026-03-22T11:20:56","guid":{"rendered":"https:\/\/shivasex.site.geonovation.tech\/?product=skins-superslide-lubrificante-a-base-di-silicone-130-ml"},"modified":"2026-03-22T11:20:56","modified_gmt":"2026-03-22T11:20:56","slug":"skins-superslide-lubrificante-a-base-di-silicone-130-ml","status":"publish","type":"product","link":"https:\/\/shibasex.com\/?product=skins-superslide-lubrificante-a-base-di-silicone-130-ml","title":{"rendered":"SKINS &#8211; SUPERSLIDE LUBRIFICANTE A BASE DI SILICONE 130 ML"},"content":{"rendered":"<p>Scivola dentro qualcuno pi\u00f9 comodamente con il lubrificante 3 in 1 definitivo a base di silicone. Superslide \u00e8 realizzato con silicone di altissima qualit\u00e0, che lo rende leggero e scorrevole, ma offre tutta la resistenza di cui hai bisogno. Superslide lubrifica anche sott&#39;acqua, quindi puoi usarlo sotto la doccia o nella vasca da bagno per un divertimento extra. Con innumerevoli usi sia dentro che fuori dalla camera da letto, otterrai sicuramente un ottimo rapporto qualit\u00e0-prezzo grazie alla sua formula altamente concentrata, a lunga durata e lussuosa.<\/p>\n<p> <u><strong>CARATTERISTICHE<\/strong><\/u> :<\/p>\n<ul>\n<li> Lubrificante ultra-duraturo, impermeabile, leggero e setoso<\/li>\n<li> Lozione per massaggi sensuali senza profumo<\/li>\n<li> Crema idratante suprema per la pelle<\/li>\n<li> Super concentrato: ne basta poco per un lungo cammino<\/li>\n<li> Garantito che non diventer\u00e0 mai appiccicoso<\/li>\n<li> Sicuro per il lattice<\/li>\n<li> Formula limpida e inodore<\/li>\n<\/ul>\n<p> Skins Superslide contiene lubrificante al silicone puro al 100%, che gli conferisce una longevit\u00e0 eccezionale. Il silicone non danneggia il lattice ed \u00e8 completamente sicuro per uso interno, poich\u00e9 le sue molecole sono troppo grandi per penetrare la pelle o le mucose. Ricorda di non usare il silicone con giocattoli in silicone. I re dei lubrificanti, i lubrificanti a base di silicone mantengono le loro propriet\u00e0 lubrificanti meglio e pi\u00f9 a lungo rispetto ai lubrificanti a base d&#39;acqua, e sono altamente concentrati, quindi ne basta una piccola quantit\u00e0. Sono completamente impermeabili, il che li rende ideali per l&#39;uso sotto la doccia e nella vasca idromassaggio.<\/p>\n","protected":false},"excerpt":{"rendered":"<p>Scivola dentro qualcuno pi\u00f9 comodamente con il lubrificante 3 in 1 definitivo a base di silicone. Superslide \u00e8 realizzato con silicone di altissima qualit\u00e0, che lo rende leggero e scorrevole, ma offre tutta la resistenza di cui hai bisogno. Superslide lubrifica anche sott&#39;acqua, quindi puoi usarlo sotto la doccia o nella vasca da bagno per [&hellip;]<\/p>\n","protected":false},"featured_media":2759,"comment_status":"open","ping_status":"closed","template":"","meta":[],"product_brand":[],"product_cat":[89],"product_tag":[],"class_list":{"0":"post-2760","1":"product","2":"type-product","3":"status-publish","4":"has-post-thumbnail","6":"product_cat-a-base-di-silicone","8":"first","9":"instock","10":"shipping-taxable","11":"purchasable","12":"product-type-simple"},"_cost_price":"","_links":{"self":[{"href":"https:\/\/shibasex.com\/index.php?rest_route=\/wp\/v2\/product\/2760","targetHints":{"allow":["GET"]}}],"collection":[{"href":"https:\/\/shibasex.com\/index.php?rest_route=\/wp\/v2\/product"}],"about":[{"href":"https:\/\/shibasex.com\/index.php?rest_route=\/wp\/v2\/types\/product"}],"replies":[{"embeddable":true,"href":"https:\/\/shibasex.com\/index.php?rest_route=%2Fwp%2Fv2%2Fcomments&post=2760"}],"wp:featuredmedia":[{"embeddable":true,"href":"https:\/\/shibasex.com\/index.php?rest_route=\/wp\/v2\/media\/2759"}],"wp:attachment":[{"href":"https:\/\/shibasex.com\/index.php?rest_route=%2Fwp%2Fv2%2Fmedia&parent=2760"}],"wp:term":[{"taxonomy":"product_brand","embeddable":true,"href":"https:\/\/shibasex.com\/index.php?rest_route=%2Fwp%2Fv2%2Fproduct_brand&post=2760"},{"taxonomy":"product_cat","embeddable":true,"href":"https:\/\/shibasex.com\/index.php?rest_route=%2Fwp%2Fv2%2Fproduct_cat&post=2760"},{"taxonomy":"product_tag","embeddable":true,"href":"https:\/\/shibasex.com\/index.php?rest_route=%2Fwp%2Fv2%2Fproduct_tag&post=2760"}],"curies":[{"name":"wp","href":"https:\/\/api.w.org\/{rel}","templated":true}]}}